{"id":883,"date":"2022-10-31T20:07:18","date_gmt":"2022-10-31T23:07:18","guid":{"rendered":"https:\/\/promocaododia.com.br\/site\/?post_type=product&#038;p=883"},"modified":"2022-10-31T20:07:18","modified_gmt":"2022-10-31T23:07:18","slug":"cadeira-gamer-xt-racer-reclinavel-giratoria-preto-extreme-series-limited","status":"publish","type":"product","link":"https:\/\/promocaododia.com.br\/site\/produto\/cadeira-gamer-xt-racer-reclinavel-giratoria-preto-extreme-series-limited\/","title":{"rendered":"Cadeira Gamer XT Racer Reclin\u00e1vel Girat\u00f3ria &#8211; Preto Extreme Series Limited"},"content":{"rendered":"<p>Se voc\u00ea gosta de passar horas em frente ao computador jogando, sabe que \u00e9 necess\u00e1rio ter uma cadeira de qualidade e que tamb\u00e9m seja adequada para esses momentos de lazer, n\u00e3o \u00e9 mesmo? Pensando nisso, a XT Racer traz a cadeira gamer Extreme Series Limited, dispon\u00edvel na cor preta, trazendo m\u00e1ximo conforto e ergonomia para voc\u00ea. Ela \u00e9 girat\u00f3ria, possui ajuste de altura, design anat\u00f4mico, \u00e9 reclin\u00e1vel e conta com inclina\u00e7\u00e3o de at\u00e9 150\u00b0. Possui bra\u00e7os regul\u00e1veis em 4 dimens\u00f5es e para facilitar a sua montagem, acompanha manual de instru\u00e7\u00f5es.<\/p>\n","protected":false},"excerpt":{"rendered":"<p>Se voc\u00ea gosta de passar horas em frente ao computador jogando, sabe que \u00e9 necess\u00e1rio ter uma cadeira de qualidade e que tamb\u00e9m seja adequada para esses momentos de lazer, n\u00e3o \u00e9 mesmo? Pensando nisso, a XT Racer traz a cadeira gamer Extreme Series Limited, dispon\u00edvel na cor preta, trazendo m\u00e1ximo conforto e ergonomia para voc\u00ea. Ela \u00e9 girat\u00f3ria, possui ajuste de altura, design anat\u00f4mico, \u00e9 reclin\u00e1vel e conta com inclina\u00e7\u00e3o de at\u00e9 150\u00b0. Possui bra\u00e7os regul\u00e1veis em 4 dimens\u00f5es e para facilitar a sua montagem, acompanha manual de instru\u00e7\u00f5es.<\/p>\n","protected":false},"featured_media":884,"template":"","meta":{"_uag_custom_page_level_css":"","site-sidebar-layout":"default","site-content-layout":"default","ast-site-content-layout":"default","site-content-style":"default","site-sidebar-style":"default","ast-global-header-display":"","ast-banner-title-visibility":"","ast-main-header-display":"","ast-hfb-above-header-display":"","ast-hfb-below-header-display":"","ast-hfb-mobile-header-display":"","site-post-title":"","ast-breadcrumbs-content":"","ast-featured-img":"","footer-sml-layout":"","theme-transparent-header-meta":"default","adv-header-id-meta":"","stick-header-meta":"","header-above-stick-meta":"","header-main-stick-meta":"","header-below-stick-meta":"","astra-migrate-meta-layouts":"default","ast-page-background-enabled":"default","ast-page-background-meta":{"desktop":{"background-color":"","background-image":"","background-repeat":"repeat","background-position":"center center","background-size":"auto","background-attachment":"scroll","background-type":"","background-media":"","overlay-type":"","overlay-color":"","overlay-opacity":"","overlay-gradient":""},"tablet":{"background-color":"","background-image":"","background-repeat":"repeat","background-position":"center center","background-size":"auto","background-attachment":"scroll","background-type":"","background-media":"","overlay-type":"","overlay-color":"","overlay-opacity":"","overlay-gradient":""},"mobile":{"background-color":"","background-image":"","background-repeat":"repeat","background-position":"center center","background-size":"auto","background-attachment":"scroll","background-type":"","background-media":"","overlay-type":"","overlay-color":"","overlay-opacity":"","overlay-gradient":""}},"ast-content-background-meta":{"desktop":{"background-color":"var(--ast-global-color-5)","background-image":"","background-repeat":"repeat","background-position":"center center","background-size":"auto","background-attachment":"scroll","background-type":"","background-media":"","overlay-type":"","overlay-color":"","overlay-opacity":"","overlay-gradient":""},"tablet":{"background-color":"var(--ast-global-color-5)","background-image":"","background-repeat":"repeat","background-position":"center center","background-size":"auto","background-attachment":"scroll","background-type":"","background-media":"","overlay-type":"","overlay-color":"","overlay-opacity":"","overlay-gradient":""},"mobile":{"background-color":"var(--ast-global-color-5)","background-image":"","background-repeat":"repeat","background-position":"center center","background-size":"auto","background-attachment":"scroll","background-type":"","background-media":"","overlay-type":"","overlay-color":"","overlay-opacity":"","overlay-gradient":""}}},"product_brand":[],"product_cat":[45,44],"product_tag":[387,388,391,389,390],"class_list":{"0":"post-883","1":"product","2":"type-product","3":"status-publish","4":"has-post-thumbnail","6":"product_cat-escritorio","7":"product_cat-moveis","8":"product_tag-cadeira","9":"product_tag-cadeira-gamer","10":"product_tag-giratoria","11":"product_tag-racer","12":"product_tag-reclinavel","13":"desktop-align-center","14":"tablet-align-left","15":"mobile-align-center","17":"first","18":"instock","19":"shipping-taxable","20":"product-type-external"},"uagb_featured_image_src":{"full":["https:\/\/promocaododia.com.br\/site\/wp-content\/uploads\/2022\/10\/Cadeira-Gamer-XT-Racer-Reclinavel-Giratoria-Preto-Extreme-Series-Limited.jpg",600,600,false],"thumbnail":["https:\/\/promocaododia.com.br\/site\/wp-content\/uploads\/2022\/10\/Cadeira-Gamer-XT-Racer-Reclinavel-Giratoria-Preto-Extreme-Series-Limited-150x150.jpg",150,150,true],"medium":["https:\/\/promocaododia.com.br\/site\/wp-content\/uploads\/2022\/10\/Cadeira-Gamer-XT-Racer-Reclinavel-Giratoria-Preto-Extreme-Series-Limited-300x300.jpg",300,300,true],"medium_large":["https:\/\/promocaododia.com.br\/site\/wp-content\/uploads\/2022\/10\/Cadeira-Gamer-XT-Racer-Reclinavel-Giratoria-Preto-Extreme-Series-Limited.jpg",600,600,false],"large":["https:\/\/promocaododia.com.br\/site\/wp-content\/uploads\/2022\/10\/Cadeira-Gamer-XT-Racer-Reclinavel-Giratoria-Preto-Extreme-Series-Limited.jpg",600,600,false],"1536x1536":["https:\/\/promocaododia.com.br\/site\/wp-content\/uploads\/2022\/10\/Cadeira-Gamer-XT-Racer-Reclinavel-Giratoria-Preto-Extreme-Series-Limited.jpg",600,600,false],"2048x2048":["https:\/\/promocaododia.com.br\/site\/wp-content\/uploads\/2022\/10\/Cadeira-Gamer-XT-Racer-Reclinavel-Giratoria-Preto-Extreme-Series-Limited.jpg",600,600,false],"woocommerce_thumbnail":["https:\/\/promocaododia.com.br\/site\/wp-content\/uploads\/2022\/10\/Cadeira-Gamer-XT-Racer-Reclinavel-Giratoria-Preto-Extreme-Series-Limited-250x250.jpg",250,250,true],"woocommerce_single":["https:\/\/promocaododia.com.br\/site\/wp-content\/uploads\/2022\/10\/Cadeira-Gamer-XT-Racer-Reclinavel-Giratoria-Preto-Extreme-Series-Limited-250x250.jpg",250,250,true],"woocommerce_gallery_thumbnail":["https:\/\/promocaododia.com.br\/site\/wp-content\/uploads\/2022\/10\/Cadeira-Gamer-XT-Racer-Reclinavel-Giratoria-Preto-Extreme-Series-Limited-100x100.jpg",100,100,true]},"uagb_author_info":{"display_name":"danilo.gbr","author_link":"https:\/\/promocaododia.com.br\/site\/author\/"},"uagb_comment_info":0,"uagb_excerpt":"Se voc\u00ea gosta de passar horas em frente ao computador jogando, sabe que \u00e9 necess\u00e1rio ter uma cadeira de qualidade e que tamb\u00e9m seja adequada para esses momentos de lazer, n\u00e3o \u00e9 mesmo? Pensando nisso, a XT Racer traz a cadeira gamer Extreme Series Limited, dispon\u00edvel na cor preta, trazendo m\u00e1ximo conforto e ergonomia para&hellip;","_links":{"self":[{"href":"https:\/\/promocaododia.com.br\/site\/wp-json\/wp\/v2\/product\/883","targetHints":{"allow":["GET"]}}],"collection":[{"href":"https:\/\/promocaododia.com.br\/site\/wp-json\/wp\/v2\/product"}],"about":[{"href":"https:\/\/promocaododia.com.br\/site\/wp-json\/wp\/v2\/types\/product"}],"wp:featuredmedia":[{"embeddable":true,"href":"https:\/\/promocaododia.com.br\/site\/wp-json\/wp\/v2\/media\/884"}],"wp:attachment":[{"href":"https:\/\/promocaododia.com.br\/site\/wp-json\/wp\/v2\/media?parent=883"}],"wp:term":[{"taxonomy":"product_brand","embeddable":true,"href":"https:\/\/promocaododia.com.br\/site\/wp-json\/wp\/v2\/product_brand?post=883"},{"taxonomy":"product_cat","embeddable":true,"href":"https:\/\/promocaododia.com.br\/site\/wp-json\/wp\/v2\/product_cat?post=883"},{"taxonomy":"product_tag","embeddable":true,"href":"https:\/\/promocaododia.com.br\/site\/wp-json\/wp\/v2\/product_tag?post=883"}],"curies":[{"name":"wp","href":"https:\/\/api.w.org\/{rel}","templated":true}]}}