{"id":885,"date":"2022-10-31T20:14:46","date_gmt":"2022-10-31T23:14:46","guid":{"rendered":"https:\/\/promocaododia.com.br\/site\/?post_type=product&#038;p=885"},"modified":"2022-10-31T20:15:51","modified_gmt":"2022-10-31T23:15:51","slug":"churrasqueira-eletrica-grill-menu-cadence-preto","status":"publish","type":"product","link":"https:\/\/promocaododia.com.br\/site\/produto\/churrasqueira-eletrica-grill-menu-cadence-preto\/","title":{"rendered":"Churrasqueira El\u00e9trica Grill Menu, Cadence, Preto"},"content":{"rendered":"<ul class=\"a-unordered-list a-vertical a-spacing-mini\">\n<li><span class=\"a-list-item\">2000w (220v) e 1800w (127v); assa e grelha carnes, legumes e hamb\u00fargueres de maneira r\u00e1pida e pr\u00e1tica<\/span><\/li>\n<li><span class=\"a-list-item\">Termostato cont\u00ednuo<\/span><\/li>\n<li><span class=\"a-list-item\">Temperatura m\u00ednima de 50\u00bac a 100\u00bac e m\u00e1xima entre 210\u00bac a 250\u00bac<\/span><\/li>\n<li><span class=\"a-list-item\">F\u00e1cil de usar j\u00e1 no primeiro churrasco, com indica\u00e7\u00e3o no produto do tempo para cada tipo de alimento<\/span><\/li>\n<li><span class=\"a-list-item\">Com al\u00e7as laterais para transportar, tamb\u00e9m possui bandeja coletora de gordura, indicador do n\u00edvel de \u00e1gua e ajuste de altura na grelha<\/span><\/li>\n<\/ul>\n","protected":false},"excerpt":{"rendered":"<p>2000w (220v) e 1800w (127v); assa e grelha carnes, legumes e hamb\u00fargueres de maneira r\u00e1pida e pr\u00e1tica Termostato cont\u00ednuo Temperatura m\u00ednima de 50\u00bac a 100\u00bac e m\u00e1xima entre 210\u00bac a 250\u00bac F\u00e1cil de usar j\u00e1 no primeiro churrasco, com indica\u00e7\u00e3o no produto do tempo para cada tipo de alimento Com al\u00e7as laterais para transportar, tamb\u00e9m possui bandeja coletora de gordura, indicador do n\u00edvel de \u00e1gua e ajuste de altura na grelha<\/p>\n","protected":false},"featured_media":887,"template":"","meta":{"_uag_custom_page_level_css":"","site-sidebar-layout":"default","site-content-layout":"default","ast-site-content-layout":"default","site-content-style":"default","site-sidebar-style":"default","ast-global-header-display":"","ast-banner-title-visibility":"","ast-main-header-display":"","ast-hfb-above-header-display":"","ast-hfb-below-header-display":"","ast-hfb-mobile-header-display":"","site-post-title":"","ast-breadcrumbs-content":"","ast-featured-img":"","footer-sml-layout":"","theme-transparent-header-meta":"default","adv-header-id-meta":"","stick-header-meta":"","header-above-stick-meta":"","header-main-stick-meta":"","header-below-stick-meta":"","astra-migrate-meta-layouts":"default","ast-page-background-enabled":"default","ast-page-background-meta":{"desktop":{"background-color":"","background-image":"","background-repeat":"repeat","background-position":"center center","background-size":"auto","background-attachment":"scroll","background-type":"","background-media":"","overlay-type":"","overlay-color":"","overlay-opacity":"","overlay-gradient":""},"tablet":{"background-color":"","background-image":"","background-repeat":"repeat","background-position":"center center","background-size":"auto","background-attachment":"scroll","background-type":"","background-media":"","overlay-type":"","overlay-color":"","overlay-opacity":"","overlay-gradient":""},"mobile":{"background-color":"","background-image":"","background-repeat":"repeat","background-position":"center center","background-size":"auto","background-attachment":"scroll","background-type":"","background-media":"","overlay-type":"","overlay-color":"","overlay-opacity":"","overlay-gradient":""}},"ast-content-background-meta":{"desktop":{"background-color":"var(--ast-global-color-5)","background-image":"","background-repeat":"repeat","background-position":"center center","background-size":"auto","background-attachment":"scroll","background-type":"","background-media":"","overlay-type":"","overlay-color":"","overlay-opacity":"","overlay-gradient":""},"tablet":{"background-color":"var(--ast-global-color-5)","background-image":"","background-repeat":"repeat","background-position":"center center","background-size":"auto","background-attachment":"scroll","background-type":"","background-media":"","overlay-type":"","overlay-color":"","overlay-opacity":"","overlay-gradient":""},"mobile":{"background-color":"var(--ast-global-color-5)","background-image":"","background-repeat":"repeat","background-position":"center center","background-size":"auto","background-attachment":"scroll","background-type":"","background-media":"","overlay-type":"","overlay-color":"","overlay-opacity":"","overlay-gradient":""}}},"product_brand":[],"product_cat":[392,28],"product_tag":[395,393,394,331],"class_list":{"0":"post-885","1":"product","2":"type-product","3":"status-publish","4":"has-post-thumbnail","6":"product_cat-churrasqueira","7":"product_cat-eletrodomesticos","8":"product_tag-cadense","9":"product_tag-churasqueira","10":"product_tag-churrasqueira-eletrica","11":"product_tag-grill","12":"desktop-align-center","13":"tablet-align-left","14":"mobile-align-center","16":"first","17":"instock","18":"sale","19":"shipping-taxable","20":"product-type-external"},"uagb_featured_image_src":{"full":["https:\/\/promocaododia.com.br\/site\/wp-content\/uploads\/2022\/10\/Churrasqueira-Eletrica-Grill-Menu-Cadence-Preto-1.jpg",600,600,false],"thumbnail":["https:\/\/promocaododia.com.br\/site\/wp-content\/uploads\/2022\/10\/Churrasqueira-Eletrica-Grill-Menu-Cadence-Preto-1-150x150.jpg",150,150,true],"medium":["https:\/\/promocaododia.com.br\/site\/wp-content\/uploads\/2022\/10\/Churrasqueira-Eletrica-Grill-Menu-Cadence-Preto-1-300x300.jpg",300,300,true],"medium_large":["https:\/\/promocaododia.com.br\/site\/wp-content\/uploads\/2022\/10\/Churrasqueira-Eletrica-Grill-Menu-Cadence-Preto-1.jpg",600,600,false],"large":["https:\/\/promocaododia.com.br\/site\/wp-content\/uploads\/2022\/10\/Churrasqueira-Eletrica-Grill-Menu-Cadence-Preto-1.jpg",600,600,false],"1536x1536":["https:\/\/promocaododia.com.br\/site\/wp-content\/uploads\/2022\/10\/Churrasqueira-Eletrica-Grill-Menu-Cadence-Preto-1.jpg",600,600,false],"2048x2048":["https:\/\/promocaododia.com.br\/site\/wp-content\/uploads\/2022\/10\/Churrasqueira-Eletrica-Grill-Menu-Cadence-Preto-1.jpg",600,600,false],"woocommerce_thumbnail":["https:\/\/promocaododia.com.br\/site\/wp-content\/uploads\/2022\/10\/Churrasqueira-Eletrica-Grill-Menu-Cadence-Preto-1-250x250.jpg",250,250,true],"woocommerce_single":["https:\/\/promocaododia.com.br\/site\/wp-content\/uploads\/2022\/10\/Churrasqueira-Eletrica-Grill-Menu-Cadence-Preto-1-250x250.jpg",250,250,true],"woocommerce_gallery_thumbnail":["https:\/\/promocaododia.com.br\/site\/wp-content\/uploads\/2022\/10\/Churrasqueira-Eletrica-Grill-Menu-Cadence-Preto-1-100x100.jpg",100,100,true]},"uagb_author_info":{"display_name":"danilo.gbr","author_link":"https:\/\/promocaododia.com.br\/site\/author\/"},"uagb_comment_info":0,"uagb_excerpt":"2000w (220v) e 1800w (127v); assa e grelha carnes, legumes e hamb\u00fargueres de maneira r\u00e1pida e pr\u00e1tica Termostato cont\u00ednuo Temperatura m\u00ednima de 50\u00bac a 100\u00bac e m\u00e1xima entre 210\u00bac a 250\u00bac F\u00e1cil de usar j\u00e1 no primeiro churrasco, com indica\u00e7\u00e3o no produto do tempo para cada tipo de alimento Com al\u00e7as laterais para transportar, tamb\u00e9m&hellip;","_links":{"self":[{"href":"https:\/\/promocaododia.com.br\/site\/wp-json\/wp\/v2\/product\/885","targetHints":{"allow":["GET"]}}],"collection":[{"href":"https:\/\/promocaododia.com.br\/site\/wp-json\/wp\/v2\/product"}],"about":[{"href":"https:\/\/promocaododia.com.br\/site\/wp-json\/wp\/v2\/types\/product"}],"wp:featuredmedia":[{"embeddable":true,"href":"https:\/\/promocaododia.com.br\/site\/wp-json\/wp\/v2\/media\/887"}],"wp:attachment":[{"href":"https:\/\/promocaododia.com.br\/site\/wp-json\/wp\/v2\/media?parent=885"}],"wp:term":[{"taxonomy":"product_brand","embeddable":true,"href":"https:\/\/promocaododia.com.br\/site\/wp-json\/wp\/v2\/product_brand?post=885"},{"taxonomy":"product_cat","embeddable":true,"href":"https:\/\/promocaododia.com.br\/site\/wp-json\/wp\/v2\/product_cat?post=885"},{"taxonomy":"product_tag","embeddable":true,"href":"https:\/\/promocaododia.com.br\/site\/wp-json\/wp\/v2\/product_tag?post=885"}],"curies":[{"name":"wp","href":"https:\/\/api.w.org\/{rel}","templated":true}]}}