{"id":900,"date":"2022-11-01T18:46:05","date_gmt":"2022-11-01T21:46:05","guid":{"rendered":"https:\/\/promocaododia.com.br\/site\/?post_type=product&#038;p=900"},"modified":"2022-11-01T18:46:05","modified_gmt":"2022-11-01T21:46:05","slug":"kit-de-pinceis-de-maquiagem-real-techniques-everyday-essentials-5-pecas","status":"publish","type":"product","link":"https:\/\/promocaododia.com.br\/site\/produto\/kit-de-pinceis-de-maquiagem-real-techniques-everyday-essentials-5-pecas\/","title":{"rendered":"Kit de Pinc\u00e9is de Maquiagem Real Techniques &#8211; Everyday Essentials 5 Pe\u00e7as"},"content":{"rendered":"<p>Cuidar com carinho do seu visual \u00e9 muito importante para melhorar sua autoestima e se sentir mais confiante e preparada para enfrentar todos os desafios do dia a dia. Para isso voc\u00ea pode contar com a ajuda do Kit de Pinc\u00e9is de Maquiagem Real Techniques Everyday Essentials, um conjunto indicado para uso profissional di\u00e1rio que permite criar v\u00e1rios tipos de maquiagem e dar um acabamento perfeito de acordo com seu estilo preferido. Este kit \u00e9 composto de 5 pe\u00e7as, sendo 1 pincel para aplicar blush, 1 pincel para contorno facial, 1 pincel para iluminar o rosto, 1 esponja para aplica\u00e7\u00e3o de bases e p\u00f3 e 1 pincel para aplica\u00e7\u00e3o de corretivo e sombra.<\/p>\n","protected":false},"excerpt":{"rendered":"<p>Cuidar com carinho do seu visual \u00e9 muito importante para melhorar sua autoestima e se sentir mais confiante e preparada para enfrentar todos os desafios do dia a dia. Para isso voc\u00ea pode contar com a ajuda do Kit de Pinc\u00e9is de Maquiagem Real Techniques Everyday Essentials, um conjunto indicado para uso profissional di\u00e1rio que permite criar v\u00e1rios tipos de maquiagem e dar um acabamento perfeito de acordo com seu estilo preferido. Este kit \u00e9 composto de 5 pe\u00e7as, sendo 1 pincel para aplicar blush, 1 pincel para contorno facial, 1 pincel para iluminar o rosto, 1 esponja para aplica\u00e7\u00e3o de bases e p\u00f3 e 1 pincel para aplica\u00e7\u00e3o de corretivo e sombra.<\/p>\n","protected":false},"featured_media":901,"template":"","meta":{"_uag_custom_page_level_css":"","site-sidebar-layout":"default","site-content-layout":"default","ast-site-content-layout":"default","site-content-style":"default","site-sidebar-style":"default","ast-global-header-display":"","ast-banner-title-visibility":"","ast-main-header-display":"","ast-hfb-above-header-display":"","ast-hfb-below-header-display":"","ast-hfb-mobile-header-display":"","site-post-title":"","ast-breadcrumbs-content":"","ast-featured-img":"","footer-sml-layout":"","theme-transparent-header-meta":"default","adv-header-id-meta":"","stick-header-meta":"","header-above-stick-meta":"","header-main-stick-meta":"","header-below-stick-meta":"","astra-migrate-meta-layouts":"default","ast-page-background-enabled":"default","ast-page-background-meta":{"desktop":{"background-color":"","background-image":"","background-repeat":"repeat","background-position":"center center","background-size":"auto","background-attachment":"scroll","background-type":"","background-media":"","overlay-type":"","overlay-color":"","overlay-opacity":"","overlay-gradient":""},"tablet":{"background-color":"","background-image":"","background-repeat":"repeat","background-position":"center center","background-size":"auto","background-attachment":"scroll","background-type":"","background-media":"","overlay-type":"","overlay-color":"","overlay-opacity":"","overlay-gradient":""},"mobile":{"background-color":"","background-image":"","background-repeat":"repeat","background-position":"center center","background-size":"auto","background-attachment":"scroll","background-type":"","background-media":"","overlay-type":"","overlay-color":"","overlay-opacity":"","overlay-gradient":""}},"ast-content-background-meta":{"desktop":{"background-color":"var(--ast-global-color-5)","background-image":"","background-repeat":"repeat","background-position":"center center","background-size":"auto","background-attachment":"scroll","background-type":"","background-media":"","overlay-type":"","overlay-color":"","overlay-opacity":"","overlay-gradient":""},"tablet":{"background-color":"var(--ast-global-color-5)","background-image":"","background-repeat":"repeat","background-position":"center center","background-size":"auto","background-attachment":"scroll","background-type":"","background-media":"","overlay-type":"","overlay-color":"","overlay-opacity":"","overlay-gradient":""},"mobile":{"background-color":"var(--ast-global-color-5)","background-image":"","background-repeat":"repeat","background-position":"center center","background-size":"auto","background-attachment":"scroll","background-type":"","background-media":"","overlay-type":"","overlay-color":"","overlay-opacity":"","overlay-gradient":""}}},"product_brand":[],"product_cat":[33,48],"product_tag":[100,182,405,99,101],"class_list":{"0":"post-900","1":"product","2":"type-product","3":"status-publish","4":"has-post-thumbnail","6":"product_cat-beleza-e-perfumaria","7":"product_cat-maquiagem","8":"product_tag-beleza","9":"product_tag-feminina","10":"product_tag-kit-de-pinceis","11":"product_tag-maquiagem","12":"product_tag-mulher","13":"desktop-align-center","14":"tablet-align-left","15":"mobile-align-center","17":"first","18":"instock","19":"sale","20":"shipping-taxable","21":"product-type-external"},"uagb_featured_image_src":{"full":["https:\/\/promocaododia.com.br\/site\/wp-content\/uploads\/2022\/11\/Kit-de-Pinceis-de-Maquiagem-Real-Techniques-Everyday-Essentials-5-Pecas.jpg",600,600,false],"thumbnail":["https:\/\/promocaododia.com.br\/site\/wp-content\/uploads\/2022\/11\/Kit-de-Pinceis-de-Maquiagem-Real-Techniques-Everyday-Essentials-5-Pecas-150x150.jpg",150,150,true],"medium":["https:\/\/promocaododia.com.br\/site\/wp-content\/uploads\/2022\/11\/Kit-de-Pinceis-de-Maquiagem-Real-Techniques-Everyday-Essentials-5-Pecas-300x300.jpg",300,300,true],"medium_large":["https:\/\/promocaododia.com.br\/site\/wp-content\/uploads\/2022\/11\/Kit-de-Pinceis-de-Maquiagem-Real-Techniques-Everyday-Essentials-5-Pecas.jpg",600,600,false],"large":["https:\/\/promocaododia.com.br\/site\/wp-content\/uploads\/2022\/11\/Kit-de-Pinceis-de-Maquiagem-Real-Techniques-Everyday-Essentials-5-Pecas.jpg",600,600,false],"1536x1536":["https:\/\/promocaododia.com.br\/site\/wp-content\/uploads\/2022\/11\/Kit-de-Pinceis-de-Maquiagem-Real-Techniques-Everyday-Essentials-5-Pecas.jpg",600,600,false],"2048x2048":["https:\/\/promocaododia.com.br\/site\/wp-content\/uploads\/2022\/11\/Kit-de-Pinceis-de-Maquiagem-Real-Techniques-Everyday-Essentials-5-Pecas.jpg",600,600,false],"woocommerce_thumbnail":["https:\/\/promocaododia.com.br\/site\/wp-content\/uploads\/2022\/11\/Kit-de-Pinceis-de-Maquiagem-Real-Techniques-Everyday-Essentials-5-Pecas-250x250.jpg",250,250,true],"woocommerce_single":["https:\/\/promocaododia.com.br\/site\/wp-content\/uploads\/2022\/11\/Kit-de-Pinceis-de-Maquiagem-Real-Techniques-Everyday-Essentials-5-Pecas-250x250.jpg",250,250,true],"woocommerce_gallery_thumbnail":["https:\/\/promocaododia.com.br\/site\/wp-content\/uploads\/2022\/11\/Kit-de-Pinceis-de-Maquiagem-Real-Techniques-Everyday-Essentials-5-Pecas-100x100.jpg",100,100,true]},"uagb_author_info":{"display_name":"danilo.gbr","author_link":"https:\/\/promocaododia.com.br\/site\/author\/"},"uagb_comment_info":0,"uagb_excerpt":"Cuidar com carinho do seu visual \u00e9 muito importante para melhorar sua autoestima e se sentir mais confiante e preparada para enfrentar todos os desafios do dia a dia. Para isso voc\u00ea pode contar com a ajuda do Kit de Pinc\u00e9is de Maquiagem Real Techniques Everyday Essentials, um conjunto indicado para uso profissional di\u00e1rio que&hellip;","_links":{"self":[{"href":"https:\/\/promocaododia.com.br\/site\/wp-json\/wp\/v2\/product\/900","targetHints":{"allow":["GET"]}}],"collection":[{"href":"https:\/\/promocaododia.com.br\/site\/wp-json\/wp\/v2\/product"}],"about":[{"href":"https:\/\/promocaododia.com.br\/site\/wp-json\/wp\/v2\/types\/product"}],"wp:featuredmedia":[{"embeddable":true,"href":"https:\/\/promocaododia.com.br\/site\/wp-json\/wp\/v2\/media\/901"}],"wp:attachment":[{"href":"https:\/\/promocaododia.com.br\/site\/wp-json\/wp\/v2\/media?parent=900"}],"wp:term":[{"taxonomy":"product_brand","embeddable":true,"href":"https:\/\/promocaododia.com.br\/site\/wp-json\/wp\/v2\/product_brand?post=900"},{"taxonomy":"product_cat","embeddable":true,"href":"https:\/\/promocaododia.com.br\/site\/wp-json\/wp\/v2\/product_cat?post=900"},{"taxonomy":"product_tag","embeddable":true,"href":"https:\/\/promocaododia.com.br\/site\/wp-json\/wp\/v2\/product_tag?post=900"}],"curies":[{"name":"wp","href":"https:\/\/api.w.org\/{rel}","templated":true}]}}