{"id":902,"date":"2022-11-01T18:53:02","date_gmt":"2022-11-01T21:53:02","guid":{"rendered":"https:\/\/promocaododia.com.br\/site\/?post_type=product&#038;p=902"},"modified":"2022-11-01T18:53:02","modified_gmt":"2022-11-01T21:53:02","slug":"album-de-figurinhas-copa-do-mundo-qatar-2022-com-10-pacotes-de-figurinhas-panini","status":"publish","type":"product","link":"https:\/\/promocaododia.com.br\/site\/produto\/album-de-figurinhas-copa-do-mundo-qatar-2022-com-10-pacotes-de-figurinhas-panini\/","title":{"rendered":"\u00c1lbum de Figurinhas Copa do Mundo Qatar 2022 com 10 Pacotes de Figurinhas Panini"},"content":{"rendered":"<p>A Copa do Mundo, a maior competi\u00e7\u00e3o de futebol que existe atualmente, \u00e9 organizada pela Fifa a cada quatro anos e tem o Brasil como o grande campe\u00e3o, com cinco t\u00edtulos, \u00e9 a \u00fanica sele\u00e7\u00e3o que participou em todas as edi\u00e7\u00f5es. A competi\u00e7\u00e3o foi criada pelo franc\u00eas Jules Rimet, em 1928, ap\u00f3s ter assumido o comando da institui\u00e7\u00e3o mais importante do futebol mundial: a FIFA (Federation International Football Association). A primeira edi\u00e7\u00e3o da Copa do Mundo foi realizada no Uruguai em 1930. E agora est\u00e1 chegando o t\u00e3o aguardado \u00e1lbum de figurinhas da Copa do Mundo 2022 da Panini Fifa World Cup Qatar 2022 com 10 envelopes de 5 figurinhas cada totalizando 50! Fique sabendo tudo sobre as 32 sele\u00e7\u00f5es que v\u00e3o participar desta edi\u00e7\u00e3o, conhe\u00e7a os est\u00e1dios, as cidades-sede, e fique de olho para n\u00e3o perder as figurinhas raras! A cole\u00e7\u00e3o est\u00e1 em pr\u00e9-venda e o \u00e1lbum tem capacidade para 670 figurinhas, sendo 50 especiais e mais 80 extras! Este \u00e9 um item para colecionar e guardar pra vida toda, haja cora\u00e7\u00e3o e que ven\u00e7a a melhor equipe.<\/p>\n","protected":false},"excerpt":{"rendered":"<p>A Copa do Mundo, a maior competi\u00e7\u00e3o de futebol que existe atualmente, \u00e9 organizada pela Fifa a cada quatro anos e tem o Brasil como o grande campe\u00e3o, com cinco t\u00edtulos, \u00e9 a \u00fanica sele\u00e7\u00e3o que participou em todas as edi\u00e7\u00f5es. A competi\u00e7\u00e3o foi criada pelo franc\u00eas Jules Rimet, em 1928, ap\u00f3s ter assumido o comando da institui\u00e7\u00e3o mais importante do futebol mundial: a FIFA (Federation International Football Association). A primeira edi\u00e7\u00e3o da Copa do Mundo foi realizada no Uruguai em 1930. E agora est\u00e1 chegando o t\u00e3o aguardado \u00e1lbum de figurinhas da Copa do Mundo 2022 da Panini Fifa World Cup Qatar 2022 com 10 envelopes de 5 figurinhas cada totalizando 50! Fique sabendo tudo sobre as 32 sele\u00e7\u00f5es que v\u00e3o participar desta edi\u00e7\u00e3o, conhe\u00e7a os est\u00e1dios, as cidades-sede, e fique de olho para n\u00e3o perder as figurinhas raras! A cole\u00e7\u00e3o est\u00e1 em pr\u00e9-venda e o \u00e1lbum tem capacidade para 670 figurinhas, sendo 50 especiais e mais 80 extras! Este \u00e9 um item para colecionar e guardar pra vida toda, haja cora\u00e7\u00e3o e que ven\u00e7a a melhor equipe.<\/p>\n","protected":false},"featured_media":903,"template":"","meta":{"_uag_custom_page_level_css":"","site-sidebar-layout":"default","site-content-layout":"default","ast-site-content-layout":"default","site-content-style":"default","site-sidebar-style":"default","ast-global-header-display":"","ast-banner-title-visibility":"","ast-main-header-display":"","ast-hfb-above-header-display":"","ast-hfb-below-header-display":"","ast-hfb-mobile-header-display":"","site-post-title":"","ast-breadcrumbs-content":"","ast-featured-img":"","footer-sml-layout":"","theme-transparent-header-meta":"default","adv-header-id-meta":"","stick-header-meta":"","header-above-stick-meta":"","header-main-stick-meta":"","header-below-stick-meta":"","astra-migrate-meta-layouts":"default","ast-page-background-enabled":"default","ast-page-background-meta":{"desktop":{"background-color":"","background-image":"","background-repeat":"repeat","background-position":"center center","background-size":"auto","background-attachment":"scroll","background-type":"","background-media":"","overlay-type":"","overlay-color":"","overlay-opacity":"","overlay-gradient":""},"tablet":{"background-color":"","background-image":"","background-repeat":"repeat","background-position":"center center","background-size":"auto","background-attachment":"scroll","background-type":"","background-media":"","overlay-type":"","overlay-color":"","overlay-opacity":"","overlay-gradient":""},"mobile":{"background-color":"","background-image":"","background-repeat":"repeat","background-position":"center center","background-size":"auto","background-attachment":"scroll","background-type":"","background-media":"","overlay-type":"","overlay-color":"","overlay-opacity":"","overlay-gradient":""}},"ast-content-background-meta":{"desktop":{"background-color":"var(--ast-global-color-5)","background-image":"","background-repeat":"repeat","background-position":"center center","background-size":"auto","background-attachment":"scroll","background-type":"","background-media":"","overlay-type":"","overlay-color":"","overlay-opacity":"","overlay-gradient":""},"tablet":{"background-color":"var(--ast-global-color-5)","background-image":"","background-repeat":"repeat","background-position":"center center","background-size":"auto","background-attachment":"scroll","background-type":"","background-media":"","overlay-type":"","overlay-color":"","overlay-opacity":"","overlay-gradient":""},"mobile":{"background-color":"var(--ast-global-color-5)","background-image":"","background-repeat":"repeat","background-position":"center center","background-size":"auto","background-attachment":"scroll","background-type":"","background-media":"","overlay-type":"","overlay-color":"","overlay-opacity":"","overlay-gradient":""}}},"product_brand":[],"product_cat":[50],"product_tag":[408,406,407],"class_list":{"0":"post-902","1":"product","2":"type-product","3":"status-publish","4":"has-post-thumbnail","6":"product_cat-aventura-e-lazer","7":"product_tag-album","8":"product_tag-copa-do-mundo","9":"product_tag-figurinhas","10":"desktop-align-center","11":"tablet-align-left","12":"mobile-align-center","14":"first","15":"instock","16":"shipping-taxable","17":"product-type-external"},"uagb_featured_image_src":{"full":["https:\/\/promocaododia.com.br\/site\/wp-content\/uploads\/2022\/11\/Album-de-Figurinhas-Copa-do-Mundo-Qatar-2022-com-10-Pacotes-de-Figurinhas-Panini.jpg",600,600,false],"thumbnail":["https:\/\/promocaododia.com.br\/site\/wp-content\/uploads\/2022\/11\/Album-de-Figurinhas-Copa-do-Mundo-Qatar-2022-com-10-Pacotes-de-Figurinhas-Panini-150x150.jpg",150,150,true],"medium":["https:\/\/promocaododia.com.br\/site\/wp-content\/uploads\/2022\/11\/Album-de-Figurinhas-Copa-do-Mundo-Qatar-2022-com-10-Pacotes-de-Figurinhas-Panini-300x300.jpg",300,300,true],"medium_large":["https:\/\/promocaododia.com.br\/site\/wp-content\/uploads\/2022\/11\/Album-de-Figurinhas-Copa-do-Mundo-Qatar-2022-com-10-Pacotes-de-Figurinhas-Panini.jpg",600,600,false],"large":["https:\/\/promocaododia.com.br\/site\/wp-content\/uploads\/2022\/11\/Album-de-Figurinhas-Copa-do-Mundo-Qatar-2022-com-10-Pacotes-de-Figurinhas-Panini.jpg",600,600,false],"1536x1536":["https:\/\/promocaododia.com.br\/site\/wp-content\/uploads\/2022\/11\/Album-de-Figurinhas-Copa-do-Mundo-Qatar-2022-com-10-Pacotes-de-Figurinhas-Panini.jpg",600,600,false],"2048x2048":["https:\/\/promocaododia.com.br\/site\/wp-content\/uploads\/2022\/11\/Album-de-Figurinhas-Copa-do-Mundo-Qatar-2022-com-10-Pacotes-de-Figurinhas-Panini.jpg",600,600,false],"woocommerce_thumbnail":["https:\/\/promocaododia.com.br\/site\/wp-content\/uploads\/2022\/11\/Album-de-Figurinhas-Copa-do-Mundo-Qatar-2022-com-10-Pacotes-de-Figurinhas-Panini-250x250.jpg",250,250,true],"woocommerce_single":["https:\/\/promocaododia.com.br\/site\/wp-content\/uploads\/2022\/11\/Album-de-Figurinhas-Copa-do-Mundo-Qatar-2022-com-10-Pacotes-de-Figurinhas-Panini-250x250.jpg",250,250,true],"woocommerce_gallery_thumbnail":["https:\/\/promocaododia.com.br\/site\/wp-content\/uploads\/2022\/11\/Album-de-Figurinhas-Copa-do-Mundo-Qatar-2022-com-10-Pacotes-de-Figurinhas-Panini-100x100.jpg",100,100,true]},"uagb_author_info":{"display_name":"danilo.gbr","author_link":"https:\/\/promocaododia.com.br\/site\/author\/"},"uagb_comment_info":0,"uagb_excerpt":"A Copa do Mundo, a maior competi\u00e7\u00e3o de futebol que existe atualmente, \u00e9 organizada pela Fifa a cada quatro anos e tem o Brasil como o grande campe\u00e3o, com cinco t\u00edtulos, \u00e9 a \u00fanica sele\u00e7\u00e3o que participou em todas as edi\u00e7\u00f5es. A competi\u00e7\u00e3o foi criada pelo franc\u00eas Jules Rimet, em 1928, ap\u00f3s ter assumido o&hellip;","_links":{"self":[{"href":"https:\/\/promocaododia.com.br\/site\/wp-json\/wp\/v2\/product\/902","targetHints":{"allow":["GET"]}}],"collection":[{"href":"https:\/\/promocaododia.com.br\/site\/wp-json\/wp\/v2\/product"}],"about":[{"href":"https:\/\/promocaododia.com.br\/site\/wp-json\/wp\/v2\/types\/product"}],"wp:featuredmedia":[{"embeddable":true,"href":"https:\/\/promocaododia.com.br\/site\/wp-json\/wp\/v2\/media\/903"}],"wp:attachment":[{"href":"https:\/\/promocaododia.com.br\/site\/wp-json\/wp\/v2\/media?parent=902"}],"wp:term":[{"taxonomy":"product_brand","embeddable":true,"href":"https:\/\/promocaododia.com.br\/site\/wp-json\/wp\/v2\/product_brand?post=902"},{"taxonomy":"product_cat","embeddable":true,"href":"https:\/\/promocaododia.com.br\/site\/wp-json\/wp\/v2\/product_cat?post=902"},{"taxonomy":"product_tag","embeddable":true,"href":"https:\/\/promocaododia.com.br\/site\/wp-json\/wp\/v2\/product_tag?post=902"}],"curies":[{"name":"wp","href":"https:\/\/api.w.org\/{rel}","templated":true}]}}