{"id":904,"date":"2022-11-01T18:56:42","date_gmt":"2022-11-01T21:56:42","guid":{"rendered":"https:\/\/promocaododia.com.br\/site\/?post_type=product&#038;p=904"},"modified":"2022-11-01T18:56:42","modified_gmt":"2022-11-01T21:56:42","slug":"furadeira-de-impacto-mondial-650w-2-velocidades-3-8-com-maleta-11-pecas-nffi-07m","status":"publish","type":"product","link":"https:\/\/promocaododia.com.br\/site\/produto\/furadeira-de-impacto-mondial-650w-2-velocidades-3-8-com-maleta-11-pecas-nffi-07m\/","title":{"rendered":"Furadeira de Impacto Mondial 650W 2 Velocidades &#8211; 3\/8\u201d com Maleta 11 Pe\u00e7as NFFI-07M"},"content":{"rendered":"<p>Chega de precisar fazer for\u00e7a na hora de tirar a broca da parede. A Furadeira de Impacto 650W da Mondial conta com o sistema de revers\u00e3o, facilitando o retorno da broca ap\u00f3s a perfura\u00e7\u00e3o. Nessa vers\u00e3o, acompanha maleta para facilitar no transporte e garantir uma acomoda\u00e7\u00e3o adequada e organizada. A sua empunhadura multi posi\u00e7\u00e3o oferece um \u00f3timo desempenho, maior comodidade e seguran\u00e7a na utiliza\u00e7\u00e3o do equipamento. A furadeira tamb\u00e9m possui limitador de profundidade, para que voc\u00ea possa fazer o furo no tamanho certo, e chave de mandril de 3\/8&#8243;, para a fixa\u00e7\u00e3o perfeita da broca. Al\u00e9m disso, tamb\u00e9m vai vir na sua maleta: 1 martelo, 1 trena, 1 chave de fenda, 1 chave Phillips e 5 brocas. Esses acess\u00f3rios v\u00e3o tornar a m\u00e3o de obra em casa muito mais completa. Voc\u00ea pode escolher entre as fun\u00e7\u00f5es com ou sem impacto, de acordo com o material a ser perfurado. Com 2 velocidades revers\u00edveis de 2200 RPM e de 2800 RPM voc\u00ea ainda conta com muito mais rapidez e praticidade na hora de colocar a m\u00e3o na massa.<\/p>\n","protected":false},"excerpt":{"rendered":"<p>Chega de precisar fazer for\u00e7a na hora de tirar a broca da parede. A Furadeira de Impacto 650W da Mondial conta com o sistema de revers\u00e3o, facilitando o retorno da broca ap\u00f3s a perfura\u00e7\u00e3o. Nessa vers\u00e3o, acompanha maleta para facilitar no transporte e garantir uma acomoda\u00e7\u00e3o adequada e organizada. A sua empunhadura multi posi\u00e7\u00e3o oferece um \u00f3timo desempenho, maior comodidade e seguran\u00e7a na utiliza\u00e7\u00e3o do equipamento. A furadeira tamb\u00e9m possui limitador de profundidade, para que voc\u00ea possa fazer o furo no tamanho certo, e chave de mandril de 3\/8&#8243;, para a fixa\u00e7\u00e3o perfeita da broca. Al\u00e9m disso, tamb\u00e9m vai vir na sua maleta: 1 martelo, 1 trena, 1 chave de fenda, 1 chave Phillips e 5 brocas. Esses acess\u00f3rios v\u00e3o tornar a m\u00e3o de obra em casa muito mais completa. Voc\u00ea pode escolher entre as fun\u00e7\u00f5es com ou sem impacto, de acordo com o material a ser perfurado. Com 2 velocidades revers\u00edveis de 2200 RPM e de 2800 RPM voc\u00ea ainda conta com muito mais rapidez e praticidade na hora de colocar a m\u00e3o na massa.<\/p>\n","protected":false},"featured_media":905,"template":"","meta":{"_uag_custom_page_level_css":"","site-sidebar-layout":"default","site-content-layout":"default","ast-site-content-layout":"default","site-content-style":"default","site-sidebar-style":"default","ast-global-header-display":"","ast-banner-title-visibility":"","ast-main-header-display":"","ast-hfb-above-header-display":"","ast-hfb-below-header-display":"","ast-hfb-mobile-header-display":"","site-post-title":"","ast-breadcrumbs-content":"","ast-featured-img":"","footer-sml-layout":"","theme-transparent-header-meta":"default","adv-header-id-meta":"","stick-header-meta":"","header-above-stick-meta":"","header-main-stick-meta":"","header-below-stick-meta":"","astra-migrate-meta-layouts":"default","ast-page-background-enabled":"default","ast-page-background-meta":{"desktop":{"background-color":"","background-image":"","background-repeat":"repeat","background-position":"center center","background-size":"auto","background-attachment":"scroll","background-type":"","background-media":"","overlay-type":"","overlay-color":"","overlay-opacity":"","overlay-gradient":""},"tablet":{"background-color":"","background-image":"","background-repeat":"repeat","background-position":"center center","background-size":"auto","background-attachment":"scroll","background-type":"","background-media":"","overlay-type":"","overlay-color":"","overlay-opacity":"","overlay-gradient":""},"mobile":{"background-color":"","background-image":"","background-repeat":"repeat","background-position":"center center","background-size":"auto","background-attachment":"scroll","background-type":"","background-media":"","overlay-type":"","overlay-color":"","overlay-opacity":"","overlay-gradient":""}},"ast-content-background-meta":{"desktop":{"background-color":"var(--ast-global-color-5)","background-image":"","background-repeat":"repeat","background-position":"center center","background-size":"auto","background-attachment":"scroll","background-type":"","background-media":"","overlay-type":"","overlay-color":"","overlay-opacity":"","overlay-gradient":""},"tablet":{"background-color":"var(--ast-global-color-5)","background-image":"","background-repeat":"repeat","background-position":"center center","background-size":"auto","background-attachment":"scroll","background-type":"","background-media":"","overlay-type":"","overlay-color":"","overlay-opacity":"","overlay-gradient":""},"mobile":{"background-color":"var(--ast-global-color-5)","background-image":"","background-repeat":"repeat","background-position":"center center","background-size":"auto","background-attachment":"scroll","background-type":"","background-media":"","overlay-type":"","overlay-color":"","overlay-opacity":"","overlay-gradient":""}}},"product_brand":[],"product_cat":[21,22],"product_tag":[410,409,138],"class_list":{"0":"post-904","1":"product","2":"type-product","3":"status-publish","4":"has-post-thumbnail","6":"product_cat-ferramentas-e-construcao","7":"product_cat-furadeira-e-parafusadeira","8":"product_tag-ferramentas","9":"product_tag-furadeira","10":"product_tag-mondial","11":"desktop-align-center","12":"tablet-align-left","13":"mobile-align-center","15":"first","16":"instock","17":"sale","18":"shipping-taxable","19":"product-type-external"},"uagb_featured_image_src":{"full":["https:\/\/promocaododia.com.br\/site\/wp-content\/uploads\/2022\/11\/Furadeira-de-Impacto-Mondial-650W-2-Velocidades-com-Maleta-11-Pecas-NFFI-07M.jpg",600,600,false],"thumbnail":["https:\/\/promocaododia.com.br\/site\/wp-content\/uploads\/2022\/11\/Furadeira-de-Impacto-Mondial-650W-2-Velocidades-com-Maleta-11-Pecas-NFFI-07M-150x150.jpg",150,150,true],"medium":["https:\/\/promocaododia.com.br\/site\/wp-content\/uploads\/2022\/11\/Furadeira-de-Impacto-Mondial-650W-2-Velocidades-com-Maleta-11-Pecas-NFFI-07M-300x300.jpg",300,300,true],"medium_large":["https:\/\/promocaododia.com.br\/site\/wp-content\/uploads\/2022\/11\/Furadeira-de-Impacto-Mondial-650W-2-Velocidades-com-Maleta-11-Pecas-NFFI-07M.jpg",600,600,false],"large":["https:\/\/promocaododia.com.br\/site\/wp-content\/uploads\/2022\/11\/Furadeira-de-Impacto-Mondial-650W-2-Velocidades-com-Maleta-11-Pecas-NFFI-07M.jpg",600,600,false],"1536x1536":["https:\/\/promocaododia.com.br\/site\/wp-content\/uploads\/2022\/11\/Furadeira-de-Impacto-Mondial-650W-2-Velocidades-com-Maleta-11-Pecas-NFFI-07M.jpg",600,600,false],"2048x2048":["https:\/\/promocaododia.com.br\/site\/wp-content\/uploads\/2022\/11\/Furadeira-de-Impacto-Mondial-650W-2-Velocidades-com-Maleta-11-Pecas-NFFI-07M.jpg",600,600,false],"woocommerce_thumbnail":["https:\/\/promocaododia.com.br\/site\/wp-content\/uploads\/2022\/11\/Furadeira-de-Impacto-Mondial-650W-2-Velocidades-com-Maleta-11-Pecas-NFFI-07M-250x250.jpg",250,250,true],"woocommerce_single":["https:\/\/promocaododia.com.br\/site\/wp-content\/uploads\/2022\/11\/Furadeira-de-Impacto-Mondial-650W-2-Velocidades-com-Maleta-11-Pecas-NFFI-07M-250x250.jpg",250,250,true],"woocommerce_gallery_thumbnail":["https:\/\/promocaododia.com.br\/site\/wp-content\/uploads\/2022\/11\/Furadeira-de-Impacto-Mondial-650W-2-Velocidades-com-Maleta-11-Pecas-NFFI-07M-100x100.jpg",100,100,true]},"uagb_author_info":{"display_name":"danilo.gbr","author_link":"https:\/\/promocaododia.com.br\/site\/author\/"},"uagb_comment_info":0,"uagb_excerpt":"Chega de precisar fazer for\u00e7a na hora de tirar a broca da parede. A Furadeira de Impacto 650W da Mondial conta com o sistema de revers\u00e3o, facilitando o retorno da broca ap\u00f3s a perfura\u00e7\u00e3o. Nessa vers\u00e3o, acompanha maleta para facilitar no transporte e garantir uma acomoda\u00e7\u00e3o adequada e organizada. A sua empunhadura multi posi\u00e7\u00e3o oferece&hellip;","_links":{"self":[{"href":"https:\/\/promocaododia.com.br\/site\/wp-json\/wp\/v2\/product\/904","targetHints":{"allow":["GET"]}}],"collection":[{"href":"https:\/\/promocaododia.com.br\/site\/wp-json\/wp\/v2\/product"}],"about":[{"href":"https:\/\/promocaododia.com.br\/site\/wp-json\/wp\/v2\/types\/product"}],"wp:featuredmedia":[{"embeddable":true,"href":"https:\/\/promocaododia.com.br\/site\/wp-json\/wp\/v2\/media\/905"}],"wp:attachment":[{"href":"https:\/\/promocaododia.com.br\/site\/wp-json\/wp\/v2\/media?parent=904"}],"wp:term":[{"taxonomy":"product_brand","embeddable":true,"href":"https:\/\/promocaododia.com.br\/site\/wp-json\/wp\/v2\/product_brand?post=904"},{"taxonomy":"product_cat","embeddable":true,"href":"https:\/\/promocaododia.com.br\/site\/wp-json\/wp\/v2\/product_cat?post=904"},{"taxonomy":"product_tag","embeddable":true,"href":"https:\/\/promocaododia.com.br\/site\/wp-json\/wp\/v2\/product_tag?post=904"}],"curies":[{"name":"wp","href":"https:\/\/api.w.org\/{rel}","templated":true}]}}