{"id":908,"date":"2022-11-01T19:08:56","date_gmt":"2022-11-01T22:08:56","guid":{"rendered":"https:\/\/promocaododia.com.br\/site\/?post_type=product&#038;p=908"},"modified":"2022-11-01T19:10:18","modified_gmt":"2022-11-01T22:10:18","slug":"iphone-11-apple-64gb-preto-61-12mp-ios-2","status":"publish","type":"product","link":"https:\/\/promocaododia.com.br\/site\/produto\/iphone-11-apple-64gb-preto-61-12mp-ios-2\/","title":{"rendered":"iPhone 11 Apple 64GB Preto 6,1\u201d 12MP iOS"},"content":{"rendered":"<p>Grave v\u00eddeos 4K, fa\u00e7a belos retratos e capture paisagens inteiras com o novo sistema de c\u00e2mera dupla. Tire fotos incr\u00edveis com pouca luz usando o modo Noite. Veja cores fi\u00e9is em fotos, v\u00eddeos e jogos na tela Liquid Retina de 6,1 polegadas***. Leve o desempenho sem precedentes do chip A13 Bionic para seus games, realidade aumentada e fotografia. Fa\u00e7a muito e recarregue pouco com a bateria para o dia todo**. E conte com resist\u00eancia \u00e0 \u00e1gua de at\u00e9 dois metros por at\u00e9 30 minutos*.Avisos legais:*O iPhone 11 \u00e9 resistente a respingos, \u00e1gua e poeira e foi testado em condi\u00e7\u00f5es controladas em laborat\u00f3rio, classificado como IP68 segundo a norma IEC 60529 (profundidade m\u00e1xima de at\u00e9 dois metros por at\u00e9 30 minutos). A resist\u00eancia a respingos, \u00e1gua e poeira n\u00e3o \u00e9 uma condi\u00e7\u00e3o permanente e pode diminuir com o tempo. N\u00e3o tente recarregar um iPhone molhado. Veja instru\u00e7\u00f5es no Manual do Usu\u00e1rio para limpeza e secagem. Danos decorrentes de contato com l\u00edquidos n\u00e3o est\u00e3o inclu\u00eddos na garantia.**A dura\u00e7\u00e3o da bateria varia de acordo com o uso e a configura\u00e7\u00e3o. Consulte o site do fabricante para obter mais informa\u00e7\u00f5es.***A tela tem cantos arredondados. Quando medida como um ret\u00e2ngulo, a tela do iPhone 11 tem 6,06 polegadas na diagonal. A \u00e1rea real de visualiza\u00e7\u00e3o \u00e9 menor.****Carregadores sem fio padr\u00e3o Qi vendidos separadamente.*****Como parte dos esfor\u00e7os da Apple para atingir seus objetivos ambientais, o iPhone 11 n\u00e3o vem com adaptador de energia nem EarPods. Voc\u00ea pode usar o adaptador de energia e os fones de ouvido da Apple que j\u00e1 tenha ou comprar esses acess\u00f3rios separadamente.<\/p>\n","protected":false},"excerpt":{"rendered":"<p>Grave v\u00eddeos 4K, fa\u00e7a belos retratos e capture paisagens inteiras com o novo sistema de c\u00e2mera dupla. Tire fotos incr\u00edveis com pouca luz usando o modo Noite. Veja cores fi\u00e9is em fotos, v\u00eddeos e jogos na tela Liquid Retina de 6,1 polegadas***. Leve o desempenho sem precedentes do chip A13 Bionic para seus games, realidade aumentada e fotografia. Fa\u00e7a muito e recarregue pouco com a bateria para o dia todo**. E conte com resist\u00eancia \u00e0 \u00e1gua de at\u00e9 dois metros por at\u00e9 30 minutos*.Avisos legais:*O iPhone 11 \u00e9 resistente a respingos, \u00e1gua e poeira e foi testado em condi\u00e7\u00f5es controladas em laborat\u00f3rio, classificado como IP68 segundo a norma IEC 60529 (profundidade m\u00e1xima de at\u00e9 dois metros por at\u00e9 30 minutos). A resist\u00eancia a respingos, \u00e1gua e poeira n\u00e3o \u00e9 uma condi\u00e7\u00e3o permanente e pode diminuir com o tempo. N\u00e3o tente recarregar um iPhone molhado. Veja instru\u00e7\u00f5es no Manual do Usu\u00e1rio para limpeza e secagem. Danos decorrentes de contato com l\u00edquidos n\u00e3o est\u00e3o inclu\u00eddos na garantia.**A dura\u00e7\u00e3o da bateria varia de acordo com o uso e a configura\u00e7\u00e3o. Consulte o site do fabricante para obter mais informa\u00e7\u00f5es.***A tela tem cantos arredondados. Quando medida como um ret\u00e2ngulo, a tela do iPhone 11 tem 6,06 polegadas na diagonal. A \u00e1rea real de visualiza\u00e7\u00e3o \u00e9 menor.****Carregadores sem fio padr\u00e3o Qi vendidos separadamente.*****Como parte dos esfor\u00e7os da Apple para atingir seus objetivos ambientais, o iPhone 11 n\u00e3o vem com adaptador de energia nem EarPods. Voc\u00ea pode usar o adaptador de energia e os fones de ouvido da Apple que j\u00e1 tenha ou comprar esses acess\u00f3rios separadamente.<\/p>\n","protected":false},"featured_media":910,"template":"","meta":{"_uag_custom_page_level_css":"","site-sidebar-layout":"default","site-content-layout":"default","ast-site-content-layout":"default","site-content-style":"default","site-sidebar-style":"default","ast-global-header-display":"","ast-banner-title-visibility":"","ast-main-header-display":"","ast-hfb-above-header-display":"","ast-hfb-below-header-display":"","ast-hfb-mobile-header-display":"","site-post-title":"","ast-breadcrumbs-content":"","ast-featured-img":"","footer-sml-layout":"","theme-transparent-header-meta":"default","adv-header-id-meta":"","stick-header-meta":"","header-above-stick-meta":"","header-main-stick-meta":"","header-below-stick-meta":"","astra-migrate-meta-layouts":"default","ast-page-background-enabled":"default","ast-page-background-meta":{"desktop":{"background-color":"","background-image":"","background-repeat":"repeat","background-position":"center center","background-size":"auto","background-attachment":"scroll","background-type":"","background-media":"","overlay-type":"","overlay-color":"","overlay-opacity":"","overlay-gradient":""},"tablet":{"background-color":"","background-image":"","background-repeat":"repeat","background-position":"center center","background-size":"auto","background-attachment":"scroll","background-type":"","background-media":"","overlay-type":"","overlay-color":"","overlay-opacity":"","overlay-gradient":""},"mobile":{"background-color":"","background-image":"","background-repeat":"repeat","background-position":"center center","background-size":"auto","background-attachment":"scroll","background-type":"","background-media":"","overlay-type":"","overlay-color":"","overlay-opacity":"","overlay-gradient":""}},"ast-content-background-meta":{"desktop":{"background-color":"var(--ast-global-color-5)","background-image":"","background-repeat":"repeat","background-position":"center center","background-size":"auto","background-attachment":"scroll","background-type":"","background-media":"","overlay-type":"","overlay-color":"","overlay-opacity":"","overlay-gradient":""},"tablet":{"background-color":"var(--ast-global-color-5)","background-image":"","background-repeat":"repeat","background-position":"center center","background-size":"auto","background-attachment":"scroll","background-type":"","background-media":"","overlay-type":"","overlay-color":"","overlay-opacity":"","overlay-gradient":""},"mobile":{"background-color":"var(--ast-global-color-5)","background-image":"","background-repeat":"repeat","background-position":"center center","background-size":"auto","background-attachment":"scroll","background-type":"","background-media":"","overlay-type":"","overlay-color":"","overlay-opacity":"","overlay-gradient":""}}},"product_brand":[],"product_cat":[23,24,35],"product_tag":[172,411,170,171],"class_list":{"0":"post-908","1":"product","2":"type-product","3":"status-publish","4":"has-post-thumbnail","6":"product_cat-celulares-e-tablets","7":"product_cat-iphone","8":"product_cat-smartphone","9":"product_tag-apple","10":"product_tag-ios","11":"product_tag-iphone","12":"product_tag-iphone-11","13":"desktop-align-center","14":"tablet-align-left","15":"mobile-align-center","17":"first","18":"instock","19":"sale","20":"shipping-taxable","21":"product-type-external"},"uagb_featured_image_src":{"full":["https:\/\/promocaododia.com.br\/site\/wp-content\/uploads\/2022\/11\/iPhone-11-Apple-64GB-Preto-61-12MP-iOS-1.jpg",600,600,false],"thumbnail":["https:\/\/promocaododia.com.br\/site\/wp-content\/uploads\/2022\/11\/iPhone-11-Apple-64GB-Preto-61-12MP-iOS-1-150x150.jpg",150,150,true],"medium":["https:\/\/promocaododia.com.br\/site\/wp-content\/uploads\/2022\/11\/iPhone-11-Apple-64GB-Preto-61-12MP-iOS-1-300x300.jpg",300,300,true],"medium_large":["https:\/\/promocaododia.com.br\/site\/wp-content\/uploads\/2022\/11\/iPhone-11-Apple-64GB-Preto-61-12MP-iOS-1.jpg",600,600,false],"large":["https:\/\/promocaododia.com.br\/site\/wp-content\/uploads\/2022\/11\/iPhone-11-Apple-64GB-Preto-61-12MP-iOS-1.jpg",600,600,false],"1536x1536":["https:\/\/promocaododia.com.br\/site\/wp-content\/uploads\/2022\/11\/iPhone-11-Apple-64GB-Preto-61-12MP-iOS-1.jpg",600,600,false],"2048x2048":["https:\/\/promocaododia.com.br\/site\/wp-content\/uploads\/2022\/11\/iPhone-11-Apple-64GB-Preto-61-12MP-iOS-1.jpg",600,600,false],"woocommerce_thumbnail":["https:\/\/promocaododia.com.br\/site\/wp-content\/uploads\/2022\/11\/iPhone-11-Apple-64GB-Preto-61-12MP-iOS-1-250x250.jpg",250,250,true],"woocommerce_single":["https:\/\/promocaododia.com.br\/site\/wp-content\/uploads\/2022\/11\/iPhone-11-Apple-64GB-Preto-61-12MP-iOS-1-250x250.jpg",250,250,true],"woocommerce_gallery_thumbnail":["https:\/\/promocaododia.com.br\/site\/wp-content\/uploads\/2022\/11\/iPhone-11-Apple-64GB-Preto-61-12MP-iOS-1-100x100.jpg",100,100,true]},"uagb_author_info":{"display_name":"danilo.gbr","author_link":"https:\/\/promocaododia.com.br\/site\/author\/"},"uagb_comment_info":0,"uagb_excerpt":"Grave v\u00eddeos 4K, fa\u00e7a belos retratos e capture paisagens inteiras com o novo sistema de c\u00e2mera dupla. Tire fotos incr\u00edveis com pouca luz usando o modo Noite. Veja cores fi\u00e9is em fotos, v\u00eddeos e jogos na tela Liquid Retina de 6,1 polegadas***. Leve o desempenho sem precedentes do chip A13 Bionic para seus games, realidade&hellip;","_links":{"self":[{"href":"https:\/\/promocaododia.com.br\/site\/wp-json\/wp\/v2\/product\/908","targetHints":{"allow":["GET"]}}],"collection":[{"href":"https:\/\/promocaododia.com.br\/site\/wp-json\/wp\/v2\/product"}],"about":[{"href":"https:\/\/promocaododia.com.br\/site\/wp-json\/wp\/v2\/types\/product"}],"wp:featuredmedia":[{"embeddable":true,"href":"https:\/\/promocaododia.com.br\/site\/wp-json\/wp\/v2\/media\/910"}],"wp:attachment":[{"href":"https:\/\/promocaododia.com.br\/site\/wp-json\/wp\/v2\/media?parent=908"}],"wp:term":[{"taxonomy":"product_brand","embeddable":true,"href":"https:\/\/promocaododia.com.br\/site\/wp-json\/wp\/v2\/product_brand?post=908"},{"taxonomy":"product_cat","embeddable":true,"href":"https:\/\/promocaododia.com.br\/site\/wp-json\/wp\/v2\/product_cat?post=908"},{"taxonomy":"product_tag","embeddable":true,"href":"https:\/\/promocaododia.com.br\/site\/wp-json\/wp\/v2\/product_tag?post=908"}],"curies":[{"name":"wp","href":"https:\/\/api.w.org\/{rel}","templated":true}]}}