{"id":916,"date":"2022-11-02T16:13:27","date_gmt":"2022-11-02T19:13:27","guid":{"rendered":"https:\/\/promocaododia.com.br\/site\/?post_type=product&#038;p=916"},"modified":"2022-11-02T16:14:05","modified_gmt":"2022-11-02T19:14:05","slug":"fones-de-ouvido-sem-fio-btuty-f9-5-tws-wireless-bt-5-0","status":"publish","type":"product","link":"https:\/\/promocaododia.com.br\/site\/produto\/fones-de-ouvido-sem-fio-btuty-f9-5-tws-wireless-bt-5-0\/","title":{"rendered":"Fones de ouvido sem fio Btuty F9-5 TWS, Wireless BT 5.0"},"content":{"rendered":"<ul class=\"a-unordered-list a-vertical a-spacing-mini\">\n<li><span class=\"a-list-item\">[iOS Voice Assistant] Basta um toque longo por 2 segundos para despertar o assistente de voz e tornar mais conveniente para voc\u00ea curtir a m\u00fasica.<\/span><\/li>\n<li><span class=\"a-list-item\">[Emparelhamento autom\u00e1tico e conex\u00e3o de mem\u00f3ria] Ao serem retirados da cabine de carregamento, os fones de ouvido s\u00e3o inicializados e emparelhados automaticamente. Ao serem colocados na cabine de carregamento, os fones de ouvido s\u00e3o automaticamente desligados, desconectados e come\u00e7am a carregar.<\/span><\/li>\n<li><span class=\"a-list-item\">[Carga r\u00e1pida inteligente e longa espera] Com a bateria de pol\u00edmero de l\u00edtio de 300mAh embutida no compartimento de carga, o corpo da cabine pode ser carregado rapidamente. Al\u00e9m disso, seu tempo de espera pode chegar a 5 horas.<\/span><\/li>\n<li><span class=\"a-list-item\">[Redu\u00e7\u00e3o inteligente de ru\u00eddo] N\u00e3o se preocupe com o ambiente ao seu redor, pois \u00e9 muito barulhento, porque a tecnologia de redu\u00e7\u00e3o de ru\u00eddo torna-o confort\u00e1vel de usar e ajuda a excluir os ru\u00eddos.<\/span><\/li>\n<li><span class=\"a-list-item\">[Compatibilidade forte] Os fones de ouvido s\u00e3o compat\u00edveis com o sistema iOS e Android, desde que o seu celular suporte a fun\u00e7\u00e3o BT.<\/span><\/li>\n<\/ul>\n","protected":false},"excerpt":{"rendered":"<p>[iOS Voice Assistant] Basta um toque longo por 2 segundos para despertar o assistente de voz e tornar mais conveniente para voc\u00ea curtir a m\u00fasica. [Emparelhamento autom\u00e1tico e conex\u00e3o de mem\u00f3ria] Ao serem retirados da cabine de carregamento, os fones de ouvido s\u00e3o inicializados e emparelhados automaticamente. Ao serem colocados na cabine de carregamento, os fones de ouvido s\u00e3o automaticamente desligados, desconectados e come\u00e7am a carregar. [Carga r\u00e1pida inteligente e longa espera] Com a bateria de pol\u00edmero de l\u00edtio de 300mAh embutida no compartimento de carga, o corpo da cabine pode ser carregado rapidamente. Al\u00e9m disso, seu tempo de espera pode chegar a 5 horas. [Redu\u00e7\u00e3o inteligente de ru\u00eddo] N\u00e3o se preocupe com o ambiente ao seu redor, pois \u00e9 muito barulhento, porque a tecnologia de redu\u00e7\u00e3o de ru\u00eddo torna-o confort\u00e1vel de usar e ajuda a excluir os ru\u00eddos. [Compatibilidade forte] Os fones de ouvido s\u00e3o compat\u00edveis com o sistema iOS e Android, desde que o seu celular suporte a fun\u00e7\u00e3o BT.<\/p>\n","protected":false},"featured_media":917,"template":"","meta":{"_uag_custom_page_level_css":"","site-sidebar-layout":"default","site-content-layout":"default","ast-site-content-layout":"default","site-content-style":"default","site-sidebar-style":"default","ast-global-header-display":"","ast-banner-title-visibility":"","ast-main-header-display":"","ast-hfb-above-header-display":"","ast-hfb-below-header-display":"","ast-hfb-mobile-header-display":"","site-post-title":"","ast-breadcrumbs-content":"","ast-featured-img":"","footer-sml-layout":"","theme-transparent-header-meta":"default","adv-header-id-meta":"","stick-header-meta":"","header-above-stick-meta":"","header-main-stick-meta":"","header-below-stick-meta":"","astra-migrate-meta-layouts":"default","ast-page-background-enabled":"default","ast-page-background-meta":{"desktop":{"background-color":"","background-image":"","background-repeat":"repeat","background-position":"center center","background-size":"auto","background-attachment":"scroll","background-type":"","background-media":"","overlay-type":"","overlay-color":"","overlay-opacity":"","overlay-gradient":""},"tablet":{"background-color":"","background-image":"","background-repeat":"repeat","background-position":"center center","background-size":"auto","background-attachment":"scroll","background-type":"","background-media":"","overlay-type":"","overlay-color":"","overlay-opacity":"","overlay-gradient":""},"mobile":{"background-color":"","background-image":"","background-repeat":"repeat","background-position":"center center","background-size":"auto","background-attachment":"scroll","background-type":"","background-media":"","overlay-type":"","overlay-color":"","overlay-opacity":"","overlay-gradient":""}},"ast-content-background-meta":{"desktop":{"background-color":"var(--ast-global-color-5)","background-image":"","background-repeat":"repeat","background-position":"center center","background-size":"auto","background-attachment":"scroll","background-type":"","background-media":"","overlay-type":"","overlay-color":"","overlay-opacity":"","overlay-gradient":""},"tablet":{"background-color":"var(--ast-global-color-5)","background-image":"","background-repeat":"repeat","background-position":"center center","background-size":"auto","background-attachment":"scroll","background-type":"","background-media":"","overlay-type":"","overlay-color":"","overlay-opacity":"","overlay-gradient":""},"mobile":{"background-color":"var(--ast-global-color-5)","background-image":"","background-repeat":"repeat","background-position":"center center","background-size":"auto","background-attachment":"scroll","background-type":"","background-media":"","overlay-type":"","overlay-color":"","overlay-opacity":"","overlay-gradient":""}}},"product_brand":[],"product_cat":[32,23,414],"product_tag":[235,415,416],"class_list":{"0":"post-916","1":"product","2":"type-product","3":"status-publish","4":"has-post-thumbnail","6":"product_cat-acessorios","7":"product_cat-celulares-e-tablets","8":"product_cat-fones","9":"product_tag-bluetooth","10":"product_tag-fones","11":"product_tag-sem-fio","12":"desktop-align-center","13":"tablet-align-left","14":"mobile-align-center","16":"first","17":"instock","18":"shipping-taxable","19":"product-type-external"},"uagb_featured_image_src":{"full":["https:\/\/promocaododia.com.br\/site\/wp-content\/uploads\/2022\/11\/Fones-de-ouvido-sem-fio-Btuty-F9-5-TWS-Wireless-BT-5.0.jpg",600,600,false],"thumbnail":["https:\/\/promocaododia.com.br\/site\/wp-content\/uploads\/2022\/11\/Fones-de-ouvido-sem-fio-Btuty-F9-5-TWS-Wireless-BT-5.0-150x150.jpg",150,150,true],"medium":["https:\/\/promocaododia.com.br\/site\/wp-content\/uploads\/2022\/11\/Fones-de-ouvido-sem-fio-Btuty-F9-5-TWS-Wireless-BT-5.0-300x300.jpg",300,300,true],"medium_large":["https:\/\/promocaododia.com.br\/site\/wp-content\/uploads\/2022\/11\/Fones-de-ouvido-sem-fio-Btuty-F9-5-TWS-Wireless-BT-5.0.jpg",600,600,false],"large":["https:\/\/promocaododia.com.br\/site\/wp-content\/uploads\/2022\/11\/Fones-de-ouvido-sem-fio-Btuty-F9-5-TWS-Wireless-BT-5.0.jpg",600,600,false],"1536x1536":["https:\/\/promocaododia.com.br\/site\/wp-content\/uploads\/2022\/11\/Fones-de-ouvido-sem-fio-Btuty-F9-5-TWS-Wireless-BT-5.0.jpg",600,600,false],"2048x2048":["https:\/\/promocaododia.com.br\/site\/wp-content\/uploads\/2022\/11\/Fones-de-ouvido-sem-fio-Btuty-F9-5-TWS-Wireless-BT-5.0.jpg",600,600,false],"woocommerce_thumbnail":["https:\/\/promocaododia.com.br\/site\/wp-content\/uploads\/2022\/11\/Fones-de-ouvido-sem-fio-Btuty-F9-5-TWS-Wireless-BT-5.0-250x250.jpg",250,250,true],"woocommerce_single":["https:\/\/promocaododia.com.br\/site\/wp-content\/uploads\/2022\/11\/Fones-de-ouvido-sem-fio-Btuty-F9-5-TWS-Wireless-BT-5.0-250x250.jpg",250,250,true],"woocommerce_gallery_thumbnail":["https:\/\/promocaododia.com.br\/site\/wp-content\/uploads\/2022\/11\/Fones-de-ouvido-sem-fio-Btuty-F9-5-TWS-Wireless-BT-5.0-100x100.jpg",100,100,true]},"uagb_author_info":{"display_name":"danilo.gbr","author_link":"https:\/\/promocaododia.com.br\/site\/author\/"},"uagb_comment_info":0,"uagb_excerpt":"[iOS Voice Assistant] Basta um toque longo por 2 segundos para despertar o assistente de voz e tornar mais conveniente para voc\u00ea curtir a m\u00fasica. [Emparelhamento autom\u00e1tico e conex\u00e3o de mem\u00f3ria] Ao serem retirados da cabine de carregamento, os fones de ouvido s\u00e3o inicializados e emparelhados automaticamente. Ao serem colocados na cabine de carregamento, os&hellip;","_links":{"self":[{"href":"https:\/\/promocaododia.com.br\/site\/wp-json\/wp\/v2\/product\/916","targetHints":{"allow":["GET"]}}],"collection":[{"href":"https:\/\/promocaododia.com.br\/site\/wp-json\/wp\/v2\/product"}],"about":[{"href":"https:\/\/promocaododia.com.br\/site\/wp-json\/wp\/v2\/types\/product"}],"wp:featuredmedia":[{"embeddable":true,"href":"https:\/\/promocaododia.com.br\/site\/wp-json\/wp\/v2\/media\/917"}],"wp:attachment":[{"href":"https:\/\/promocaododia.com.br\/site\/wp-json\/wp\/v2\/media?parent=916"}],"wp:term":[{"taxonomy":"product_brand","embeddable":true,"href":"https:\/\/promocaododia.com.br\/site\/wp-json\/wp\/v2\/product_brand?post=916"},{"taxonomy":"product_cat","embeddable":true,"href":"https:\/\/promocaododia.com.br\/site\/wp-json\/wp\/v2\/product_cat?post=916"},{"taxonomy":"product_tag","embeddable":true,"href":"https:\/\/promocaododia.com.br\/site\/wp-json\/wp\/v2\/product_tag?post=916"}],"curies":[{"name":"wp","href":"https:\/\/api.w.org\/{rel}","templated":true}]}}