{"id":92,"date":"2021-06-08T07:56:43","date_gmt":"2021-06-08T10:56:43","guid":{"rendered":"https:\/\/promocaododia.com.br\/site\/?post_type=product&#038;p=92"},"modified":"2021-06-08T08:17:44","modified_gmt":"2021-06-08T11:17:44","slug":"lavadora-de-roupas-automatica-colormaq-lca12-12kg-branca-220v","status":"publish","type":"product","link":"https:\/\/promocaododia.com.br\/site\/produto\/lavadora-de-roupas-automatica-colormaq-lca12-12kg-branca-220v\/","title":{"rendered":"Lavadora de Roupas Autom\u00e1tica Colormaq LCA12 12Kg Branca 220V"},"content":{"rendered":"<p>Postado 08\/06\/2021<\/p>\n<p>A Lavadora Autom\u00e1tica LCA com capacidade total de 12kg para lavar roupas foi desenvolvida pela Colormaq para garantir que todas as pe\u00e7as fiquem limpas e muito cheirosas. Com Multidispenser, tem compartimento para sab\u00e3o, amaciante e alvejante que com o Sistema Antimanchas s\u00e3o dilu\u00eddos antes que entrem em contato com as roupas, garantindo assim que n\u00e3o apare\u00e7a nenhuma mancha indesejada. Os fiapos, que tamb\u00e9m atrapalham qualquer pe\u00e7a, n\u00e3o t\u00eam lugar com a LCA que carrega Filtro de Fiapos. Melhor performance<\/p>\n<p>A equipe Promo\u00e7\u00f5es do dia divulga produtos de nossos parceiros, sendo a venda e p\u00f3s venda de responsabilidade dos mesmos.<\/p>\n<p>Os valores anunciados obtidos\u00a0 no momento da publica\u00e7\u00e3o.<\/p>\n","protected":false},"excerpt":{"rendered":"<p>Postado 08\/06\/2021 A Lavadora Autom\u00e1tica LCA com capacidade total de 12kg para lavar roupas foi desenvolvida pela Colormaq para garantir que todas as pe\u00e7as fiquem limpas e muito cheirosas. Com Multidispenser, tem compartimento para sab\u00e3o, amaciante e alvejante que com o Sistema Antimanchas s\u00e3o dilu\u00eddos antes que entrem em contato com as roupas, garantindo assim que n\u00e3o apare\u00e7a nenhuma mancha indesejada. Os fiapos, que tamb\u00e9m atrapalham qualquer pe\u00e7a, n\u00e3o t\u00eam lugar com a LCA que carrega Filtro de Fiapos. Melhor performance A equipe Promo\u00e7\u00f5es do dia divulga produtos de nossos parceiros, sendo a venda e p\u00f3s venda de responsabilidade dos mesmos. Os valores anunciados obtidos\u00a0 no momento da publica\u00e7\u00e3o.<\/p>\n","protected":false},"featured_media":93,"template":"","meta":{"_uag_custom_page_level_css":"","site-sidebar-layout":"default","site-content-layout":"","ast-site-content-layout":"default","site-content-style":"default","site-sidebar-style":"default","ast-global-header-display":"","ast-banner-title-visibility":"","ast-main-header-display":"","ast-hfb-above-header-display":"","ast-hfb-below-header-display":"","ast-hfb-mobile-header-display":"","site-post-title":"","ast-breadcrumbs-content":"","ast-featured-img":"","footer-sml-layout":"","theme-transparent-header-meta":"","adv-header-id-meta":"","stick-header-meta":"","header-above-stick-meta":"","header-main-stick-meta":"","header-below-stick-meta":"","astra-migrate-meta-layouts":"default","ast-page-background-enabled":"default","ast-page-background-meta":{"desktop":{"background-color":"","background-image":"","background-repeat":"repeat","background-position":"center center","background-size":"auto","background-attachment":"scroll","background-type":"","background-media":"","overlay-type":"","overlay-color":"","overlay-opacity":"","overlay-gradient":""},"tablet":{"background-color":"","background-image":"","background-repeat":"repeat","background-position":"center center","background-size":"auto","background-attachment":"scroll","background-type":"","background-media":"","overlay-type":"","overlay-color":"","overlay-opacity":"","overlay-gradient":""},"mobile":{"background-color":"","background-image":"","background-repeat":"repeat","background-position":"center center","background-size":"auto","background-attachment":"scroll","background-type":"","background-media":"","overlay-type":"","overlay-color":"","overlay-opacity":"","overlay-gradient":""}},"ast-content-background-meta":{"desktop":{"background-color":"var(--ast-global-color-5)","background-image":"","background-repeat":"repeat","background-position":"center center","background-size":"auto","background-attachment":"scroll","background-type":"","background-media":"","overlay-type":"","overlay-color":"","overlay-opacity":"","overlay-gradient":""},"tablet":{"background-color":"var(--ast-global-color-5)","background-image":"","background-repeat":"repeat","background-position":"center center","background-size":"auto","background-attachment":"scroll","background-type":"","background-media":"","overlay-type":"","overlay-color":"","overlay-opacity":"","overlay-gradient":""},"mobile":{"background-color":"var(--ast-global-color-5)","background-image":"","background-repeat":"repeat","background-position":"center center","background-size":"auto","background-attachment":"scroll","background-type":"","background-media":"","overlay-type":"","overlay-color":"","overlay-opacity":"","overlay-gradient":""}}},"product_brand":[],"product_cat":[28,29],"product_tag":[],"class_list":{"0":"post-92","1":"product","2":"type-product","3":"status-publish","4":"has-post-thumbnail","6":"product_cat-eletrodomesticos","7":"product_cat-lavadora","8":"desktop-align-center","9":"tablet-align-left","10":"mobile-align-center","12":"first","13":"instock","14":"sale","15":"shipping-taxable","16":"product-type-external"},"uagb_featured_image_src":{"full":["https:\/\/promocaododia.com.br\/site\/wp-content\/uploads\/2021\/06\/lavadora.jpg",250,250,false],"thumbnail":["https:\/\/promocaododia.com.br\/site\/wp-content\/uploads\/2021\/06\/lavadora-150x150.jpg",150,150,true],"medium":["https:\/\/promocaododia.com.br\/site\/wp-content\/uploads\/2021\/06\/lavadora.jpg",250,250,false],"medium_large":["https:\/\/promocaododia.com.br\/site\/wp-content\/uploads\/2021\/06\/lavadora.jpg",250,250,false],"large":["https:\/\/promocaododia.com.br\/site\/wp-content\/uploads\/2021\/06\/lavadora.jpg",250,250,false],"1536x1536":["https:\/\/promocaododia.com.br\/site\/wp-content\/uploads\/2021\/06\/lavadora.jpg",250,250,false],"2048x2048":["https:\/\/promocaododia.com.br\/site\/wp-content\/uploads\/2021\/06\/lavadora.jpg",250,250,false],"woocommerce_thumbnail":["https:\/\/promocaododia.com.br\/site\/wp-content\/uploads\/2021\/06\/lavadora-250x250.jpg",250,250,true],"woocommerce_single":["https:\/\/promocaododia.com.br\/site\/wp-content\/uploads\/2021\/06\/lavadora.jpg",250,250,false],"woocommerce_gallery_thumbnail":["https:\/\/promocaododia.com.br\/site\/wp-content\/uploads\/2021\/06\/lavadora-100x100.jpg",100,100,true]},"uagb_author_info":{"display_name":"danilo.gbr","author_link":"https:\/\/promocaododia.com.br\/site\/author\/"},"uagb_comment_info":0,"uagb_excerpt":"Postado 08\/06\/2021 A Lavadora Autom\u00e1tica LCA com capacidade total de 12kg para lavar roupas foi desenvolvida pela Colormaq para garantir que todas as pe\u00e7as fiquem limpas e muito cheirosas. Com Multidispenser, tem compartimento para sab\u00e3o, amaciante e alvejante que com o Sistema Antimanchas s\u00e3o dilu\u00eddos antes que entrem em contato com as roupas, garantindo assim&hellip;","_links":{"self":[{"href":"https:\/\/promocaododia.com.br\/site\/wp-json\/wp\/v2\/product\/92","targetHints":{"allow":["GET"]}}],"collection":[{"href":"https:\/\/promocaododia.com.br\/site\/wp-json\/wp\/v2\/product"}],"about":[{"href":"https:\/\/promocaododia.com.br\/site\/wp-json\/wp\/v2\/types\/product"}],"wp:featuredmedia":[{"embeddable":true,"href":"https:\/\/promocaododia.com.br\/site\/wp-json\/wp\/v2\/media\/93"}],"wp:attachment":[{"href":"https:\/\/promocaododia.com.br\/site\/wp-json\/wp\/v2\/media?parent=92"}],"wp:term":[{"taxonomy":"product_brand","embeddable":true,"href":"https:\/\/promocaododia.com.br\/site\/wp-json\/wp\/v2\/product_brand?post=92"},{"taxonomy":"product_cat","embeddable":true,"href":"https:\/\/promocaododia.com.br\/site\/wp-json\/wp\/v2\/product_cat?post=92"},{"taxonomy":"product_tag","embeddable":true,"href":"https:\/\/promocaododia.com.br\/site\/wp-json\/wp\/v2\/product_tag?post=92"}],"curies":[{"name":"wp","href":"https:\/\/api.w.org\/{rel}","templated":true}]}}