{"id":922,"date":"2022-11-02T17:38:23","date_gmt":"2022-11-02T20:38:23","guid":{"rendered":"https:\/\/promocaododia.com.br\/site\/?post_type=product&#038;p=922"},"modified":"2022-11-02T17:39:36","modified_gmt":"2022-11-02T20:39:36","slug":"smart-tv-50-uhd-4k-philips-50pug7406-android-tv-hdr10-dolby-vision-dolby-atmos-design-borderless-e-bluetooth","status":"publish","type":"product","link":"https:\/\/promocaododia.com.br\/site\/produto\/smart-tv-50-uhd-4k-philips-50pug7406-android-tv-hdr10-dolby-vision-dolby-atmos-design-borderless-e-bluetooth\/","title":{"rendered":"Smart TV 50&#8243; UHD 4K Philips 50PUG7406, Android TV, HDR10+, Dolby Vision, Dolby Atmos, Design Borderless e Bluetooth"},"content":{"rendered":"<p>Uma Smart TV para curtir seus filmes, s\u00e9ries e programas favoritos, com toda a qualidade de som, imagem e tecnologias dispon\u00edveis, atualmente. Essa \u00e9 a PUG7406, da Philips.<\/p>\n<p>Para come\u00e7ar, vamos falar sobre a plataforma utilizada na constru\u00e7\u00e3o desse modelo, a\u00a0<strong>Android TV<\/strong>. Um sistema operacional super leve, r\u00e1pido e f\u00e1cil de usar, desenvolvido para voc\u00ea aproveitar o m\u00e1ximo de entretenimento na sua Philips. Uma das grandes vantagens \u00e9 que ele j\u00e1 vem com os seus aplicativos favoritos pr\u00e9-instalados. Isso significa que os APPs da Netflix, Youtube, Prime Video e Disney+ estar\u00e3o apenas a um clique do controle de dist\u00e2ncia*. Mas e se voc\u00ea n\u00e3o quiser usar os bot\u00f5es do controle para isso? N\u00e3o tem problema!<\/p>\n<p>A Philips PUG7406 tamb\u00e9m pode ser controlada atrav\u00e9s de comandos de voz, por meio do Google Assistente. O controle dela possui microfone integrado, que pode ser usado para acionar o servi\u00e7o de assitente, ajustando volume, mudando de canal, abrindo um aplicativo espec\u00edfico e realizando diversas outras tarefas.<\/p>\n<p>Al\u00e9m disso, voc\u00ea vai contar com toda a tecnologia embutida aqui. E estamos falando de diferenciais como a qualidade de imagem e som\u00a0<strong>Dolby Vision e Dolby Atmos<\/strong>. Seus filmes ser\u00e3o reproduzidos com uma riqueza absurda de detalhes, com n\u00edveis de cor, brilho e contraste automaticamente elevados. Enquanto isso, a ambienta\u00e7\u00e3o sonora 3D ser\u00e1 contagiante e perfeira!<\/p>\n<p>*Uso mediante assinatura avulsa dos servi\u00e7os.<\/p>\n","protected":false},"excerpt":{"rendered":"<p>Uma Smart TV para curtir seus filmes, s\u00e9ries e programas favoritos, com toda a qualidade de som, imagem e tecnologias dispon\u00edveis, atualmente. Essa \u00e9 a PUG7406, da Philips. Para come\u00e7ar, vamos falar sobre a plataforma utilizada na constru\u00e7\u00e3o desse modelo, a\u00a0Android TV. Um sistema operacional super leve, r\u00e1pido e f\u00e1cil de usar, desenvolvido para voc\u00ea aproveitar o m\u00e1ximo de entretenimento na sua Philips. Uma das grandes vantagens \u00e9 que ele j\u00e1 vem com os seus aplicativos favoritos pr\u00e9-instalados. Isso significa que os APPs da Netflix, Youtube, Prime Video e Disney+ estar\u00e3o apenas a um clique do controle de dist\u00e2ncia*. Mas e se voc\u00ea n\u00e3o quiser usar os bot\u00f5es do controle para isso? N\u00e3o tem problema! A Philips PUG7406 tamb\u00e9m pode ser controlada atrav\u00e9s de comandos de voz, por meio do Google Assistente. O controle dela possui microfone integrado, que pode ser usado para acionar o servi\u00e7o de assitente, ajustando volume, mudando de canal, abrindo um aplicativo espec\u00edfico e realizando diversas outras tarefas. Al\u00e9m disso, voc\u00ea vai contar com toda a tecnologia embutida aqui. E estamos falando de diferenciais como a qualidade de imagem e som\u00a0Dolby Vision e Dolby Atmos. Seus filmes ser\u00e3o reproduzidos com uma riqueza absurda de detalhes, com n\u00edveis de cor, brilho e contraste automaticamente elevados. Enquanto isso, a ambienta\u00e7\u00e3o sonora 3D ser\u00e1 contagiante e perfeira! *Uso mediante assinatura avulsa dos servi\u00e7os.<\/p>\n","protected":false},"featured_media":923,"template":"","meta":{"_uag_custom_page_level_css":"","site-sidebar-layout":"default","site-content-layout":"default","ast-site-content-layout":"default","site-content-style":"default","site-sidebar-style":"default","ast-global-header-display":"","ast-banner-title-visibility":"","ast-main-header-display":"","ast-hfb-above-header-display":"","ast-hfb-below-header-display":"","ast-hfb-mobile-header-display":"","site-post-title":"","ast-breadcrumbs-content":"","ast-featured-img":"","footer-sml-layout":"","theme-transparent-header-meta":"default","adv-header-id-meta":"","stick-header-meta":"","header-above-stick-meta":"","header-main-stick-meta":"","header-below-stick-meta":"","astra-migrate-meta-layouts":"default","ast-page-background-enabled":"default","ast-page-background-meta":{"desktop":{"background-color":"","background-image":"","background-repeat":"repeat","background-position":"center center","background-size":"auto","background-attachment":"scroll","background-type":"","background-media":"","overlay-type":"","overlay-color":"","overlay-opacity":"","overlay-gradient":""},"tablet":{"background-color":"","background-image":"","background-repeat":"repeat","background-position":"center center","background-size":"auto","background-attachment":"scroll","background-type":"","background-media":"","overlay-type":"","overlay-color":"","overlay-opacity":"","overlay-gradient":""},"mobile":{"background-color":"","background-image":"","background-repeat":"repeat","background-position":"center center","background-size":"auto","background-attachment":"scroll","background-type":"","background-media":"","overlay-type":"","overlay-color":"","overlay-opacity":"","overlay-gradient":""}},"ast-content-background-meta":{"desktop":{"background-color":"var(--ast-global-color-5)","background-image":"","background-repeat":"repeat","background-position":"center center","background-size":"auto","background-attachment":"scroll","background-type":"","background-media":"","overlay-type":"","overlay-color":"","overlay-opacity":"","overlay-gradient":""},"tablet":{"background-color":"var(--ast-global-color-5)","background-image":"","background-repeat":"repeat","background-position":"center center","background-size":"auto","background-attachment":"scroll","background-type":"","background-media":"","overlay-type":"","overlay-color":"","overlay-opacity":"","overlay-gradient":""},"mobile":{"background-color":"var(--ast-global-color-5)","background-image":"","background-repeat":"repeat","background-position":"center center","background-size":"auto","background-attachment":"scroll","background-type":"","background-media":"","overlay-type":"","overlay-color":"","overlay-opacity":"","overlay-gradient":""}}},"product_brand":[],"product_cat":[38,25,76],"product_tag":[129,421,422,420,125,130],"class_list":{"0":"post-922","1":"product","2":"type-product","3":"status-publish","4":"has-post-thumbnail","6":"product_cat-eletronicos","7":"product_cat-smart-tv","8":"product_cat-tv-e-video","9":"product_tag-4k","10":"product_tag-android-tv","11":"product_tag-borderless","12":"product_tag-philips","13":"product_tag-smart-tv","14":"product_tag-tv-50","15":"desktop-align-center","16":"tablet-align-left","17":"mobile-align-center","19":"first","20":"instock","21":"sale","22":"shipping-taxable","23":"product-type-external"},"uagb_featured_image_src":{"full":["https:\/\/promocaododia.com.br\/site\/wp-content\/uploads\/2022\/11\/Smart-TV-50-UHD-4K-Philips-50PUG7406.jpg",600,600,false],"thumbnail":["https:\/\/promocaododia.com.br\/site\/wp-content\/uploads\/2022\/11\/Smart-TV-50-UHD-4K-Philips-50PUG7406-150x150.jpg",150,150,true],"medium":["https:\/\/promocaododia.com.br\/site\/wp-content\/uploads\/2022\/11\/Smart-TV-50-UHD-4K-Philips-50PUG7406-300x300.jpg",300,300,true],"medium_large":["https:\/\/promocaododia.com.br\/site\/wp-content\/uploads\/2022\/11\/Smart-TV-50-UHD-4K-Philips-50PUG7406.jpg",600,600,false],"large":["https:\/\/promocaododia.com.br\/site\/wp-content\/uploads\/2022\/11\/Smart-TV-50-UHD-4K-Philips-50PUG7406.jpg",600,600,false],"1536x1536":["https:\/\/promocaododia.com.br\/site\/wp-content\/uploads\/2022\/11\/Smart-TV-50-UHD-4K-Philips-50PUG7406.jpg",600,600,false],"2048x2048":["https:\/\/promocaododia.com.br\/site\/wp-content\/uploads\/2022\/11\/Smart-TV-50-UHD-4K-Philips-50PUG7406.jpg",600,600,false],"woocommerce_thumbnail":["https:\/\/promocaododia.com.br\/site\/wp-content\/uploads\/2022\/11\/Smart-TV-50-UHD-4K-Philips-50PUG7406-250x250.jpg",250,250,true],"woocommerce_single":["https:\/\/promocaododia.com.br\/site\/wp-content\/uploads\/2022\/11\/Smart-TV-50-UHD-4K-Philips-50PUG7406-250x250.jpg",250,250,true],"woocommerce_gallery_thumbnail":["https:\/\/promocaododia.com.br\/site\/wp-content\/uploads\/2022\/11\/Smart-TV-50-UHD-4K-Philips-50PUG7406-100x100.jpg",100,100,true]},"uagb_author_info":{"display_name":"danilo.gbr","author_link":"https:\/\/promocaododia.com.br\/site\/author\/"},"uagb_comment_info":0,"uagb_excerpt":"Uma Smart TV para curtir seus filmes, s\u00e9ries e programas favoritos, com toda a qualidade de som, imagem e tecnologias dispon\u00edveis, atualmente. Essa \u00e9 a PUG7406, da Philips. Para come\u00e7ar, vamos falar sobre a plataforma utilizada na constru\u00e7\u00e3o desse modelo, a\u00a0Android TV. Um sistema operacional super leve, r\u00e1pido e f\u00e1cil de usar, desenvolvido para voc\u00ea&hellip;","_links":{"self":[{"href":"https:\/\/promocaododia.com.br\/site\/wp-json\/wp\/v2\/product\/922","targetHints":{"allow":["GET"]}}],"collection":[{"href":"https:\/\/promocaododia.com.br\/site\/wp-json\/wp\/v2\/product"}],"about":[{"href":"https:\/\/promocaododia.com.br\/site\/wp-json\/wp\/v2\/types\/product"}],"wp:featuredmedia":[{"embeddable":true,"href":"https:\/\/promocaododia.com.br\/site\/wp-json\/wp\/v2\/media\/923"}],"wp:attachment":[{"href":"https:\/\/promocaododia.com.br\/site\/wp-json\/wp\/v2\/media?parent=922"}],"wp:term":[{"taxonomy":"product_brand","embeddable":true,"href":"https:\/\/promocaododia.com.br\/site\/wp-json\/wp\/v2\/product_brand?post=922"},{"taxonomy":"product_cat","embeddable":true,"href":"https:\/\/promocaododia.com.br\/site\/wp-json\/wp\/v2\/product_cat?post=922"},{"taxonomy":"product_tag","embeddable":true,"href":"https:\/\/promocaododia.com.br\/site\/wp-json\/wp\/v2\/product_tag?post=922"}],"curies":[{"name":"wp","href":"https:\/\/api.w.org\/{rel}","templated":true}]}}