{"id":924,"date":"2022-11-02T18:07:13","date_gmt":"2022-11-02T21:07:13","guid":{"rendered":"https:\/\/promocaododia.com.br\/site\/?post_type=product&#038;p=924"},"modified":"2022-11-02T18:09:20","modified_gmt":"2022-11-02T21:09:20","slug":"jogo-de-lencol-casal-queen-3-pecas-varias-cores-lalu-enxovais","status":"publish","type":"product","link":"https:\/\/promocaododia.com.br\/site\/produto\/jogo-de-lencol-casal-queen-3-pecas-varias-cores-lalu-enxovais\/","title":{"rendered":"Jogo De Len\u00e7ol Casal Queen 3 Pe\u00e7as &#8211; V\u00e1rias Cores &#8211; Lalu Enxovais"},"content":{"rendered":"<p>Jogo de Len\u00e7ol Casal Queen com El\u00e1stico Microfibra 100% Poli\u00e9ster Nada melhor que deitar em uma cama confort\u00e1vel, n\u00e3o \u00e9 mesmo? Dormir bem \u00e9 fundamental para a nossa sa\u00fade e bem-estar. O conforto e maciez que voc\u00ea precisa para deixar a hora de dormir ainda mais prazerosa! A microfibra \u00e9 uma composi\u00e7\u00e3o de fios bem finos. \u00c9 um tecido sint\u00e9tico e oferece o conforto que os outros tecidos oferecem com uma s\u00e9rie de vantagens para facilitar o manuseio e a lavagem.Cont\u00e9m:01 Len\u00e7ol Casal com el\u00e1stico Medidas: 1,58m x 1,98m x 30cm 02 Fronhas Lisas Medidas: 70Cm x 50 Cm Composi\u00e7\u00e3o: Microfibra 100% Poli\u00e9ster CARATER\u00cdSTICAS:*Toque agrad\u00e1vel*El\u00e1stico na Volta toda*Propiciam bom isolamento t\u00e9rmico*Secagem r\u00e1pida*\u00d3timo caimento sobre a cama*Noites mais agrad\u00e1veis*Maior durabilidade***IMAGENS MERAMENTE ILUSTRATIVAS**<\/p>\n","protected":false},"excerpt":{"rendered":"<p>Jogo de Len\u00e7ol Casal Queen com El\u00e1stico Microfibra 100% Poli\u00e9ster Nada melhor que deitar em uma cama confort\u00e1vel, n\u00e3o \u00e9 mesmo? Dormir bem \u00e9 fundamental para a nossa sa\u00fade e bem-estar. O conforto e maciez que voc\u00ea precisa para deixar a hora de dormir ainda mais prazerosa! A microfibra \u00e9 uma composi\u00e7\u00e3o de fios bem finos. \u00c9 um tecido sint\u00e9tico e oferece o conforto que os outros tecidos oferecem com uma s\u00e9rie de vantagens para facilitar o manuseio e a lavagem.Cont\u00e9m:01 Len\u00e7ol Casal com el\u00e1stico Medidas: 1,58m x 1,98m x 30cm 02 Fronhas Lisas Medidas: 70Cm x 50 Cm Composi\u00e7\u00e3o: Microfibra 100% Poli\u00e9ster CARATER\u00cdSTICAS:*Toque agrad\u00e1vel*El\u00e1stico na Volta toda*Propiciam bom isolamento t\u00e9rmico*Secagem r\u00e1pida*\u00d3timo caimento sobre a cama*Noites mais agrad\u00e1veis*Maior durabilidade***IMAGENS MERAMENTE ILUSTRATIVAS**<\/p>\n","protected":false},"featured_media":926,"template":"","meta":{"_uag_custom_page_level_css":"","site-sidebar-layout":"default","site-content-layout":"default","ast-site-content-layout":"default","site-content-style":"default","site-sidebar-style":"default","ast-global-header-display":"","ast-banner-title-visibility":"","ast-main-header-display":"","ast-hfb-above-header-display":"","ast-hfb-below-header-display":"","ast-hfb-mobile-header-display":"","site-post-title":"","ast-breadcrumbs-content":"","ast-featured-img":"","footer-sml-layout":"","theme-transparent-header-meta":"default","adv-header-id-meta":"","stick-header-meta":"","header-above-stick-meta":"","header-main-stick-meta":"","header-below-stick-meta":"","astra-migrate-meta-layouts":"default","ast-page-background-enabled":"default","ast-page-background-meta":{"desktop":{"background-color":"","background-image":"","background-repeat":"repeat","background-position":"center center","background-size":"auto","background-attachment":"scroll","background-type":"","background-media":"","overlay-type":"","overlay-color":"","overlay-opacity":"","overlay-gradient":""},"tablet":{"background-color":"","background-image":"","background-repeat":"repeat","background-position":"center center","background-size":"auto","background-attachment":"scroll","background-type":"","background-media":"","overlay-type":"","overlay-color":"","overlay-opacity":"","overlay-gradient":""},"mobile":{"background-color":"","background-image":"","background-repeat":"repeat","background-position":"center center","background-size":"auto","background-attachment":"scroll","background-type":"","background-media":"","overlay-type":"","overlay-color":"","overlay-opacity":"","overlay-gradient":""}},"ast-content-background-meta":{"desktop":{"background-color":"var(--ast-global-color-5)","background-image":"","background-repeat":"repeat","background-position":"center center","background-size":"auto","background-attachment":"scroll","background-type":"","background-media":"","overlay-type":"","overlay-color":"","overlay-opacity":"","overlay-gradient":""},"tablet":{"background-color":"var(--ast-global-color-5)","background-image":"","background-repeat":"repeat","background-position":"center center","background-size":"auto","background-attachment":"scroll","background-type":"","background-media":"","overlay-type":"","overlay-color":"","overlay-opacity":"","overlay-gradient":""},"mobile":{"background-color":"var(--ast-global-color-5)","background-image":"","background-repeat":"repeat","background-position":"center center","background-size":"auto","background-attachment":"scroll","background-type":"","background-media":"","overlay-type":"","overlay-color":"","overlay-opacity":"","overlay-gradient":""}}},"product_brand":[],"product_cat":[36],"product_tag":[365,423,341],"class_list":{"0":"post-924","1":"product","2":"type-product","3":"status-publish","4":"has-post-thumbnail","6":"product_cat-cama-mesa-banho","7":"product_tag-jogo-de-cama","8":"product_tag-jogo-lencol","9":"product_tag-queen","10":"desktop-align-center","11":"tablet-align-left","12":"mobile-align-center","14":"first","15":"instock","16":"shipping-taxable","17":"product-type-external"},"uagb_featured_image_src":{"full":["https:\/\/promocaododia.com.br\/site\/wp-content\/uploads\/2022\/11\/Jogo-De-Lencol-Casal-Queen-3-Pecas-Varias-Cores-Lalu-Enxovais-1.jpg",600,600,false],"thumbnail":["https:\/\/promocaododia.com.br\/site\/wp-content\/uploads\/2022\/11\/Jogo-De-Lencol-Casal-Queen-3-Pecas-Varias-Cores-Lalu-Enxovais-1-150x150.jpg",150,150,true],"medium":["https:\/\/promocaododia.com.br\/site\/wp-content\/uploads\/2022\/11\/Jogo-De-Lencol-Casal-Queen-3-Pecas-Varias-Cores-Lalu-Enxovais-1-300x300.jpg",300,300,true],"medium_large":["https:\/\/promocaododia.com.br\/site\/wp-content\/uploads\/2022\/11\/Jogo-De-Lencol-Casal-Queen-3-Pecas-Varias-Cores-Lalu-Enxovais-1.jpg",600,600,false],"large":["https:\/\/promocaododia.com.br\/site\/wp-content\/uploads\/2022\/11\/Jogo-De-Lencol-Casal-Queen-3-Pecas-Varias-Cores-Lalu-Enxovais-1.jpg",600,600,false],"1536x1536":["https:\/\/promocaododia.com.br\/site\/wp-content\/uploads\/2022\/11\/Jogo-De-Lencol-Casal-Queen-3-Pecas-Varias-Cores-Lalu-Enxovais-1.jpg",600,600,false],"2048x2048":["https:\/\/promocaododia.com.br\/site\/wp-content\/uploads\/2022\/11\/Jogo-De-Lencol-Casal-Queen-3-Pecas-Varias-Cores-Lalu-Enxovais-1.jpg",600,600,false],"woocommerce_thumbnail":["https:\/\/promocaododia.com.br\/site\/wp-content\/uploads\/2022\/11\/Jogo-De-Lencol-Casal-Queen-3-Pecas-Varias-Cores-Lalu-Enxovais-1-250x250.jpg",250,250,true],"woocommerce_single":["https:\/\/promocaododia.com.br\/site\/wp-content\/uploads\/2022\/11\/Jogo-De-Lencol-Casal-Queen-3-Pecas-Varias-Cores-Lalu-Enxovais-1-250x250.jpg",250,250,true],"woocommerce_gallery_thumbnail":["https:\/\/promocaododia.com.br\/site\/wp-content\/uploads\/2022\/11\/Jogo-De-Lencol-Casal-Queen-3-Pecas-Varias-Cores-Lalu-Enxovais-1-100x100.jpg",100,100,true]},"uagb_author_info":{"display_name":"danilo.gbr","author_link":"https:\/\/promocaododia.com.br\/site\/author\/"},"uagb_comment_info":0,"uagb_excerpt":"Jogo de Len\u00e7ol Casal Queen com El\u00e1stico Microfibra 100% Poli\u00e9ster Nada melhor que deitar em uma cama confort\u00e1vel, n\u00e3o \u00e9 mesmo? Dormir bem \u00e9 fundamental para a nossa sa\u00fade e bem-estar. O conforto e maciez que voc\u00ea precisa para deixar a hora de dormir ainda mais prazerosa! A microfibra \u00e9 uma composi\u00e7\u00e3o de fios bem&hellip;","_links":{"self":[{"href":"https:\/\/promocaododia.com.br\/site\/wp-json\/wp\/v2\/product\/924","targetHints":{"allow":["GET"]}}],"collection":[{"href":"https:\/\/promocaododia.com.br\/site\/wp-json\/wp\/v2\/product"}],"about":[{"href":"https:\/\/promocaododia.com.br\/site\/wp-json\/wp\/v2\/types\/product"}],"wp:featuredmedia":[{"embeddable":true,"href":"https:\/\/promocaododia.com.br\/site\/wp-json\/wp\/v2\/media\/926"}],"wp:attachment":[{"href":"https:\/\/promocaododia.com.br\/site\/wp-json\/wp\/v2\/media?parent=924"}],"wp:term":[{"taxonomy":"product_brand","embeddable":true,"href":"https:\/\/promocaododia.com.br\/site\/wp-json\/wp\/v2\/product_brand?post=924"},{"taxonomy":"product_cat","embeddable":true,"href":"https:\/\/promocaododia.com.br\/site\/wp-json\/wp\/v2\/product_cat?post=924"},{"taxonomy":"product_tag","embeddable":true,"href":"https:\/\/promocaododia.com.br\/site\/wp-json\/wp\/v2\/product_tag?post=924"}],"curies":[{"name":"wp","href":"https:\/\/api.w.org\/{rel}","templated":true}]}}