{"id":927,"date":"2022-11-02T18:17:00","date_gmt":"2022-11-02T21:17:00","guid":{"rendered":"https:\/\/promocaododia.com.br\/site\/?post_type=product&#038;p=927"},"modified":"2022-11-02T18:18:14","modified_gmt":"2022-11-02T21:18:14","slug":"travesseiro-anti-ronco-magnetico-alivia-dor-ortopedico-nipon-live","status":"publish","type":"product","link":"https:\/\/promocaododia.com.br\/site\/produto\/travesseiro-anti-ronco-magnetico-alivia-dor-ortopedico-nipon-live\/","title":{"rendered":"Travesseiro Anti Ronco Magnetico Alivia Dor Ortopedico &#8211; NIPON LIVE"},"content":{"rendered":"<p>Travesseiro Magn\u00e9tico Anti Ronco e Dores O travesseiro \u00e9 de suma import\u00e2ncia na qualidade do sono. Deve se adequar a estatura f\u00edsica do usu\u00e1rio, ajudando a proteger a coluna cervical, propiciando o perfeito alinhamento.<\/p>\n<p>Os travesseiros s\u00e3o firmes e confeccionados com espuma perfilada terap\u00eautica, o Rabatan High Tech. O Magnetismo e o Infravermelho Longo ajudam a diminuir o Stress, melhora a circula\u00e7\u00e3o sangu\u00ednea, ajuda a diminuir dores musculares, cansa\u00e7o f\u00edsico e mental entre outros benef\u00edcios comprovados cientificamente. Descri\u00e7\u00e3o:<\/p>\n<p>Travesseiro Magn\u00e9tico e Infravermelho Longo<\/p>\n<p>Produzido com uma camada em Rabatan sem tratamento, que emolda-se ao contorno do corpo proporcionando maior maciez e conforto, configurando tamb\u00e9m uma melhor sustenta\u00e7\u00e3o da cabe\u00e7a e maior durabilidade ao produto.<\/p>\n<p>Possui 24 Pastilhas Magn\u00e9ticas.<\/p>\n<p>Possui 24 Pastilhas Infravermelho Longo Anti Bact\u00e9ria(NanoBac).<\/p>\n<p>Tamanho Normal, para Fronhas 50cm x 70cm.<\/p>\n<p>Altura do travesseiro, 12 cm (M\u00e9dia) CARACTERISTICAS E BENEFIC\u00cdOS DO INFRAVERMELHO LONGO? O Infravermelho Longo \u00e9 essencial \u00e0 vida e possui diversas aplica\u00e7\u00f5es m\u00e9dicas, como:<\/p>\n<p>Acelera\u00e7\u00e3o do processo de renova\u00e7\u00e3o celular;<\/p>\n<p>Estimulo a circula\u00e7\u00e3o do sangue e equilibra nosso metabolismo naturalmente;<\/p>\n<p>Ajuda na elimina\u00e7\u00e3o de toxinas via urina e transpira\u00e7\u00e3o;<\/p>\n<p>Reduz a reten\u00e7\u00e3o de l\u00edquidos pelas c\u00e9lulas;<\/p>\n<p>Reduz a fadiga muscular e as c\u00e2imbras pela redu\u00e7\u00e3o do \u00e1cido l\u00e1tico;<\/p>\n<p>Diminui\u00e7\u00e3o das dores nas costas e articula\u00e7\u00f5es;<\/p>\n<p>Diminui edemas, inflama\u00e7\u00f5es, incha\u00e7os e dores musculares;<\/p>\n<p>Melhora a imunidade do organismo;<\/p>\n<p>Tem efeito t\u00e9rmico e anti-inflamat\u00f3rio sobre as estrias, celulite, remodela\u00e7\u00e3o epiteliais, forma\u00e7\u00e3o de col\u00e1geno e elastina, prevenindo e combatendo tamb\u00e9m a flacidez da pele.<\/p>\n<p>Promove a vasodilata\u00e7\u00e3o perif\u00e9rica, estimulando a microcircula\u00e7\u00e3o;<\/p>\n<p>Diminui a viscosidade do sangue e a adesividade plaquet\u00e1ria, proporcionando uma melhor oxigena\u00e7\u00e3o dos tecidos e o aumento do metabolismo celular;<\/p>\n<p>Ajuda na manuten\u00e7\u00e3o de sono tranquilo e profundo, mesmo em pacientes com asma;<\/p>\n<p>Aumenta a concentra\u00e7\u00e3o de ca2+ na membrana e no citoplasma celular produzindo uma ativa\u00e7\u00e3o celular;<\/p>\n<p>Diminui a agita\u00e7\u00e3o e ansiedade durante o dia; CARACTERISTICAS E BENEFIC\u00cdOS DO MAGNETISMO: Composi\u00e7\u00e3o das Pastilhas: Ferrite de Barion, de 800 Gaus. \u00c9 aplic\u00e1vel em todas as doen\u00e7as caracterizadas por dores, inflama\u00e7\u00f5es e\/ou d\u00e9ficit funcional vascular. Isso porque o magnetismo \u00e9 capaz de restabelecer o equil\u00edbrio bioqu\u00edmico das c\u00e9lulas e restaurar a funcionalidade da membrana celular, al\u00e9m de benef\u00edcios como:<\/p>\n<p>Melhora hidrata\u00e7\u00e3o e elasticidade da pele;<\/p>\n<p>Acelera o processo de renova\u00e7\u00e3o celular, eliminando toxinas dos tecidos diminuindo o incha\u00e7o;<\/p>\n<p>Reduz o \u00e1cido l\u00e1ctico respons\u00e1vel pela fadiga e dores e espasmos musculares, proporcionando relaxamento, aliviando o stress, o cansa\u00e7o e a tens\u00e3o;<\/p>\n<p>Ativa o sistema linf\u00e1tico;<\/p>\n<p>Ativa a vasodilata\u00e7\u00e3o perif\u00e9rica;<\/p>\n<p>Permite maior permeabilidade cut\u00e2nea para facilitar a penetra\u00e7\u00e3o de ativos lipol\u00edticos;<\/p>\n<p>Auxilia na fixa\u00e7\u00e3o de vitamina D;<\/p>\n<p>Reduz dores da artrose, artrite, dor lombar, da h\u00e9rnia de disco, osteoporose, doen\u00e7as reum\u00e1ticas;<\/p>\n<p>Reduz dores articulares, de joelho, cotovelos, tornozelos, ombros, pesco\u00e7o;<\/p>\n<p>Reduz incid\u00eancia de varizes;<\/p>\n<p>Reduz o formigamento das m\u00e3os e pernas;<\/p>\n<p>Capaz de produzir hiperemia e reduzir inflama\u00e7\u00f5es no corpo. CONTRA INDICA\u00c7\u00d5ES:<\/p>\n<p>H\u00e1 restri\u00e7\u00e3o de produtos com o magnetismo para pessoas que usam marcapasso.<\/p>\n<p>(O produto pode ser fornecido sem as pastilhas magn\u00e9ticas e assim tamb\u00e9m oferecer melhor qualidade de vida pelas demais terapias que comp\u00f5e o produto atrav\u00e9s aumento de 18 para 50 pontos de Infravermelho Longo nos Travesseiros Terap\u00eauticos Nipon Live). CUIDADOS ESPECIAIS: Nunca use em locais \u00famidos ou molhados;<\/p>\n<p>Evite usar qualquer travesseiro com os cabelos molhados. Se preciso proteja-o com uma toalha;<\/p>\n","protected":false},"excerpt":{"rendered":"<p>Travesseiro Magn\u00e9tico Anti Ronco e Dores O travesseiro \u00e9 de suma import\u00e2ncia na qualidade do sono. Deve se adequar a estatura f\u00edsica do usu\u00e1rio, ajudando a proteger a coluna cervical, propiciando o perfeito alinhamento. Os travesseiros s\u00e3o firmes e confeccionados com espuma perfilada terap\u00eautica, o Rabatan High Tech. O Magnetismo e o Infravermelho Longo ajudam a diminuir o Stress, melhora a circula\u00e7\u00e3o sangu\u00ednea, ajuda a diminuir dores musculares, cansa\u00e7o f\u00edsico e mental entre outros benef\u00edcios comprovados cientificamente. Descri\u00e7\u00e3o: Travesseiro Magn\u00e9tico e Infravermelho Longo Produzido com uma camada em Rabatan sem tratamento, que emolda-se ao contorno do corpo proporcionando maior maciez e conforto, configurando tamb\u00e9m uma melhor sustenta\u00e7\u00e3o da cabe\u00e7a e maior durabilidade ao produto. Possui 24 Pastilhas Magn\u00e9ticas. Possui 24 Pastilhas Infravermelho Longo Anti Bact\u00e9ria(NanoBac). Tamanho Normal, para Fronhas 50cm x 70cm. Altura do travesseiro, 12 cm (M\u00e9dia) CARACTERISTICAS E BENEFIC\u00cdOS DO INFRAVERMELHO LONGO? O Infravermelho Longo \u00e9 essencial \u00e0 vida e possui diversas aplica\u00e7\u00f5es m\u00e9dicas, como: Acelera\u00e7\u00e3o do processo de renova\u00e7\u00e3o celular; Estimulo a circula\u00e7\u00e3o do sangue e equilibra nosso metabolismo naturalmente; Ajuda na elimina\u00e7\u00e3o de toxinas via urina e transpira\u00e7\u00e3o; Reduz a reten\u00e7\u00e3o de l\u00edquidos pelas c\u00e9lulas; Reduz a fadiga muscular e as c\u00e2imbras pela redu\u00e7\u00e3o do \u00e1cido l\u00e1tico; Diminui\u00e7\u00e3o das dores nas costas e articula\u00e7\u00f5es; Diminui edemas, inflama\u00e7\u00f5es, incha\u00e7os e dores musculares; Melhora a imunidade do organismo; Tem efeito t\u00e9rmico e anti-inflamat\u00f3rio sobre as estrias, celulite, remodela\u00e7\u00e3o epiteliais, forma\u00e7\u00e3o de col\u00e1geno e elastina, prevenindo e combatendo tamb\u00e9m a flacidez da pele. Promove a vasodilata\u00e7\u00e3o perif\u00e9rica, estimulando a microcircula\u00e7\u00e3o; Diminui a viscosidade do sangue e a adesividade plaquet\u00e1ria, proporcionando uma melhor oxigena\u00e7\u00e3o dos tecidos e o aumento do metabolismo celular; Ajuda na manuten\u00e7\u00e3o de sono tranquilo e profundo, mesmo em pacientes com asma; Aumenta a concentra\u00e7\u00e3o de ca2+ na membrana e no citoplasma celular produzindo uma ativa\u00e7\u00e3o celular; Diminui a agita\u00e7\u00e3o e ansiedade durante o dia; CARACTERISTICAS E BENEFIC\u00cdOS DO MAGNETISMO: Composi\u00e7\u00e3o das Pastilhas: Ferrite de Barion, de 800 Gaus. \u00c9 aplic\u00e1vel em todas as doen\u00e7as caracterizadas por dores, inflama\u00e7\u00f5es e\/ou d\u00e9ficit funcional vascular. Isso porque o magnetismo \u00e9 capaz de restabelecer o equil\u00edbrio bioqu\u00edmico das c\u00e9lulas e restaurar a funcionalidade da membrana celular, al\u00e9m de benef\u00edcios como: Melhora hidrata\u00e7\u00e3o e elasticidade da pele; Acelera o processo de renova\u00e7\u00e3o celular, eliminando toxinas dos tecidos diminuindo o incha\u00e7o; Reduz o \u00e1cido l\u00e1ctico respons\u00e1vel pela fadiga e dores e espasmos musculares, proporcionando relaxamento, aliviando o stress, o cansa\u00e7o e a tens\u00e3o; Ativa o sistema linf\u00e1tico; Ativa a vasodilata\u00e7\u00e3o perif\u00e9rica; Permite maior permeabilidade cut\u00e2nea para facilitar a penetra\u00e7\u00e3o de ativos lipol\u00edticos; Auxilia na fixa\u00e7\u00e3o de vitamina D; Reduz dores da artrose, artrite, dor lombar, da h\u00e9rnia de disco, osteoporose, doen\u00e7as reum\u00e1ticas; Reduz dores articulares, de joelho, cotovelos, tornozelos, ombros, pesco\u00e7o; Reduz incid\u00eancia de varizes; Reduz o formigamento das m\u00e3os e pernas; Capaz de produzir hiperemia e reduzir inflama\u00e7\u00f5es no corpo. CONTRA INDICA\u00c7\u00d5ES: H\u00e1 restri\u00e7\u00e3o de produtos com o magnetismo para pessoas que usam marcapasso. (O produto pode ser fornecido sem as pastilhas magn\u00e9ticas e assim tamb\u00e9m oferecer melhor qualidade de vida pelas demais terapias que comp\u00f5e o produto atrav\u00e9s aumento de 18 para 50 pontos de Infravermelho Longo nos Travesseiros Terap\u00eauticos Nipon Live). CUIDADOS ESPECIAIS: Nunca use em locais \u00famidos ou molhados; Evite usar qualquer travesseiro com os cabelos molhados. Se preciso proteja-o com uma toalha;<\/p>\n","protected":false},"featured_media":928,"template":"","meta":{"_uag_custom_page_level_css":"","site-sidebar-layout":"default","site-content-layout":"default","ast-site-content-layout":"default","site-content-style":"default","site-sidebar-style":"default","ast-global-header-display":"","ast-banner-title-visibility":"","ast-main-header-display":"","ast-hfb-above-header-display":"","ast-hfb-below-header-display":"","ast-hfb-mobile-header-display":"","site-post-title":"","ast-breadcrumbs-content":"","ast-featured-img":"","footer-sml-layout":"","theme-transparent-header-meta":"default","adv-header-id-meta":"","stick-header-meta":"","header-above-stick-meta":"","header-main-stick-meta":"","header-below-stick-meta":"","astra-migrate-meta-layouts":"default","ast-page-background-enabled":"default","ast-page-background-meta":{"desktop":{"background-color":"","background-image":"","background-repeat":"repeat","background-position":"center center","background-size":"auto","background-attachment":"scroll","background-type":"","background-media":"","overlay-type":"","overlay-color":"","overlay-opacity":"","overlay-gradient":""},"tablet":{"background-color":"","background-image":"","background-repeat":"repeat","background-position":"center center","background-size":"auto","background-attachment":"scroll","background-type":"","background-media":"","overlay-type":"","overlay-color":"","overlay-opacity":"","overlay-gradient":""},"mobile":{"background-color":"","background-image":"","background-repeat":"repeat","background-position":"center center","background-size":"auto","background-attachment":"scroll","background-type":"","background-media":"","overlay-type":"","overlay-color":"","overlay-opacity":"","overlay-gradient":""}},"ast-content-background-meta":{"desktop":{"background-color":"var(--ast-global-color-5)","background-image":"","background-repeat":"repeat","background-position":"center center","background-size":"auto","background-attachment":"scroll","background-type":"","background-media":"","overlay-type":"","overlay-color":"","overlay-opacity":"","overlay-gradient":""},"tablet":{"background-color":"var(--ast-global-color-5)","background-image":"","background-repeat":"repeat","background-position":"center center","background-size":"auto","background-attachment":"scroll","background-type":"","background-media":"","overlay-type":"","overlay-color":"","overlay-opacity":"","overlay-gradient":""},"mobile":{"background-color":"var(--ast-global-color-5)","background-image":"","background-repeat":"repeat","background-position":"center center","background-size":"auto","background-attachment":"scroll","background-type":"","background-media":"","overlay-type":"","overlay-color":"","overlay-opacity":"","overlay-gradient":""}}},"product_brand":[],"product_cat":[36],"product_tag":[425,365,426,428,427,424],"class_list":{"0":"post-927","1":"product","2":"type-product","3":"status-publish","4":"has-post-thumbnail","6":"product_cat-cama-mesa-banho","7":"product_tag-anti-ronco","8":"product_tag-jogo-de-cama","9":"product_tag-magnetico","10":"product_tag-nipon-live","11":"product_tag-ortopedico","12":"product_tag-travesseiro","13":"desktop-align-center","14":"tablet-align-left","15":"mobile-align-center","17":"first","18":"instock","19":"shipping-taxable","20":"product-type-external"},"uagb_featured_image_src":{"full":["https:\/\/promocaododia.com.br\/site\/wp-content\/uploads\/2022\/11\/Travesseiro-Anti-Ronco-Magnetico-Alivia-Dor-Ortopedico-NIPON-LIVE.jpg",600,600,false],"thumbnail":["https:\/\/promocaododia.com.br\/site\/wp-content\/uploads\/2022\/11\/Travesseiro-Anti-Ronco-Magnetico-Alivia-Dor-Ortopedico-NIPON-LIVE-150x150.jpg",150,150,true],"medium":["https:\/\/promocaododia.com.br\/site\/wp-content\/uploads\/2022\/11\/Travesseiro-Anti-Ronco-Magnetico-Alivia-Dor-Ortopedico-NIPON-LIVE-300x300.jpg",300,300,true],"medium_large":["https:\/\/promocaododia.com.br\/site\/wp-content\/uploads\/2022\/11\/Travesseiro-Anti-Ronco-Magnetico-Alivia-Dor-Ortopedico-NIPON-LIVE.jpg",600,600,false],"large":["https:\/\/promocaododia.com.br\/site\/wp-content\/uploads\/2022\/11\/Travesseiro-Anti-Ronco-Magnetico-Alivia-Dor-Ortopedico-NIPON-LIVE.jpg",600,600,false],"1536x1536":["https:\/\/promocaododia.com.br\/site\/wp-content\/uploads\/2022\/11\/Travesseiro-Anti-Ronco-Magnetico-Alivia-Dor-Ortopedico-NIPON-LIVE.jpg",600,600,false],"2048x2048":["https:\/\/promocaododia.com.br\/site\/wp-content\/uploads\/2022\/11\/Travesseiro-Anti-Ronco-Magnetico-Alivia-Dor-Ortopedico-NIPON-LIVE.jpg",600,600,false],"woocommerce_thumbnail":["https:\/\/promocaododia.com.br\/site\/wp-content\/uploads\/2022\/11\/Travesseiro-Anti-Ronco-Magnetico-Alivia-Dor-Ortopedico-NIPON-LIVE-250x250.jpg",250,250,true],"woocommerce_single":["https:\/\/promocaododia.com.br\/site\/wp-content\/uploads\/2022\/11\/Travesseiro-Anti-Ronco-Magnetico-Alivia-Dor-Ortopedico-NIPON-LIVE-250x250.jpg",250,250,true],"woocommerce_gallery_thumbnail":["https:\/\/promocaododia.com.br\/site\/wp-content\/uploads\/2022\/11\/Travesseiro-Anti-Ronco-Magnetico-Alivia-Dor-Ortopedico-NIPON-LIVE-100x100.jpg",100,100,true]},"uagb_author_info":{"display_name":"danilo.gbr","author_link":"https:\/\/promocaododia.com.br\/site\/author\/"},"uagb_comment_info":0,"uagb_excerpt":"Travesseiro Magn\u00e9tico Anti Ronco e Dores O travesseiro \u00e9 de suma import\u00e2ncia na qualidade do sono. Deve se adequar a estatura f\u00edsica do usu\u00e1rio, ajudando a proteger a coluna cervical, propiciando o perfeito alinhamento. Os travesseiros s\u00e3o firmes e confeccionados com espuma perfilada terap\u00eautica, o Rabatan High Tech. O Magnetismo e o Infravermelho Longo ajudam&hellip;","_links":{"self":[{"href":"https:\/\/promocaododia.com.br\/site\/wp-json\/wp\/v2\/product\/927","targetHints":{"allow":["GET"]}}],"collection":[{"href":"https:\/\/promocaododia.com.br\/site\/wp-json\/wp\/v2\/product"}],"about":[{"href":"https:\/\/promocaododia.com.br\/site\/wp-json\/wp\/v2\/types\/product"}],"wp:featuredmedia":[{"embeddable":true,"href":"https:\/\/promocaododia.com.br\/site\/wp-json\/wp\/v2\/media\/928"}],"wp:attachment":[{"href":"https:\/\/promocaododia.com.br\/site\/wp-json\/wp\/v2\/media?parent=927"}],"wp:term":[{"taxonomy":"product_brand","embeddable":true,"href":"https:\/\/promocaododia.com.br\/site\/wp-json\/wp\/v2\/product_brand?post=927"},{"taxonomy":"product_cat","embeddable":true,"href":"https:\/\/promocaododia.com.br\/site\/wp-json\/wp\/v2\/product_cat?post=927"},{"taxonomy":"product_tag","embeddable":true,"href":"https:\/\/promocaododia.com.br\/site\/wp-json\/wp\/v2\/product_tag?post=927"}],"curies":[{"name":"wp","href":"https:\/\/api.w.org\/{rel}","templated":true}]}}