{"id":929,"date":"2022-11-02T18:50:12","date_gmt":"2022-11-02T21:50:12","guid":{"rendered":"https:\/\/promocaododia.com.br\/site\/?post_type=product&#038;p=929"},"modified":"2022-11-02T18:59:24","modified_gmt":"2022-11-02T21:59:24","slug":"blusa-de-moletom-flanelada-fechada-gap-logo-bordado-azul-marinho","status":"publish","type":"product","link":"https:\/\/promocaododia.com.br\/site\/produto\/blusa-de-moletom-flanelada-fechada-gap-logo-bordado-azul-marinho\/","title":{"rendered":"Blusa de Moletom Flanelada Fechada GAP Logo Bordado Azul-Marinho"},"content":{"rendered":"<h2 class=\"title title-39\">BLUSA DE MOLETOM FLANELADA FECHADA GAP LOGO BORDADO AZUL-MARINHO<\/h2>\n<p class=\"product-information-description\">Moletom Flanelado Fechado GAP Logo Bordado Azul-Marinho<br \/>\nModelagem: Reta<br \/>\nManga: Longa<br \/>\nGola: Com Capuz<br \/>\nTamanho: S (Veste P)<br \/>\nQuantidade de Bolsos: 1<br \/>\nMaterial: Algod\u00e3o<br \/>\nComposi\u00e7\u00e3o: 60% algod\u00e3o e 40% poli\u00e9ster<br \/>\nTipo de Tecido: Moletom flanelado<br \/>\nLavagem: Pode ser lavado na m\u00e1quina<br \/>\nMedidas da pe\u00e7a S (Veste P): Ombro: 8cm\/ Ombro a Ombro: 40cm\/ Manga: 62cm\/ Busto: 102cm \/Comprimento: 64cm<br \/>\nMedidas da pe\u00e7a no tamanho L (Veste G): Ombro: 12cm\/ Ombro a Ombro: 48cm\/ Manga: 62cm\/ Busto: 114cm \/Comprimento: 65cm<br \/>\nMedidas Modelo Pose 1: Altura: 1,72m\/ Busto: 81cm\/ Cintura: 60cm\/ Quadril: 90cm.<br \/>\nMedidas do Modelo Pose 2: Altura 1,81m \/ Busto: 102cm \/ Cintura: 84cm \/ Quadril: 113cm.<br \/>\nCaracter\u00edsticas Especiais: Possui capuz com ajuste e logo bordado frontal<\/p>\n","protected":false},"excerpt":{"rendered":"<p>BLUSA DE MOLETOM FLANELADA FECHADA GAP LOGO BORDADO AZUL-MARINHO Moletom Flanelado Fechado GAP Logo Bordado Azul-Marinho Modelagem: Reta Manga: Longa Gola: Com Capuz Tamanho: S (Veste P) Quantidade de Bolsos: 1 Material: Algod\u00e3o Composi\u00e7\u00e3o: 60% algod\u00e3o e 40% poli\u00e9ster Tipo de Tecido: Moletom flanelado Lavagem: Pode ser lavado na m\u00e1quina Medidas da pe\u00e7a S (Veste P): Ombro: 8cm\/ Ombro a Ombro: 40cm\/ Manga: 62cm\/ Busto: 102cm \/Comprimento: 64cm Medidas da pe\u00e7a no tamanho L (Veste G): Ombro: 12cm\/ Ombro a Ombro: 48cm\/ Manga: 62cm\/ Busto: 114cm \/Comprimento: 65cm Medidas Modelo Pose 1: Altura: 1,72m\/ Busto: 81cm\/ Cintura: 60cm\/ Quadril: 90cm. Medidas do Modelo Pose 2: Altura 1,81m \/ Busto: 102cm \/ Cintura: 84cm \/ Quadril: 113cm. Caracter\u00edsticas Especiais: Possui capuz com ajuste e logo bordado frontal<\/p>\n","protected":false},"featured_media":930,"template":"","meta":{"_uag_custom_page_level_css":"","site-sidebar-layout":"default","site-content-layout":"default","ast-site-content-layout":"default","site-content-style":"default","site-sidebar-style":"default","ast-global-header-display":"","ast-banner-title-visibility":"","ast-main-header-display":"","ast-hfb-above-header-display":"","ast-hfb-below-header-display":"","ast-hfb-mobile-header-display":"","site-post-title":"","ast-breadcrumbs-content":"","ast-featured-img":"","footer-sml-layout":"","theme-transparent-header-meta":"default","adv-header-id-meta":"","stick-header-meta":"","header-above-stick-meta":"","header-main-stick-meta":"","header-below-stick-meta":"","astra-migrate-meta-layouts":"default","ast-page-background-enabled":"default","ast-page-background-meta":{"desktop":{"background-color":"","background-image":"","background-repeat":"repeat","background-position":"center center","background-size":"auto","background-attachment":"scroll","background-type":"","background-media":"","overlay-type":"","overlay-color":"","overlay-opacity":"","overlay-gradient":""},"tablet":{"background-color":"","background-image":"","background-repeat":"repeat","background-position":"center center","background-size":"auto","background-attachment":"scroll","background-type":"","background-media":"","overlay-type":"","overlay-color":"","overlay-opacity":"","overlay-gradient":""},"mobile":{"background-color":"","background-image":"","background-repeat":"repeat","background-position":"center center","background-size":"auto","background-attachment":"scroll","background-type":"","background-media":"","overlay-type":"","overlay-color":"","overlay-opacity":"","overlay-gradient":""}},"ast-content-background-meta":{"desktop":{"background-color":"var(--ast-global-color-5)","background-image":"","background-repeat":"repeat","background-position":"center center","background-size":"auto","background-attachment":"scroll","background-type":"","background-media":"","overlay-type":"","overlay-color":"","overlay-opacity":"","overlay-gradient":""},"tablet":{"background-color":"var(--ast-global-color-5)","background-image":"","background-repeat":"repeat","background-position":"center center","background-size":"auto","background-attachment":"scroll","background-type":"","background-media":"","overlay-type":"","overlay-color":"","overlay-opacity":"","overlay-gradient":""},"mobile":{"background-color":"var(--ast-global-color-5)","background-image":"","background-repeat":"repeat","background-position":"center center","background-size":"auto","background-attachment":"scroll","background-type":"","background-media":"","overlay-type":"","overlay-color":"","overlay-opacity":"","overlay-gradient":""}}},"product_brand":[],"product_cat":[278,58,30],"product_tag":[430,431,429],"class_list":{"0":"post-929","1":"product","2":"type-product","3":"status-publish","4":"has-post-thumbnail","6":"product_cat-blusa","7":"product_cat-feminina","8":"product_cat-moda","9":"product_tag-blusa-de-moleton","10":"product_tag-flanelada","11":"product_tag-gap","12":"desktop-align-center","13":"tablet-align-left","14":"mobile-align-center","16":"first","17":"instock","18":"sale","19":"shipping-taxable","20":"product-type-external"},"uagb_featured_image_src":{"full":["https:\/\/promocaododia.com.br\/site\/wp-content\/uploads\/2022\/11\/Blusa-de-Moletom-Flanelada-Fechada-GAP-Logo-Bordado-Azul-Marinho.jpg",600,600,false],"thumbnail":["https:\/\/promocaododia.com.br\/site\/wp-content\/uploads\/2022\/11\/Blusa-de-Moletom-Flanelada-Fechada-GAP-Logo-Bordado-Azul-Marinho-150x150.jpg",150,150,true],"medium":["https:\/\/promocaododia.com.br\/site\/wp-content\/uploads\/2022\/11\/Blusa-de-Moletom-Flanelada-Fechada-GAP-Logo-Bordado-Azul-Marinho-300x300.jpg",300,300,true],"medium_large":["https:\/\/promocaododia.com.br\/site\/wp-content\/uploads\/2022\/11\/Blusa-de-Moletom-Flanelada-Fechada-GAP-Logo-Bordado-Azul-Marinho.jpg",600,600,false],"large":["https:\/\/promocaododia.com.br\/site\/wp-content\/uploads\/2022\/11\/Blusa-de-Moletom-Flanelada-Fechada-GAP-Logo-Bordado-Azul-Marinho.jpg",600,600,false],"1536x1536":["https:\/\/promocaododia.com.br\/site\/wp-content\/uploads\/2022\/11\/Blusa-de-Moletom-Flanelada-Fechada-GAP-Logo-Bordado-Azul-Marinho.jpg",600,600,false],"2048x2048":["https:\/\/promocaododia.com.br\/site\/wp-content\/uploads\/2022\/11\/Blusa-de-Moletom-Flanelada-Fechada-GAP-Logo-Bordado-Azul-Marinho.jpg",600,600,false],"woocommerce_thumbnail":["https:\/\/promocaododia.com.br\/site\/wp-content\/uploads\/2022\/11\/Blusa-de-Moletom-Flanelada-Fechada-GAP-Logo-Bordado-Azul-Marinho-250x250.jpg",250,250,true],"woocommerce_single":["https:\/\/promocaododia.com.br\/site\/wp-content\/uploads\/2022\/11\/Blusa-de-Moletom-Flanelada-Fechada-GAP-Logo-Bordado-Azul-Marinho-250x250.jpg",250,250,true],"woocommerce_gallery_thumbnail":["https:\/\/promocaododia.com.br\/site\/wp-content\/uploads\/2022\/11\/Blusa-de-Moletom-Flanelada-Fechada-GAP-Logo-Bordado-Azul-Marinho-100x100.jpg",100,100,true]},"uagb_author_info":{"display_name":"danilo.gbr","author_link":"https:\/\/promocaododia.com.br\/site\/author\/"},"uagb_comment_info":0,"uagb_excerpt":"BLUSA DE MOLETOM FLANELADA FECHADA GAP LOGO BORDADO AZUL-MARINHO Moletom Flanelado Fechado GAP Logo Bordado Azul-Marinho Modelagem: Reta Manga: Longa Gola: Com Capuz Tamanho: S (Veste P) Quantidade de Bolsos: 1 Material: Algod\u00e3o Composi\u00e7\u00e3o: 60% algod\u00e3o e 40% poli\u00e9ster Tipo de Tecido: Moletom flanelado Lavagem: Pode ser lavado na m\u00e1quina Medidas da pe\u00e7a S (Veste&hellip;","_links":{"self":[{"href":"https:\/\/promocaododia.com.br\/site\/wp-json\/wp\/v2\/product\/929","targetHints":{"allow":["GET"]}}],"collection":[{"href":"https:\/\/promocaododia.com.br\/site\/wp-json\/wp\/v2\/product"}],"about":[{"href":"https:\/\/promocaododia.com.br\/site\/wp-json\/wp\/v2\/types\/product"}],"wp:featuredmedia":[{"embeddable":true,"href":"https:\/\/promocaododia.com.br\/site\/wp-json\/wp\/v2\/media\/930"}],"wp:attachment":[{"href":"https:\/\/promocaododia.com.br\/site\/wp-json\/wp\/v2\/media?parent=929"}],"wp:term":[{"taxonomy":"product_brand","embeddable":true,"href":"https:\/\/promocaododia.com.br\/site\/wp-json\/wp\/v2\/product_brand?post=929"},{"taxonomy":"product_cat","embeddable":true,"href":"https:\/\/promocaododia.com.br\/site\/wp-json\/wp\/v2\/product_cat?post=929"},{"taxonomy":"product_tag","embeddable":true,"href":"https:\/\/promocaododia.com.br\/site\/wp-json\/wp\/v2\/product_tag?post=929"}],"curies":[{"name":"wp","href":"https:\/\/api.w.org\/{rel}","templated":true}]}}