{"id":931,"date":"2022-11-03T18:22:02","date_gmt":"2022-11-03T21:22:02","guid":{"rendered":"https:\/\/promocaododia.com.br\/site\/?post_type=product&#038;p=931"},"modified":"2022-11-03T18:22:02","modified_gmt":"2022-11-03T21:22:02","slug":"conjunto-panelas-16-pecas-antiaderente-teflon-tampa-vidro-manolar","status":"publish","type":"product","link":"https:\/\/promocaododia.com.br\/site\/produto\/conjunto-panelas-16-pecas-antiaderente-teflon-tampa-vidro-manolar\/","title":{"rendered":"Conjunto Panelas 16 Pe\u00e7as Antiaderente Teflon Tampa Vidro &#8211; Manolar"},"content":{"rendered":"<p>Descri\u00e7\u00e3o- Qualidade Top- Pre\u00e7o Justo- Antiaderente- Maior rapidez e facilidade- F\u00e1cil de lavar- Pegadores, al\u00e7as e cabos antit\u00e9rmicos (n\u00e3o esquenta)- Design elegante &#8212;&#8211; O conjunto de panelas mais completo com a qualidade que sua fam\u00edlia merece e com o pre\u00e7o justo que seu bolso merece! As panelas s\u00e3o em alum\u00ednio com revestimento antiaderente que al\u00e9m de facilitar a prepara\u00e7\u00e3o de alimentos com maior rapidez e facilidade, torna a hora de lavar a lou\u00e7a uma tarefa mais simples. Os cabos, al\u00e7as e pegadores da tampa s\u00e3o anat\u00f4micos em baquelite antit\u00e9rmico, proporcionando maior seguran\u00e7a e durabilidade com eleg\u00e2ncia e modernidade para a sua cozinha! Ideal para cozinhar no dia a dia, proporciona qualidade e conforto. DESCRI\u00c7\u00c3O: Material: Teflon Antiaderente: Sim Espessura Material: 1,5mmCor: Preto ou VermelhoCONTE\u00daDO:01 &#8211; Panela de 14cm de di\u00e2metro,01 &#8211; Panela de 16cm de di\u00e2metro,01 &#8211; Panela de 18cm de di\u00e2metro,01 &#8211; Panela de 20cm de di\u00e2metro,01 &#8211; Ca\u00e7arola de 16cm de di\u00e2metro,01 &#8211; Ca\u00e7arola de 20cm de di\u00e2metro,01 &#8211; Fervedor de 14cm de di\u00e2metro,01 &#8211; Frigideira de 16cm de di\u00e2metro,01 &#8211; Frigideira de 18cm de di\u00e2metro,01 &#8211; Frigideira de 20cm de di\u00e2metro,01 &#8211; Forma de Bolo 25cm de di\u00e2metro,01 &#8211; Forma de Pudim 20cm de di\u00e2metro,01 &#8211; Assadeira 30x20cm,+ Um jogo de 3 esp\u00e1tulas&#8212;&#8211;Caso tenha alguma problema ap\u00f3s a compra, conte sempre com nossa equipe de p\u00f3s venda personalizado para solucion\u00e1-lo! Temos como foco principal proporcionar uma boa experi\u00eancia de compra ao cliente. Nossa prioridade \u00e9 garantir uma compra agrad\u00e1vel e saud\u00e1vel, oferecendo produtos de qualidade, entrega com agilidade e seguran\u00e7a, sempre com promo\u00e7\u00f5es a pre\u00e7os agressivos.<\/p>\n","protected":false},"excerpt":{"rendered":"<p>Descri\u00e7\u00e3o- Qualidade Top- Pre\u00e7o Justo- Antiaderente- Maior rapidez e facilidade- F\u00e1cil de lavar- Pegadores, al\u00e7as e cabos antit\u00e9rmicos (n\u00e3o esquenta)- Design elegante &#8212;&#8211; O conjunto de panelas mais completo com a qualidade que sua fam\u00edlia merece e com o pre\u00e7o justo que seu bolso merece! As panelas s\u00e3o em alum\u00ednio com revestimento antiaderente que al\u00e9m de facilitar a prepara\u00e7\u00e3o de alimentos com maior rapidez e facilidade, torna a hora de lavar a lou\u00e7a uma tarefa mais simples. Os cabos, al\u00e7as e pegadores da tampa s\u00e3o anat\u00f4micos em baquelite antit\u00e9rmico, proporcionando maior seguran\u00e7a e durabilidade com eleg\u00e2ncia e modernidade para a sua cozinha! Ideal para cozinhar no dia a dia, proporciona qualidade e conforto. DESCRI\u00c7\u00c3O: Material: Teflon Antiaderente: Sim Espessura Material: 1,5mmCor: Preto ou VermelhoCONTE\u00daDO:01 &#8211; Panela de 14cm de di\u00e2metro,01 &#8211; Panela de 16cm de di\u00e2metro,01 &#8211; Panela de 18cm de di\u00e2metro,01 &#8211; Panela de 20cm de di\u00e2metro,01 &#8211; Ca\u00e7arola de 16cm de di\u00e2metro,01 &#8211; Ca\u00e7arola de 20cm de di\u00e2metro,01 &#8211; Fervedor de 14cm de di\u00e2metro,01 &#8211; Frigideira de 16cm de di\u00e2metro,01 &#8211; Frigideira de 18cm de di\u00e2metro,01 &#8211; Frigideira de 20cm de di\u00e2metro,01 &#8211; Forma de Bolo 25cm de di\u00e2metro,01 &#8211; Forma de Pudim 20cm de di\u00e2metro,01 &#8211; Assadeira 30x20cm,+ Um jogo de 3 esp\u00e1tulas&#8212;&#8211;Caso tenha alguma problema ap\u00f3s a compra, conte sempre com nossa equipe de p\u00f3s venda personalizado para solucion\u00e1-lo! Temos como foco principal proporcionar uma boa experi\u00eancia de compra ao cliente. Nossa prioridade \u00e9 garantir uma compra agrad\u00e1vel e saud\u00e1vel, oferecendo produtos de qualidade, entrega com agilidade e seguran\u00e7a, sempre com promo\u00e7\u00f5es a pre\u00e7os agressivos.<\/p>\n","protected":false},"featured_media":932,"template":"","meta":{"_uag_custom_page_level_css":"","site-sidebar-layout":"default","site-content-layout":"default","ast-site-content-layout":"default","site-content-style":"default","site-sidebar-style":"default","ast-global-header-display":"","ast-banner-title-visibility":"","ast-main-header-display":"","ast-hfb-above-header-display":"","ast-hfb-below-header-display":"","ast-hfb-mobile-header-display":"","site-post-title":"","ast-breadcrumbs-content":"","ast-featured-img":"","footer-sml-layout":"","theme-transparent-header-meta":"default","adv-header-id-meta":"","stick-header-meta":"","header-above-stick-meta":"","header-main-stick-meta":"","header-below-stick-meta":"","astra-migrate-meta-layouts":"default","ast-page-background-enabled":"default","ast-page-background-meta":{"desktop":{"background-color":"","background-image":"","background-repeat":"repeat","background-position":"center center","background-size":"auto","background-attachment":"scroll","background-type":"","background-media":"","overlay-type":"","overlay-color":"","overlay-opacity":"","overlay-gradient":""},"tablet":{"background-color":"","background-image":"","background-repeat":"repeat","background-position":"center center","background-size":"auto","background-attachment":"scroll","background-type":"","background-media":"","overlay-type":"","overlay-color":"","overlay-opacity":"","overlay-gradient":""},"mobile":{"background-color":"","background-image":"","background-repeat":"repeat","background-position":"center center","background-size":"auto","background-attachment":"scroll","background-type":"","background-media":"","overlay-type":"","overlay-color":"","overlay-opacity":"","overlay-gradient":""}},"ast-content-background-meta":{"desktop":{"background-color":"var(--ast-global-color-5)","background-image":"","background-repeat":"repeat","background-position":"center center","background-size":"auto","background-attachment":"scroll","background-type":"","background-media":"","overlay-type":"","overlay-color":"","overlay-opacity":"","overlay-gradient":""},"tablet":{"background-color":"var(--ast-global-color-5)","background-image":"","background-repeat":"repeat","background-position":"center center","background-size":"auto","background-attachment":"scroll","background-type":"","background-media":"","overlay-type":"","overlay-color":"","overlay-opacity":"","overlay-gradient":""},"mobile":{"background-color":"var(--ast-global-color-5)","background-image":"","background-repeat":"repeat","background-position":"center center","background-size":"auto","background-attachment":"scroll","background-type":"","background-media":"","overlay-type":"","overlay-color":"","overlay-opacity":"","overlay-gradient":""}}},"product_brand":[],"product_cat":[19,18],"product_tag":[432,206,117,344],"class_list":{"0":"post-931","1":"product","2":"type-product","3":"status-publish","4":"has-post-thumbnail","6":"product_cat-conjunto-de-panelas","7":"product_cat-utensilios-para-cozinhar","8":"product_tag-casa","9":"product_tag-conjunto-de-panelas","10":"product_tag-cozinha","11":"product_tag-utensilios","12":"desktop-align-center","13":"tablet-align-left","14":"mobile-align-center","16":"first","17":"instock","18":"sale","19":"shipping-taxable","20":"product-type-external"},"uagb_featured_image_src":{"full":["https:\/\/promocaododia.com.br\/site\/wp-content\/uploads\/2022\/11\/Conjunto-Panelas-16-Pecas-Antiaderente-Teflon-Tampa-Vidro-Manolar.jpg",600,600,false],"thumbnail":["https:\/\/promocaododia.com.br\/site\/wp-content\/uploads\/2022\/11\/Conjunto-Panelas-16-Pecas-Antiaderente-Teflon-Tampa-Vidro-Manolar-150x150.jpg",150,150,true],"medium":["https:\/\/promocaododia.com.br\/site\/wp-content\/uploads\/2022\/11\/Conjunto-Panelas-16-Pecas-Antiaderente-Teflon-Tampa-Vidro-Manolar-300x300.jpg",300,300,true],"medium_large":["https:\/\/promocaododia.com.br\/site\/wp-content\/uploads\/2022\/11\/Conjunto-Panelas-16-Pecas-Antiaderente-Teflon-Tampa-Vidro-Manolar.jpg",600,600,false],"large":["https:\/\/promocaododia.com.br\/site\/wp-content\/uploads\/2022\/11\/Conjunto-Panelas-16-Pecas-Antiaderente-Teflon-Tampa-Vidro-Manolar.jpg",600,600,false],"1536x1536":["https:\/\/promocaododia.com.br\/site\/wp-content\/uploads\/2022\/11\/Conjunto-Panelas-16-Pecas-Antiaderente-Teflon-Tampa-Vidro-Manolar.jpg",600,600,false],"2048x2048":["https:\/\/promocaododia.com.br\/site\/wp-content\/uploads\/2022\/11\/Conjunto-Panelas-16-Pecas-Antiaderente-Teflon-Tampa-Vidro-Manolar.jpg",600,600,false],"woocommerce_thumbnail":["https:\/\/promocaododia.com.br\/site\/wp-content\/uploads\/2022\/11\/Conjunto-Panelas-16-Pecas-Antiaderente-Teflon-Tampa-Vidro-Manolar-250x250.jpg",250,250,true],"woocommerce_single":["https:\/\/promocaododia.com.br\/site\/wp-content\/uploads\/2022\/11\/Conjunto-Panelas-16-Pecas-Antiaderente-Teflon-Tampa-Vidro-Manolar-250x250.jpg",250,250,true],"woocommerce_gallery_thumbnail":["https:\/\/promocaododia.com.br\/site\/wp-content\/uploads\/2022\/11\/Conjunto-Panelas-16-Pecas-Antiaderente-Teflon-Tampa-Vidro-Manolar-100x100.jpg",100,100,true]},"uagb_author_info":{"display_name":"danilo.gbr","author_link":"https:\/\/promocaododia.com.br\/site\/author\/"},"uagb_comment_info":0,"uagb_excerpt":"Descri\u00e7\u00e3o- Qualidade Top- Pre\u00e7o Justo- Antiaderente- Maior rapidez e facilidade- F\u00e1cil de lavar- Pegadores, al\u00e7as e cabos antit\u00e9rmicos (n\u00e3o esquenta)- Design elegante &#8212;&#8211; O conjunto de panelas mais completo com a qualidade que sua fam\u00edlia merece e com o pre\u00e7o justo que seu bolso merece! As panelas s\u00e3o em alum\u00ednio com revestimento antiaderente que al\u00e9m&hellip;","_links":{"self":[{"href":"https:\/\/promocaododia.com.br\/site\/wp-json\/wp\/v2\/product\/931","targetHints":{"allow":["GET"]}}],"collection":[{"href":"https:\/\/promocaododia.com.br\/site\/wp-json\/wp\/v2\/product"}],"about":[{"href":"https:\/\/promocaododia.com.br\/site\/wp-json\/wp\/v2\/types\/product"}],"wp:featuredmedia":[{"embeddable":true,"href":"https:\/\/promocaododia.com.br\/site\/wp-json\/wp\/v2\/media\/932"}],"wp:attachment":[{"href":"https:\/\/promocaododia.com.br\/site\/wp-json\/wp\/v2\/media?parent=931"}],"wp:term":[{"taxonomy":"product_brand","embeddable":true,"href":"https:\/\/promocaododia.com.br\/site\/wp-json\/wp\/v2\/product_brand?post=931"},{"taxonomy":"product_cat","embeddable":true,"href":"https:\/\/promocaododia.com.br\/site\/wp-json\/wp\/v2\/product_cat?post=931"},{"taxonomy":"product_tag","embeddable":true,"href":"https:\/\/promocaododia.com.br\/site\/wp-json\/wp\/v2\/product_tag?post=931"}],"curies":[{"name":"wp","href":"https:\/\/api.w.org\/{rel}","templated":true}]}}