{"id":933,"date":"2022-11-03T18:35:52","date_gmt":"2022-11-03T21:35:52","guid":{"rendered":"https:\/\/promocaododia.com.br\/site\/?post_type=product&#038;p=933"},"modified":"2022-11-03T18:36:11","modified_gmt":"2022-11-03T21:36:11","slug":"aspirador-de-po-vertical-2-em-1-philco-pas1300v-multi-clean-com-1300w-vermelho","status":"publish","type":"product","link":"https:\/\/promocaododia.com.br\/site\/produto\/aspirador-de-po-vertical-2-em-1-philco-pas1300v-multi-clean-com-1300w-vermelho\/","title":{"rendered":"Aspirador de P\u00f3 Vertical 2 em 1 Philco PAS1300V Multi Clean com 1300W &#8211; Vermelho"},"content":{"rendered":"<p>O\u00a0<strong>Aspirador de P\u00f3 Vertical Philco PAS1300V Multi Clean<\/strong>\u00a0\u00e9 tudo o que voc\u00ea precisa para fazer uma limpeza completa na sua casa!<\/p>\n<p>Com 1300W de pot\u00eancia, o\u00a0<strong>Aspirador de P\u00f3 Vertical Philco PAS1300V Multi Clean<\/strong>\u00a0\u00e9 2 em 1 e pode ser usado tanto na vertical (vassourinha) quanto port\u00e1til, ou seja, maior praticidade para voc\u00ea fazer uma limpeza completa e eficiente.<\/p>\n<p>Este incr\u00edvel Aspirador possui ainda o filtro Hepa que \u00e9 capaz de filtrar at\u00e9 99,5% das impurezas do ar, proporcionando um ambiente mais limpo e livre de bact\u00e9rias. Al\u00e9m disso, conta com reservat\u00f3rio transparente e remov\u00edvel com capacidade para 650ml e um cabo el\u00e9trico de 5,5 metros, que garante maior liberdade e mobilidade na hora da faxina.<\/p>\n<p>Adquira agora mesmo o\u00a0<strong>Aspirador de P\u00f3 Vertical Philco PAS1300V Multi Clean<\/strong>\u00a0e ganhe praticidade para fazer a limpeza da sua casa!<\/p>\n","protected":false},"excerpt":{"rendered":"<p>O\u00a0Aspirador de P\u00f3 Vertical Philco PAS1300V Multi Clean\u00a0\u00e9 tudo o que voc\u00ea precisa para fazer uma limpeza completa na sua casa! Com 1300W de pot\u00eancia, o\u00a0Aspirador de P\u00f3 Vertical Philco PAS1300V Multi Clean\u00a0\u00e9 2 em 1 e pode ser usado tanto na vertical (vassourinha) quanto port\u00e1til, ou seja, maior praticidade para voc\u00ea fazer uma limpeza completa e eficiente. Este incr\u00edvel Aspirador possui ainda o filtro Hepa que \u00e9 capaz de filtrar at\u00e9 99,5% das impurezas do ar, proporcionando um ambiente mais limpo e livre de bact\u00e9rias. Al\u00e9m disso, conta com reservat\u00f3rio transparente e remov\u00edvel com capacidade para 650ml e um cabo el\u00e9trico de 5,5 metros, que garante maior liberdade e mobilidade na hora da faxina. Adquira agora mesmo o\u00a0Aspirador de P\u00f3 Vertical Philco PAS1300V Multi Clean\u00a0e ganhe praticidade para fazer a limpeza da sua casa!<\/p>\n","protected":false},"featured_media":934,"template":"","meta":{"_uag_custom_page_level_css":"","site-sidebar-layout":"default","site-content-layout":"default","ast-site-content-layout":"default","site-content-style":"default","site-sidebar-style":"default","ast-global-header-display":"","ast-banner-title-visibility":"","ast-main-header-display":"","ast-hfb-above-header-display":"","ast-hfb-below-header-display":"","ast-hfb-mobile-header-display":"","site-post-title":"","ast-breadcrumbs-content":"","ast-featured-img":"","footer-sml-layout":"","theme-transparent-header-meta":"default","adv-header-id-meta":"","stick-header-meta":"","header-above-stick-meta":"","header-main-stick-meta":"","header-below-stick-meta":"","astra-migrate-meta-layouts":"default","ast-page-background-enabled":"default","ast-page-background-meta":{"desktop":{"background-color":"","background-image":"","background-repeat":"repeat","background-position":"center center","background-size":"auto","background-attachment":"scroll","background-type":"","background-media":"","overlay-type":"","overlay-color":"","overlay-opacity":"","overlay-gradient":""},"tablet":{"background-color":"","background-image":"","background-repeat":"repeat","background-position":"center center","background-size":"auto","background-attachment":"scroll","background-type":"","background-media":"","overlay-type":"","overlay-color":"","overlay-opacity":"","overlay-gradient":""},"mobile":{"background-color":"","background-image":"","background-repeat":"repeat","background-position":"center center","background-size":"auto","background-attachment":"scroll","background-type":"","background-media":"","overlay-type":"","overlay-color":"","overlay-opacity":"","overlay-gradient":""}},"ast-content-background-meta":{"desktop":{"background-color":"var(--ast-global-color-5)","background-image":"","background-repeat":"repeat","background-position":"center center","background-size":"auto","background-attachment":"scroll","background-type":"","background-media":"","overlay-type":"","overlay-color":"","overlay-opacity":"","overlay-gradient":""},"tablet":{"background-color":"var(--ast-global-color-5)","background-image":"","background-repeat":"repeat","background-position":"center center","background-size":"auto","background-attachment":"scroll","background-type":"","background-media":"","overlay-type":"","overlay-color":"","overlay-opacity":"","overlay-gradient":""},"mobile":{"background-color":"var(--ast-global-color-5)","background-image":"","background-repeat":"repeat","background-position":"center center","background-size":"auto","background-attachment":"scroll","background-type":"","background-media":"","overlay-type":"","overlay-color":"","overlay-opacity":"","overlay-gradient":""}}},"product_brand":[],"product_cat":[433,28],"product_tag":[436,434,435],"class_list":{"0":"post-933","1":"product","2":"type-product","3":"status-publish","4":"has-post-thumbnail","6":"product_cat-aspirador","7":"product_cat-eletrodomesticos","8":"product_tag-1300w","9":"product_tag-aspirador-de-po","10":"product_tag-philco","11":"desktop-align-center","12":"tablet-align-left","13":"mobile-align-center","15":"first","16":"instock","17":"sale","18":"shipping-taxable","19":"product-type-external"},"uagb_featured_image_src":{"full":["https:\/\/promocaododia.com.br\/site\/wp-content\/uploads\/2022\/11\/Aspirador-de-Po-Vertical-2-em-1-Philco-PAS1300V-Multi-Clean-com-1300W-Vermelho.jpg",600,600,false],"thumbnail":["https:\/\/promocaododia.com.br\/site\/wp-content\/uploads\/2022\/11\/Aspirador-de-Po-Vertical-2-em-1-Philco-PAS1300V-Multi-Clean-com-1300W-Vermelho-150x150.jpg",150,150,true],"medium":["https:\/\/promocaododia.com.br\/site\/wp-content\/uploads\/2022\/11\/Aspirador-de-Po-Vertical-2-em-1-Philco-PAS1300V-Multi-Clean-com-1300W-Vermelho-300x300.jpg",300,300,true],"medium_large":["https:\/\/promocaododia.com.br\/site\/wp-content\/uploads\/2022\/11\/Aspirador-de-Po-Vertical-2-em-1-Philco-PAS1300V-Multi-Clean-com-1300W-Vermelho.jpg",600,600,false],"large":["https:\/\/promocaododia.com.br\/site\/wp-content\/uploads\/2022\/11\/Aspirador-de-Po-Vertical-2-em-1-Philco-PAS1300V-Multi-Clean-com-1300W-Vermelho.jpg",600,600,false],"1536x1536":["https:\/\/promocaododia.com.br\/site\/wp-content\/uploads\/2022\/11\/Aspirador-de-Po-Vertical-2-em-1-Philco-PAS1300V-Multi-Clean-com-1300W-Vermelho.jpg",600,600,false],"2048x2048":["https:\/\/promocaododia.com.br\/site\/wp-content\/uploads\/2022\/11\/Aspirador-de-Po-Vertical-2-em-1-Philco-PAS1300V-Multi-Clean-com-1300W-Vermelho.jpg",600,600,false],"woocommerce_thumbnail":["https:\/\/promocaododia.com.br\/site\/wp-content\/uploads\/2022\/11\/Aspirador-de-Po-Vertical-2-em-1-Philco-PAS1300V-Multi-Clean-com-1300W-Vermelho-250x250.jpg",250,250,true],"woocommerce_single":["https:\/\/promocaododia.com.br\/site\/wp-content\/uploads\/2022\/11\/Aspirador-de-Po-Vertical-2-em-1-Philco-PAS1300V-Multi-Clean-com-1300W-Vermelho-250x250.jpg",250,250,true],"woocommerce_gallery_thumbnail":["https:\/\/promocaododia.com.br\/site\/wp-content\/uploads\/2022\/11\/Aspirador-de-Po-Vertical-2-em-1-Philco-PAS1300V-Multi-Clean-com-1300W-Vermelho-100x100.jpg",100,100,true]},"uagb_author_info":{"display_name":"danilo.gbr","author_link":"https:\/\/promocaododia.com.br\/site\/author\/"},"uagb_comment_info":0,"uagb_excerpt":"O\u00a0Aspirador de P\u00f3 Vertical Philco PAS1300V Multi Clean\u00a0\u00e9 tudo o que voc\u00ea precisa para fazer uma limpeza completa na sua casa! Com 1300W de pot\u00eancia, o\u00a0Aspirador de P\u00f3 Vertical Philco PAS1300V Multi Clean\u00a0\u00e9 2 em 1 e pode ser usado tanto na vertical (vassourinha) quanto port\u00e1til, ou seja, maior praticidade para voc\u00ea fazer uma limpeza&hellip;","_links":{"self":[{"href":"https:\/\/promocaododia.com.br\/site\/wp-json\/wp\/v2\/product\/933","targetHints":{"allow":["GET"]}}],"collection":[{"href":"https:\/\/promocaododia.com.br\/site\/wp-json\/wp\/v2\/product"}],"about":[{"href":"https:\/\/promocaododia.com.br\/site\/wp-json\/wp\/v2\/types\/product"}],"wp:featuredmedia":[{"embeddable":true,"href":"https:\/\/promocaododia.com.br\/site\/wp-json\/wp\/v2\/media\/934"}],"wp:attachment":[{"href":"https:\/\/promocaododia.com.br\/site\/wp-json\/wp\/v2\/media?parent=933"}],"wp:term":[{"taxonomy":"product_brand","embeddable":true,"href":"https:\/\/promocaododia.com.br\/site\/wp-json\/wp\/v2\/product_brand?post=933"},{"taxonomy":"product_cat","embeddable":true,"href":"https:\/\/promocaododia.com.br\/site\/wp-json\/wp\/v2\/product_cat?post=933"},{"taxonomy":"product_tag","embeddable":true,"href":"https:\/\/promocaododia.com.br\/site\/wp-json\/wp\/v2\/product_tag?post=933"}],"curies":[{"name":"wp","href":"https:\/\/api.w.org\/{rel}","templated":true}]}}