{"id":935,"date":"2022-11-03T18:46:41","date_gmt":"2022-11-03T21:46:41","guid":{"rendered":"https:\/\/promocaododia.com.br\/site\/?post_type=product&#038;p=935"},"modified":"2022-11-03T18:48:42","modified_gmt":"2022-11-03T21:48:42","slug":"smart-tv-55-lg-4k-uhd-55uq8050-wifi-bluetooth-hdr-nvidia-geforce-now-thinq-ai-smart-magic-google-alexa","status":"publish","type":"product","link":"https:\/\/promocaododia.com.br\/site\/produto\/smart-tv-55-lg-4k-uhd-55uq8050-wifi-bluetooth-hdr-nvidia-geforce-now-thinq-ai-smart-magic-google-alexa\/","title":{"rendered":"Smart TV 55&#8243; LG 4K UHD 55UQ8050 WiFi, Bluetooth, HDR, Nvidia GEFORCE NOW, ThinQ AI, Smart Magic, Google, Alexa"},"content":{"rendered":"<p><strong>Quando voc\u00ea pensar em Smart TV, pense nessa aqui!<\/strong><\/p>\n<p>Com seu design ultra fino, a Q8050 \u00e9 a combina\u00e7\u00e3o perfeita para o seu ambiente, complementando o interior da sua casa e dando o toque de eleg\u00e2ncia que, se voc\u00ea n\u00e3o sabia que precisava, vai descobrir assim que ver ela.<\/p>\n<p>Seu incr\u00edvel\u00a0<strong>processador a5 Gen 5 AI<\/strong>\u00a0torna tudo mais f\u00e1cil e r\u00e1pido, das transi\u00e7\u00f5es de menu, at\u00e9 \u00e0s respostas aos v\u00e1rios comandos que a acompanham, te proporcionando n\u00e3o s\u00f3 uma experi\u00eancia imersiva, mas inesquec\u00edvel. E com o 4K real desse modelo n\u00e3o tem &#8220;lero-lero&#8221;. Ele aprimora a visualiza\u00e7\u00e3o de imagens, deixando as cores mais vivas e com detalhes de tirar o f\u00f4lego de qualquer um. Al\u00e9m disso, se algum conte\u00fado n\u00e3o 4K for exibido na tela da Q8050, o modo\u00a0<strong>upscaling<\/strong>\u00a0pode transform\u00e1-lo em 4K.<\/p>\n<p><strong>Intelig\u00eancia al\u00e9m da imagina\u00e7\u00e3o<\/strong><\/p>\n<p>Do controle de voz ao conte\u00fado personalizado, o\u00a0<strong>ThinQ AI<\/strong>\u00a0torna a experi\u00eancia com a TV LG UHD incrivelmente inteligente. E com o controle remoto Smart Magic voc\u00ea pode controlar tudo com apenas algumas palavras. O controle inteligente de voz via Google Assistente, Amazon Alexa, Apple AirPlay e outras op\u00e7\u00f5es permite controlar sua TV LG com muito mais facilidade e rapidez.<\/p>\n","protected":false},"excerpt":{"rendered":"<p>Quando voc\u00ea pensar em Smart TV, pense nessa aqui! Com seu design ultra fino, a Q8050 \u00e9 a combina\u00e7\u00e3o perfeita para o seu ambiente, complementando o interior da sua casa e dando o toque de eleg\u00e2ncia que, se voc\u00ea n\u00e3o sabia que precisava, vai descobrir assim que ver ela. Seu incr\u00edvel\u00a0processador a5 Gen 5 AI\u00a0torna tudo mais f\u00e1cil e r\u00e1pido, das transi\u00e7\u00f5es de menu, at\u00e9 \u00e0s respostas aos v\u00e1rios comandos que a acompanham, te proporcionando n\u00e3o s\u00f3 uma experi\u00eancia imersiva, mas inesquec\u00edvel. E com o 4K real desse modelo n\u00e3o tem &#8220;lero-lero&#8221;. Ele aprimora a visualiza\u00e7\u00e3o de imagens, deixando as cores mais vivas e com detalhes de tirar o f\u00f4lego de qualquer um. Al\u00e9m disso, se algum conte\u00fado n\u00e3o 4K for exibido na tela da Q8050, o modo\u00a0upscaling\u00a0pode transform\u00e1-lo em 4K. Intelig\u00eancia al\u00e9m da imagina\u00e7\u00e3o Do controle de voz ao conte\u00fado personalizado, o\u00a0ThinQ AI\u00a0torna a experi\u00eancia com a TV LG UHD incrivelmente inteligente. E com o controle remoto Smart Magic voc\u00ea pode controlar tudo com apenas algumas palavras. O controle inteligente de voz via Google Assistente, Amazon Alexa, Apple AirPlay e outras op\u00e7\u00f5es permite controlar sua TV LG com muito mais facilidade e rapidez.<\/p>\n","protected":false},"featured_media":936,"template":"","meta":{"_uag_custom_page_level_css":"","site-sidebar-layout":"default","site-content-layout":"default","ast-site-content-layout":"default","site-content-style":"default","site-sidebar-style":"default","ast-global-header-display":"","ast-banner-title-visibility":"","ast-main-header-display":"","ast-hfb-above-header-display":"","ast-hfb-below-header-display":"","ast-hfb-mobile-header-display":"","site-post-title":"","ast-breadcrumbs-content":"","ast-featured-img":"","footer-sml-layout":"","theme-transparent-header-meta":"default","adv-header-id-meta":"","stick-header-meta":"","header-above-stick-meta":"","header-main-stick-meta":"","header-below-stick-meta":"","astra-migrate-meta-layouts":"default","ast-page-background-enabled":"default","ast-page-background-meta":{"desktop":{"background-color":"","background-image":"","background-repeat":"repeat","background-position":"center center","background-size":"auto","background-attachment":"scroll","background-type":"","background-media":"","overlay-type":"","overlay-color":"","overlay-opacity":"","overlay-gradient":""},"tablet":{"background-color":"","background-image":"","background-repeat":"repeat","background-position":"center center","background-size":"auto","background-attachment":"scroll","background-type":"","background-media":"","overlay-type":"","overlay-color":"","overlay-opacity":"","overlay-gradient":""},"mobile":{"background-color":"","background-image":"","background-repeat":"repeat","background-position":"center center","background-size":"auto","background-attachment":"scroll","background-type":"","background-media":"","overlay-type":"","overlay-color":"","overlay-opacity":"","overlay-gradient":""}},"ast-content-background-meta":{"desktop":{"background-color":"var(--ast-global-color-5)","background-image":"","background-repeat":"repeat","background-position":"center center","background-size":"auto","background-attachment":"scroll","background-type":"","background-media":"","overlay-type":"","overlay-color":"","overlay-opacity":"","overlay-gradient":""},"tablet":{"background-color":"var(--ast-global-color-5)","background-image":"","background-repeat":"repeat","background-position":"center center","background-size":"auto","background-attachment":"scroll","background-type":"","background-media":"","overlay-type":"","overlay-color":"","overlay-opacity":"","overlay-gradient":""},"mobile":{"background-color":"var(--ast-global-color-5)","background-image":"","background-repeat":"repeat","background-position":"center center","background-size":"auto","background-attachment":"scroll","background-type":"","background-media":"","overlay-type":"","overlay-color":"","overlay-opacity":"","overlay-gradient":""}}},"product_brand":[],"product_cat":[38,25,76],"product_tag":[129,131,317,374,241,373,128],"class_list":{"0":"post-935","1":"product","2":"type-product","3":"status-publish","4":"has-post-thumbnail","6":"product_cat-eletronicos","7":"product_cat-smart-tv","8":"product_cat-tv-e-video","9":"product_tag-4k","10":"product_tag-alexa","11":"product_tag-geforce","12":"product_tag-geforce-now","13":"product_tag-google-assistente","14":"product_tag-hdr","15":"product_tag-uhd","16":"desktop-align-center","17":"tablet-align-left","18":"mobile-align-center","20":"first","21":"instock","22":"sale","23":"shipping-taxable","24":"product-type-external"},"uagb_featured_image_src":{"full":["https:\/\/promocaododia.com.br\/site\/wp-content\/uploads\/2022\/11\/Smart-TV-55-LG-4K-UHD-55UQ8050-WiFi-Bluetooth-HDR-Nvidia-GEFORCE-NOW-ThinQ-AI-Smart-Magic-Google-Alexa.jpg",600,600,false],"thumbnail":["https:\/\/promocaododia.com.br\/site\/wp-content\/uploads\/2022\/11\/Smart-TV-55-LG-4K-UHD-55UQ8050-WiFi-Bluetooth-HDR-Nvidia-GEFORCE-NOW-ThinQ-AI-Smart-Magic-Google-Alexa-150x150.jpg",150,150,true],"medium":["https:\/\/promocaododia.com.br\/site\/wp-content\/uploads\/2022\/11\/Smart-TV-55-LG-4K-UHD-55UQ8050-WiFi-Bluetooth-HDR-Nvidia-GEFORCE-NOW-ThinQ-AI-Smart-Magic-Google-Alexa-300x300.jpg",300,300,true],"medium_large":["https:\/\/promocaododia.com.br\/site\/wp-content\/uploads\/2022\/11\/Smart-TV-55-LG-4K-UHD-55UQ8050-WiFi-Bluetooth-HDR-Nvidia-GEFORCE-NOW-ThinQ-AI-Smart-Magic-Google-Alexa.jpg",600,600,false],"large":["https:\/\/promocaododia.com.br\/site\/wp-content\/uploads\/2022\/11\/Smart-TV-55-LG-4K-UHD-55UQ8050-WiFi-Bluetooth-HDR-Nvidia-GEFORCE-NOW-ThinQ-AI-Smart-Magic-Google-Alexa.jpg",600,600,false],"1536x1536":["https:\/\/promocaododia.com.br\/site\/wp-content\/uploads\/2022\/11\/Smart-TV-55-LG-4K-UHD-55UQ8050-WiFi-Bluetooth-HDR-Nvidia-GEFORCE-NOW-ThinQ-AI-Smart-Magic-Google-Alexa.jpg",600,600,false],"2048x2048":["https:\/\/promocaododia.com.br\/site\/wp-content\/uploads\/2022\/11\/Smart-TV-55-LG-4K-UHD-55UQ8050-WiFi-Bluetooth-HDR-Nvidia-GEFORCE-NOW-ThinQ-AI-Smart-Magic-Google-Alexa.jpg",600,600,false],"woocommerce_thumbnail":["https:\/\/promocaododia.com.br\/site\/wp-content\/uploads\/2022\/11\/Smart-TV-55-LG-4K-UHD-55UQ8050-WiFi-Bluetooth-HDR-Nvidia-GEFORCE-NOW-ThinQ-AI-Smart-Magic-Google-Alexa-250x250.jpg",250,250,true],"woocommerce_single":["https:\/\/promocaododia.com.br\/site\/wp-content\/uploads\/2022\/11\/Smart-TV-55-LG-4K-UHD-55UQ8050-WiFi-Bluetooth-HDR-Nvidia-GEFORCE-NOW-ThinQ-AI-Smart-Magic-Google-Alexa-250x250.jpg",250,250,true],"woocommerce_gallery_thumbnail":["https:\/\/promocaododia.com.br\/site\/wp-content\/uploads\/2022\/11\/Smart-TV-55-LG-4K-UHD-55UQ8050-WiFi-Bluetooth-HDR-Nvidia-GEFORCE-NOW-ThinQ-AI-Smart-Magic-Google-Alexa-100x100.jpg",100,100,true]},"uagb_author_info":{"display_name":"danilo.gbr","author_link":"https:\/\/promocaododia.com.br\/site\/author\/"},"uagb_comment_info":0,"uagb_excerpt":"Quando voc\u00ea pensar em Smart TV, pense nessa aqui! Com seu design ultra fino, a Q8050 \u00e9 a combina\u00e7\u00e3o perfeita para o seu ambiente, complementando o interior da sua casa e dando o toque de eleg\u00e2ncia que, se voc\u00ea n\u00e3o sabia que precisava, vai descobrir assim que ver ela. Seu incr\u00edvel\u00a0processador a5 Gen 5 AI\u00a0torna&hellip;","_links":{"self":[{"href":"https:\/\/promocaododia.com.br\/site\/wp-json\/wp\/v2\/product\/935","targetHints":{"allow":["GET"]}}],"collection":[{"href":"https:\/\/promocaododia.com.br\/site\/wp-json\/wp\/v2\/product"}],"about":[{"href":"https:\/\/promocaododia.com.br\/site\/wp-json\/wp\/v2\/types\/product"}],"wp:featuredmedia":[{"embeddable":true,"href":"https:\/\/promocaododia.com.br\/site\/wp-json\/wp\/v2\/media\/936"}],"wp:attachment":[{"href":"https:\/\/promocaododia.com.br\/site\/wp-json\/wp\/v2\/media?parent=935"}],"wp:term":[{"taxonomy":"product_brand","embeddable":true,"href":"https:\/\/promocaododia.com.br\/site\/wp-json\/wp\/v2\/product_brand?post=935"},{"taxonomy":"product_cat","embeddable":true,"href":"https:\/\/promocaododia.com.br\/site\/wp-json\/wp\/v2\/product_cat?post=935"},{"taxonomy":"product_tag","embeddable":true,"href":"https:\/\/promocaododia.com.br\/site\/wp-json\/wp\/v2\/product_tag?post=935"}],"curies":[{"name":"wp","href":"https:\/\/api.w.org\/{rel}","templated":true}]}}