{"id":937,"date":"2022-11-03T18:59:55","date_gmt":"2022-11-03T21:59:55","guid":{"rendered":"https:\/\/promocaododia.com.br\/site\/?post_type=product&#038;p=937"},"modified":"2022-11-03T18:59:56","modified_gmt":"2022-11-03T21:59:56","slug":"panela-eletrica-de-arroz-eos-5-xicaras-branca-epa05b-110v-110v","status":"publish","type":"product","link":"https:\/\/promocaododia.com.br\/site\/produto\/panela-eletrica-de-arroz-eos-5-xicaras-branca-epa05b-110v-110v\/","title":{"rendered":"Panela El\u00e9trica de Arroz EOS 5 X\u00edcaras Branca EPA05B 110V 110V"},"content":{"rendered":"<p>A panela el\u00e9trica EOS Cheff Gourmet chegou para facilitar a sua vida e fazer voc\u00ea ganhar tempo na cozinha. As panelas EOS possibilitam um arroz perfeito, al\u00e9m de tamb\u00e9m permitir o preparo de legumes.<\/p>\n<p>Sua alta capacidade interna, permitindo at\u00e9 5 x\u00edcaras, prepara a quantidade certa de arroz para seu consumo, deixando-o soltinho, no ponto certo e cheio de sabor. A panela EOS ainda se desliga automaticamente, evitando queimar o arroz. Ainda possui a fun\u00e7\u00e3o manter aquecido, deixando sua comida quentinha at\u00e9 a hora do consumo.<\/p>\n<p>A panela tamb\u00e9m possui a fun\u00e7\u00e3o refogar para facilitar seu preparo de cebola, bacon, temperos, vegetais ou qualquer outro alimento que voc\u00ea deseje preparar desta forma.<\/p>\n<p>*Arroz perfeito &#8211; Seu arroz soltinho e no ponto certo<\/p>\n<p>* Desligamento autom\u00e1tico &#8211; Desliga a fun\u00e7\u00e3o cozinhar automaticamente para n\u00e3o queimar sua comida<\/p>\n<p>* Fun\u00e7\u00e3o manter aquecido &#8211; Mant\u00e9m seus alimentos na temperatura ideal at\u00e9 a hora de comer<\/p>\n<p>* Fun\u00e7\u00e3o Refogar &#8211; permite voc\u00ea preparar bacon, cebola, temperos e vegetais refogados de forma r\u00e1pida e f\u00e1cil.<\/p>\n<p>* Maior rapidez &#8211; Alta pot\u00eancia de aquecimento para redu\u00e7\u00e3o de tempo de cozimento<\/p>\n<p>* Capacidade de 1L ou 5 x\u00edcaras<\/p>\n","protected":false},"excerpt":{"rendered":"<p>A panela el\u00e9trica EOS Cheff Gourmet chegou para facilitar a sua vida e fazer voc\u00ea ganhar tempo na cozinha. As panelas EOS possibilitam um arroz perfeito, al\u00e9m de tamb\u00e9m permitir o preparo de legumes. Sua alta capacidade interna, permitindo at\u00e9 5 x\u00edcaras, prepara a quantidade certa de arroz para seu consumo, deixando-o soltinho, no ponto certo e cheio de sabor. A panela EOS ainda se desliga automaticamente, evitando queimar o arroz. Ainda possui a fun\u00e7\u00e3o manter aquecido, deixando sua comida quentinha at\u00e9 a hora do consumo. A panela tamb\u00e9m possui a fun\u00e7\u00e3o refogar para facilitar seu preparo de cebola, bacon, temperos, vegetais ou qualquer outro alimento que voc\u00ea deseje preparar desta forma. *Arroz perfeito &#8211; Seu arroz soltinho e no ponto certo * Desligamento autom\u00e1tico &#8211; Desliga a fun\u00e7\u00e3o cozinhar automaticamente para n\u00e3o queimar sua comida * Fun\u00e7\u00e3o manter aquecido &#8211; Mant\u00e9m seus alimentos na temperatura ideal at\u00e9 a hora de comer * Fun\u00e7\u00e3o Refogar &#8211; permite voc\u00ea preparar bacon, cebola, temperos e vegetais refogados de forma r\u00e1pida e f\u00e1cil. * Maior rapidez &#8211; Alta pot\u00eancia de aquecimento para redu\u00e7\u00e3o de tempo de cozimento * Capacidade de 1L ou 5 x\u00edcaras<\/p>\n","protected":false},"featured_media":938,"template":"","meta":{"_uag_custom_page_level_css":"","site-sidebar-layout":"default","site-content-layout":"default","ast-site-content-layout":"default","site-content-style":"default","site-sidebar-style":"default","ast-global-header-display":"","ast-banner-title-visibility":"","ast-main-header-display":"","ast-hfb-above-header-display":"","ast-hfb-below-header-display":"","ast-hfb-mobile-header-display":"","site-post-title":"","ast-breadcrumbs-content":"","ast-featured-img":"","footer-sml-layout":"","theme-transparent-header-meta":"default","adv-header-id-meta":"","stick-header-meta":"","header-above-stick-meta":"","header-main-stick-meta":"","header-below-stick-meta":"","astra-migrate-meta-layouts":"default","ast-page-background-enabled":"default","ast-page-background-meta":{"desktop":{"background-color":"","background-image":"","background-repeat":"repeat","background-position":"center center","background-size":"auto","background-attachment":"scroll","background-type":"","background-media":"","overlay-type":"","overlay-color":"","overlay-opacity":"","overlay-gradient":""},"tablet":{"background-color":"","background-image":"","background-repeat":"repeat","background-position":"center center","background-size":"auto","background-attachment":"scroll","background-type":"","background-media":"","overlay-type":"","overlay-color":"","overlay-opacity":"","overlay-gradient":""},"mobile":{"background-color":"","background-image":"","background-repeat":"repeat","background-position":"center center","background-size":"auto","background-attachment":"scroll","background-type":"","background-media":"","overlay-type":"","overlay-color":"","overlay-opacity":"","overlay-gradient":""}},"ast-content-background-meta":{"desktop":{"background-color":"var(--ast-global-color-5)","background-image":"","background-repeat":"repeat","background-position":"center center","background-size":"auto","background-attachment":"scroll","background-type":"","background-media":"","overlay-type":"","overlay-color":"","overlay-opacity":"","overlay-gradient":""},"tablet":{"background-color":"var(--ast-global-color-5)","background-image":"","background-repeat":"repeat","background-position":"center center","background-size":"auto","background-attachment":"scroll","background-type":"","background-media":"","overlay-type":"","overlay-color":"","overlay-opacity":"","overlay-gradient":""},"mobile":{"background-color":"var(--ast-global-color-5)","background-image":"","background-repeat":"repeat","background-position":"center center","background-size":"auto","background-attachment":"scroll","background-type":"","background-media":"","overlay-type":"","overlay-color":"","overlay-opacity":"","overlay-gradient":""}}},"product_brand":[],"product_cat":[28,134],"product_tag":[323,205,322,135],"class_list":{"0":"post-937","1":"product","2":"type-product","3":"status-publish","4":"has-post-thumbnail","6":"product_cat-eletrodomesticos","7":"product_cat-panela-eletrica","8":"product_tag-5-xicaras","9":"product_tag-panela","10":"product_tag-panela-de-arroz","11":"product_tag-panela-eletrica","12":"desktop-align-center","13":"tablet-align-left","14":"mobile-align-center","16":"first","17":"instock","18":"sale","19":"shipping-taxable","20":"product-type-external"},"uagb_featured_image_src":{"full":["https:\/\/promocaododia.com.br\/site\/wp-content\/uploads\/2022\/11\/Panela-Eletrica-de-Arroz-EOS-5-Xicaras-Branca-EPA05B.jpg",600,600,false],"thumbnail":["https:\/\/promocaododia.com.br\/site\/wp-content\/uploads\/2022\/11\/Panela-Eletrica-de-Arroz-EOS-5-Xicaras-Branca-EPA05B-150x150.jpg",150,150,true],"medium":["https:\/\/promocaododia.com.br\/site\/wp-content\/uploads\/2022\/11\/Panela-Eletrica-de-Arroz-EOS-5-Xicaras-Branca-EPA05B-300x300.jpg",300,300,true],"medium_large":["https:\/\/promocaododia.com.br\/site\/wp-content\/uploads\/2022\/11\/Panela-Eletrica-de-Arroz-EOS-5-Xicaras-Branca-EPA05B.jpg",600,600,false],"large":["https:\/\/promocaododia.com.br\/site\/wp-content\/uploads\/2022\/11\/Panela-Eletrica-de-Arroz-EOS-5-Xicaras-Branca-EPA05B.jpg",600,600,false],"1536x1536":["https:\/\/promocaododia.com.br\/site\/wp-content\/uploads\/2022\/11\/Panela-Eletrica-de-Arroz-EOS-5-Xicaras-Branca-EPA05B.jpg",600,600,false],"2048x2048":["https:\/\/promocaododia.com.br\/site\/wp-content\/uploads\/2022\/11\/Panela-Eletrica-de-Arroz-EOS-5-Xicaras-Branca-EPA05B.jpg",600,600,false],"woocommerce_thumbnail":["https:\/\/promocaododia.com.br\/site\/wp-content\/uploads\/2022\/11\/Panela-Eletrica-de-Arroz-EOS-5-Xicaras-Branca-EPA05B-250x250.jpg",250,250,true],"woocommerce_single":["https:\/\/promocaododia.com.br\/site\/wp-content\/uploads\/2022\/11\/Panela-Eletrica-de-Arroz-EOS-5-Xicaras-Branca-EPA05B-250x250.jpg",250,250,true],"woocommerce_gallery_thumbnail":["https:\/\/promocaododia.com.br\/site\/wp-content\/uploads\/2022\/11\/Panela-Eletrica-de-Arroz-EOS-5-Xicaras-Branca-EPA05B-100x100.jpg",100,100,true]},"uagb_author_info":{"display_name":"danilo.gbr","author_link":"https:\/\/promocaododia.com.br\/site\/author\/"},"uagb_comment_info":0,"uagb_excerpt":"A panela el\u00e9trica EOS Cheff Gourmet chegou para facilitar a sua vida e fazer voc\u00ea ganhar tempo na cozinha. As panelas EOS possibilitam um arroz perfeito, al\u00e9m de tamb\u00e9m permitir o preparo de legumes. Sua alta capacidade interna, permitindo at\u00e9 5 x\u00edcaras, prepara a quantidade certa de arroz para seu consumo, deixando-o soltinho, no ponto&hellip;","_links":{"self":[{"href":"https:\/\/promocaododia.com.br\/site\/wp-json\/wp\/v2\/product\/937","targetHints":{"allow":["GET"]}}],"collection":[{"href":"https:\/\/promocaododia.com.br\/site\/wp-json\/wp\/v2\/product"}],"about":[{"href":"https:\/\/promocaododia.com.br\/site\/wp-json\/wp\/v2\/types\/product"}],"wp:featuredmedia":[{"embeddable":true,"href":"https:\/\/promocaododia.com.br\/site\/wp-json\/wp\/v2\/media\/938"}],"wp:attachment":[{"href":"https:\/\/promocaododia.com.br\/site\/wp-json\/wp\/v2\/media?parent=937"}],"wp:term":[{"taxonomy":"product_brand","embeddable":true,"href":"https:\/\/promocaododia.com.br\/site\/wp-json\/wp\/v2\/product_brand?post=937"},{"taxonomy":"product_cat","embeddable":true,"href":"https:\/\/promocaododia.com.br\/site\/wp-json\/wp\/v2\/product_cat?post=937"},{"taxonomy":"product_tag","embeddable":true,"href":"https:\/\/promocaododia.com.br\/site\/wp-json\/wp\/v2\/product_tag?post=937"}],"curies":[{"name":"wp","href":"https:\/\/api.w.org\/{rel}","templated":true}]}}