{"id":949,"date":"2022-11-04T19:47:07","date_gmt":"2022-11-04T22:47:07","guid":{"rendered":"https:\/\/promocaododia.com.br\/site\/?post_type=product&#038;p=949"},"modified":"2022-11-04T19:47:40","modified_gmt":"2022-11-04T22:47:40","slug":"kit-2x-l-g-glutamina-300g-max-titanium","status":"publish","type":"product","link":"https:\/\/promocaododia.com.br\/site\/produto\/kit-2x-l-g-glutamina-300g-max-titanium\/","title":{"rendered":"Kit 2x L-G Glutamina 300g Max Titanium"},"content":{"rendered":"<p>O amino\u00e1cido GLUTAMINA \u00e9 o mais abundante amino\u00e1cido de forma livre encontrado no tecido muscular. A GLUTAMINA \u00e9 utilizada na s\u00edntese de prote\u00edna e na constru\u00e7\u00e3o de tecido muscular. O mecanismo se d\u00e1 pelo aumento de volume celular e da press\u00e3o osm\u00f3tica, estimulando a s\u00edntese. Al\u00e9m disso, ainda atua como nutriente (energ\u00e9tico) para as c\u00e9lulas imunol\u00f3gicas. Durante per\u00edodos de treinamento intenso, tens\u00e3o ou doen\u00e7a, o metabolismo da GLUTAMINA \u00e9 aumentado para fortalecer o sistema imunol\u00f3gico. Uma suplementa\u00e7\u00e3o com L-G assegura que altos n\u00edveis de GLUTAMINA dentro das c\u00e9lulas sejam mantidos, pois a GLUTAMINA \u00e9 capaz de captar \u00e1gua para o meio intracelular e estimular a s\u00edntese proteica.<\/p>\n<p>&#8211; Fortalece o sistema imunol\u00f3gico;<\/p>\n<p>&#8211; Preserva a massa magra;<\/p>\n<p>&#8211; Participa no processo de s\u00edntese proteica;<\/p>\n<p>&#8211; Serve de substrato para as c\u00e9lulas intestinais.<\/p>\n<p>Dilua 5 g (1 colher de ch\u00e1) do produto em at\u00e9 100 ml de \u00e1gua ou bebida de sua prefer\u00eancia.<\/p>\n","protected":false},"excerpt":{"rendered":"<p>O amino\u00e1cido GLUTAMINA \u00e9 o mais abundante amino\u00e1cido de forma livre encontrado no tecido muscular. A GLUTAMINA \u00e9 utilizada na s\u00edntese de prote\u00edna e na constru\u00e7\u00e3o de tecido muscular. O mecanismo se d\u00e1 pelo aumento de volume celular e da press\u00e3o osm\u00f3tica, estimulando a s\u00edntese. Al\u00e9m disso, ainda atua como nutriente (energ\u00e9tico) para as c\u00e9lulas imunol\u00f3gicas. Durante per\u00edodos de treinamento intenso, tens\u00e3o ou doen\u00e7a, o metabolismo da GLUTAMINA \u00e9 aumentado para fortalecer o sistema imunol\u00f3gico. Uma suplementa\u00e7\u00e3o com L-G assegura que altos n\u00edveis de GLUTAMINA dentro das c\u00e9lulas sejam mantidos, pois a GLUTAMINA \u00e9 capaz de captar \u00e1gua para o meio intracelular e estimular a s\u00edntese proteica. &#8211; Fortalece o sistema imunol\u00f3gico; &#8211; Preserva a massa magra; &#8211; Participa no processo de s\u00edntese proteica; &#8211; Serve de substrato para as c\u00e9lulas intestinais. Dilua 5 g (1 colher de ch\u00e1) do produto em at\u00e9 100 ml de \u00e1gua ou bebida de sua prefer\u00eancia.<\/p>\n","protected":false},"featured_media":951,"template":"","meta":{"_uag_custom_page_level_css":"","site-sidebar-layout":"default","site-content-layout":"default","ast-site-content-layout":"default","site-content-style":"default","site-sidebar-style":"default","ast-global-header-display":"","ast-banner-title-visibility":"","ast-main-header-display":"","ast-hfb-above-header-display":"","ast-hfb-below-header-display":"","ast-hfb-mobile-header-display":"","site-post-title":"","ast-breadcrumbs-content":"","ast-featured-img":"","footer-sml-layout":"","theme-transparent-header-meta":"default","adv-header-id-meta":"","stick-header-meta":"","header-above-stick-meta":"","header-main-stick-meta":"","header-below-stick-meta":"","astra-migrate-meta-layouts":"default","ast-page-background-enabled":"default","ast-page-background-meta":{"desktop":{"background-color":"","background-image":"","background-repeat":"repeat","background-position":"center center","background-size":"auto","background-attachment":"scroll","background-type":"","background-media":"","overlay-type":"","overlay-color":"","overlay-opacity":"","overlay-gradient":""},"tablet":{"background-color":"","background-image":"","background-repeat":"repeat","background-position":"center center","background-size":"auto","background-attachment":"scroll","background-type":"","background-media":"","overlay-type":"","overlay-color":"","overlay-opacity":"","overlay-gradient":""},"mobile":{"background-color":"","background-image":"","background-repeat":"repeat","background-position":"center center","background-size":"auto","background-attachment":"scroll","background-type":"","background-media":"","overlay-type":"","overlay-color":"","overlay-opacity":"","overlay-gradient":""}},"ast-content-background-meta":{"desktop":{"background-color":"var(--ast-global-color-5)","background-image":"","background-repeat":"repeat","background-position":"center center","background-size":"auto","background-attachment":"scroll","background-type":"","background-media":"","overlay-type":"","overlay-color":"","overlay-opacity":"","overlay-gradient":""},"tablet":{"background-color":"var(--ast-global-color-5)","background-image":"","background-repeat":"repeat","background-position":"center center","background-size":"auto","background-attachment":"scroll","background-type":"","background-media":"","overlay-type":"","overlay-color":"","overlay-opacity":"","overlay-gradient":""},"mobile":{"background-color":"var(--ast-global-color-5)","background-image":"","background-repeat":"repeat","background-position":"center center","background-size":"auto","background-attachment":"scroll","background-type":"","background-media":"","overlay-type":"","overlay-color":"","overlay-opacity":"","overlay-gradient":""}}},"product_brand":[],"product_cat":[49,51,52,284],"product_tag":[443,444,119,442],"class_list":{"0":"post-949","1":"product","2":"type-product","3":"status-publish","4":"has-post-thumbnail","6":"product_cat-esporte","7":"product_cat-esporte-e-lazer","8":"product_cat-exercicios-e-academia","9":"product_cat-suplementos-alimentares","10":"product_tag-academia","11":"product_tag-glutamina","12":"product_tag-kit","13":"product_tag-suplementos","14":"desktop-align-center","15":"tablet-align-left","16":"mobile-align-center","18":"first","19":"instock","20":"sale","21":"shipping-taxable","22":"product-type-external"},"uagb_featured_image_src":{"full":["https:\/\/promocaododia.com.br\/site\/wp-content\/uploads\/2022\/11\/Kit-2x-L-G-Glutamina-300g-Max-Titanium.jpg",600,600,false],"thumbnail":["https:\/\/promocaododia.com.br\/site\/wp-content\/uploads\/2022\/11\/Kit-2x-L-G-Glutamina-300g-Max-Titanium-150x150.jpg",150,150,true],"medium":["https:\/\/promocaododia.com.br\/site\/wp-content\/uploads\/2022\/11\/Kit-2x-L-G-Glutamina-300g-Max-Titanium-300x300.jpg",300,300,true],"medium_large":["https:\/\/promocaododia.com.br\/site\/wp-content\/uploads\/2022\/11\/Kit-2x-L-G-Glutamina-300g-Max-Titanium.jpg",600,600,false],"large":["https:\/\/promocaododia.com.br\/site\/wp-content\/uploads\/2022\/11\/Kit-2x-L-G-Glutamina-300g-Max-Titanium.jpg",600,600,false],"1536x1536":["https:\/\/promocaododia.com.br\/site\/wp-content\/uploads\/2022\/11\/Kit-2x-L-G-Glutamina-300g-Max-Titanium.jpg",600,600,false],"2048x2048":["https:\/\/promocaododia.com.br\/site\/wp-content\/uploads\/2022\/11\/Kit-2x-L-G-Glutamina-300g-Max-Titanium.jpg",600,600,false],"woocommerce_thumbnail":["https:\/\/promocaododia.com.br\/site\/wp-content\/uploads\/2022\/11\/Kit-2x-L-G-Glutamina-300g-Max-Titanium-250x250.jpg",250,250,true],"woocommerce_single":["https:\/\/promocaododia.com.br\/site\/wp-content\/uploads\/2022\/11\/Kit-2x-L-G-Glutamina-300g-Max-Titanium-250x250.jpg",250,250,true],"woocommerce_gallery_thumbnail":["https:\/\/promocaododia.com.br\/site\/wp-content\/uploads\/2022\/11\/Kit-2x-L-G-Glutamina-300g-Max-Titanium-100x100.jpg",100,100,true]},"uagb_author_info":{"display_name":"danilo.gbr","author_link":"https:\/\/promocaododia.com.br\/site\/author\/"},"uagb_comment_info":0,"uagb_excerpt":"O amino\u00e1cido GLUTAMINA \u00e9 o mais abundante amino\u00e1cido de forma livre encontrado no tecido muscular. A GLUTAMINA \u00e9 utilizada na s\u00edntese de prote\u00edna e na constru\u00e7\u00e3o de tecido muscular. O mecanismo se d\u00e1 pelo aumento de volume celular e da press\u00e3o osm\u00f3tica, estimulando a s\u00edntese. Al\u00e9m disso, ainda atua como nutriente (energ\u00e9tico) para as c\u00e9lulas&hellip;","_links":{"self":[{"href":"https:\/\/promocaododia.com.br\/site\/wp-json\/wp\/v2\/product\/949","targetHints":{"allow":["GET"]}}],"collection":[{"href":"https:\/\/promocaododia.com.br\/site\/wp-json\/wp\/v2\/product"}],"about":[{"href":"https:\/\/promocaododia.com.br\/site\/wp-json\/wp\/v2\/types\/product"}],"wp:featuredmedia":[{"embeddable":true,"href":"https:\/\/promocaododia.com.br\/site\/wp-json\/wp\/v2\/media\/951"}],"wp:attachment":[{"href":"https:\/\/promocaododia.com.br\/site\/wp-json\/wp\/v2\/media?parent=949"}],"wp:term":[{"taxonomy":"product_brand","embeddable":true,"href":"https:\/\/promocaododia.com.br\/site\/wp-json\/wp\/v2\/product_brand?post=949"},{"taxonomy":"product_cat","embeddable":true,"href":"https:\/\/promocaododia.com.br\/site\/wp-json\/wp\/v2\/product_cat?post=949"},{"taxonomy":"product_tag","embeddable":true,"href":"https:\/\/promocaododia.com.br\/site\/wp-json\/wp\/v2\/product_tag?post=949"}],"curies":[{"name":"wp","href":"https:\/\/api.w.org\/{rel}","templated":true}]}}