{"id":957,"date":"2022-11-05T17:55:03","date_gmt":"2022-11-05T20:55:03","guid":{"rendered":"https:\/\/promocaododia.com.br\/site\/?post_type=product&#038;p=957"},"modified":"2022-11-05T17:55:04","modified_gmt":"2022-11-05T20:55:04","slug":"truss-shampoo-cond-ultra-hidratante-plus-uso-obrigatorio","status":"publish","type":"product","link":"https:\/\/promocaododia.com.br\/site\/produto\/truss-shampoo-cond-ultra-hidratante-plus-uso-obrigatorio\/","title":{"rendered":"Truss Shampoo &#038; Cond. Ultra Hidratante Plus+ Uso Obrigat\u00f3rio"},"content":{"rendered":"<p>Truss Ultra Hydration Plus &#8211; Shampoo 300ml<\/p>\n<p>Shampoo hidratante para cabelos extremamente ressecados e danificados. Com uma limpeza suave, Truss Ultra Hydration Plus Shampoo ajuda a restaurar a maciez e o brilho, al\u00e9m de recuperar a for\u00e7a e densidade dos fios.<\/p>\n<p>Truss Ultra Hydration Plus Shampoo \u00e9 o primeiro passo para voltar a ter um cabelo bonito e saud\u00e1vel. Ele possui ativos condicionantes e \u00f3leos que recuperam profundamente a hidrata\u00e7\u00e3o, enquanto nutrientes e Queratina d\u00e3o for\u00e7a e volume. Fios macios, saud\u00e1veis e bonitos.<\/p>\n<p>A\u00e7\u00e3o<\/p>\n<p>Nano repair, Keratin, Lipo Nutrients: cuidam de recuperar a nutri\u00e7\u00e3o dos fios e restaurar a for\u00e7a, o volume e o movimento do cabelo.<\/p>\n<p>Panthenol e Avocado Oil: agentes condicionantes que hidratam profundamente o cabelo. Com isso, aquele toque \u00e1spero e acabamento opaco d\u00e3o lugar \u00e0 maciez e ao brilho intenso.<\/p>\n<p>Truss Ultra Hydration Plus Conditioner &#8211; Condicionador 300ml<\/p>\n<p>Condicionador hidratante para cabelos extremamente ressecados e danificados. Truss Ultra Hydration Plus Conditioner recupera intensamente a maciez, for\u00e7a e o brilho dos fios de dentro para fora.<\/p>\n<p>Truss Ultra Hydration Plus Conditioner possui uma nano tecnologia que penetra profundamente nos fios. Assim, preenche todas as agress\u00f5es da fibra, rep\u00f5e a queratina (principal nutriente que d\u00e1 for\u00e7a) e rep\u00f5e a hidrata\u00e7\u00e3o. Seu cabelo mais forte, brilhante e macio.<\/p>\n<p>A\u00e7\u00e3o<\/p>\n<p>Nano repair, Keratin, Lipo Nutrients: cuidam de recuperar a nutri\u00e7\u00e3o dos fios e restaurar a for\u00e7a, o volume e o movimento do cabelo.<\/p>\n<p>Panthenol e Avocado Oil: agentes condicionantes que hidratam profundamente o cabelo. Com isso, aquele toque \u00e1spero e acabamento opaco d\u00e3o lugar \u00e0 maciez e ao brilho intenso.<\/p>\n<p>Truss Uso Reconstrutor Capilar de 260ml.<\/p>\n<p>Reconstru\u00e7\u00e3o capilar de cabelos ressecados, desvitalizados, quebradi\u00e7os, quimicamente tratados, como tamb\u00e9m em cabelos que fazem uso constante do secador e prancha.<\/p>\n<p>Possui amino\u00e1cidos com tamanho nano, o que proporciona r\u00e1pida penetra\u00e7\u00e3o atrav\u00e9s da cut\u00edcula e do bulbo capilar.<\/p>\n<p>Restaura a flexibilidade e resist\u00eancia dos fios, protegendo cabelos quimicamente tratados.<\/p>\n<p>Hidrata e devolve ao cabelo brilho, maciez e penteabilidade.<\/p>\n<p>Auxilia minimizando os efeitos do envelhecimento.<\/p>\n<p>\u00d3leo de Monoi do Taiti: \u00f3leo vegetal 100% natural, proveniente da Polin\u00e9sia Francesa, rico em \u00d4megas Essenciais e Vitamina E.<\/p>\n<p>Possui a\u00e7\u00e3o antioxidante, restaura e hidrata profundamente.<\/p>\n<p>Queratina: prote\u00edna hidrolisada composta por 18 amino\u00e1cidos.<\/p>\n<p>Modo de uso: Borrife o Uso ReconstrutorTruss ap\u00f3s o Shampoo e antes do condicionador ou m\u00e1scara Truss. Lave o cabelo com o Shampoo Truss de sua prefer\u00eancia e enxague, borrife o Uso Reconstrutor Truss massageie e enxague, em seguida, aplique o condicionador ou M\u00e1scara Truss, massageie e enxague.<\/p>\n<p>Indicado para uso di\u00e1rio<\/p>\n<p>Cont\u00e9m:<\/p>\n<p>1 &#8211; Truss Ultra Hydration Plus &#8211; Shampoo 300ml<\/p>\n<p>1 &#8211; Truss Ultra Hydration Plus Conditioner &#8211; Condicionador 300ml<\/p>\n<p>1 &#8211; Truss Uso Reconstrutor Capilar 260<\/p>\n","protected":false},"excerpt":{"rendered":"<p>Truss Ultra Hydration Plus &#8211; Shampoo 300ml Shampoo hidratante para cabelos extremamente ressecados e danificados. Com uma limpeza suave, Truss Ultra Hydration Plus Shampoo ajuda a restaurar a maciez e o brilho, al\u00e9m de recuperar a for\u00e7a e densidade dos fios. Truss Ultra Hydration Plus Shampoo \u00e9 o primeiro passo para voltar a ter um cabelo bonito e saud\u00e1vel. Ele possui ativos condicionantes e \u00f3leos que recuperam profundamente a hidrata\u00e7\u00e3o, enquanto nutrientes e Queratina d\u00e3o for\u00e7a e volume. Fios macios, saud\u00e1veis e bonitos. A\u00e7\u00e3o Nano repair, Keratin, Lipo Nutrients: cuidam de recuperar a nutri\u00e7\u00e3o dos fios e restaurar a for\u00e7a, o volume e o movimento do cabelo. Panthenol e Avocado Oil: agentes condicionantes que hidratam profundamente o cabelo. Com isso, aquele toque \u00e1spero e acabamento opaco d\u00e3o lugar \u00e0 maciez e ao brilho intenso. Truss Ultra Hydration Plus Conditioner &#8211; Condicionador 300ml Condicionador hidratante para cabelos extremamente ressecados e danificados. Truss Ultra Hydration Plus Conditioner recupera intensamente a maciez, for\u00e7a e o brilho dos fios de dentro para fora. Truss Ultra Hydration Plus Conditioner possui uma nano tecnologia que penetra profundamente nos fios. Assim, preenche todas as agress\u00f5es da fibra, rep\u00f5e a queratina (principal nutriente que d\u00e1 for\u00e7a) e rep\u00f5e a hidrata\u00e7\u00e3o. Seu cabelo mais forte, brilhante e macio. A\u00e7\u00e3o Nano repair, Keratin, Lipo Nutrients: cuidam de recuperar a nutri\u00e7\u00e3o dos fios e restaurar a for\u00e7a, o volume e o movimento do cabelo. Panthenol e Avocado Oil: agentes condicionantes que hidratam profundamente o cabelo. Com isso, aquele toque \u00e1spero e acabamento opaco d\u00e3o lugar \u00e0 maciez e ao brilho intenso. Truss Uso Reconstrutor Capilar de 260ml. Reconstru\u00e7\u00e3o capilar de cabelos ressecados, desvitalizados, quebradi\u00e7os, quimicamente tratados, como tamb\u00e9m em cabelos que fazem uso constante do secador e prancha. Possui amino\u00e1cidos com tamanho nano, o que proporciona r\u00e1pida penetra\u00e7\u00e3o atrav\u00e9s da cut\u00edcula e do bulbo capilar. Restaura a flexibilidade e resist\u00eancia dos fios, protegendo cabelos quimicamente tratados. Hidrata e devolve ao cabelo brilho, maciez e penteabilidade. Auxilia minimizando os efeitos do envelhecimento. \u00d3leo de Monoi do Taiti: \u00f3leo vegetal 100% natural, proveniente da Polin\u00e9sia Francesa, rico em \u00d4megas Essenciais e Vitamina E. Possui a\u00e7\u00e3o antioxidante, restaura e hidrata profundamente. Queratina: prote\u00edna hidrolisada composta por 18 amino\u00e1cidos. Modo de uso: Borrife o Uso ReconstrutorTruss ap\u00f3s o Shampoo e antes do condicionador ou m\u00e1scara Truss. Lave o cabelo com o Shampoo Truss de sua prefer\u00eancia e enxague, borrife o Uso Reconstrutor Truss massageie e enxague, em seguida, aplique o condicionador ou M\u00e1scara Truss, massageie e enxague. Indicado para uso di\u00e1rio Cont\u00e9m: 1 &#8211; Truss Ultra Hydration Plus &#8211; Shampoo 300ml 1 &#8211; Truss Ultra Hydration Plus Conditioner &#8211; Condicionador 300ml 1 &#8211; Truss Uso Reconstrutor Capilar 260<\/p>\n","protected":false},"featured_media":958,"template":"","meta":{"_uag_custom_page_level_css":"","site-sidebar-layout":"default","site-content-layout":"default","ast-site-content-layout":"default","site-content-style":"default","site-sidebar-style":"default","ast-global-header-display":"","ast-banner-title-visibility":"","ast-main-header-display":"","ast-hfb-above-header-display":"","ast-hfb-below-header-display":"","ast-hfb-mobile-header-display":"","site-post-title":"","ast-breadcrumbs-content":"","ast-featured-img":"","footer-sml-layout":"","theme-transparent-header-meta":"default","adv-header-id-meta":"","stick-header-meta":"","header-above-stick-meta":"","header-main-stick-meta":"","header-below-stick-meta":"","astra-migrate-meta-layouts":"default","ast-page-background-enabled":"default","ast-page-background-meta":{"desktop":{"background-color":"","background-image":"","background-repeat":"repeat","background-position":"center center","background-size":"auto","background-attachment":"scroll","background-type":"","background-media":"","overlay-type":"","overlay-color":"","overlay-opacity":"","overlay-gradient":""},"tablet":{"background-color":"","background-image":"","background-repeat":"repeat","background-position":"center center","background-size":"auto","background-attachment":"scroll","background-type":"","background-media":"","overlay-type":"","overlay-color":"","overlay-opacity":"","overlay-gradient":""},"mobile":{"background-color":"","background-image":"","background-repeat":"repeat","background-position":"center center","background-size":"auto","background-attachment":"scroll","background-type":"","background-media":"","overlay-type":"","overlay-color":"","overlay-opacity":"","overlay-gradient":""}},"ast-content-background-meta":{"desktop":{"background-color":"var(--ast-global-color-5)","background-image":"","background-repeat":"repeat","background-position":"center center","background-size":"auto","background-attachment":"scroll","background-type":"","background-media":"","overlay-type":"","overlay-color":"","overlay-opacity":"","overlay-gradient":""},"tablet":{"background-color":"var(--ast-global-color-5)","background-image":"","background-repeat":"repeat","background-position":"center center","background-size":"auto","background-attachment":"scroll","background-type":"","background-media":"","overlay-type":"","overlay-color":"","overlay-opacity":"","overlay-gradient":""},"mobile":{"background-color":"var(--ast-global-color-5)","background-image":"","background-repeat":"repeat","background-position":"center center","background-size":"auto","background-attachment":"scroll","background-type":"","background-media":"","overlay-type":"","overlay-color":"","overlay-opacity":"","overlay-gradient":""}}},"product_brand":[],"product_cat":[33,144,84],"product_tag":[147,450,145,119,85,146],"class_list":{"0":"post-957","1":"product","2":"type-product","3":"status-publish","4":"has-post-thumbnail","6":"product_cat-beleza-e-perfumaria","7":"product_cat-higiene-pessoal","8":"product_cat-mercado","9":"product_tag-condicionador","10":"product_tag-hidratante","11":"product_tag-higiene-pessoal","12":"product_tag-kit","13":"product_tag-mercado","14":"product_tag-shampoo","15":"desktop-align-center","16":"tablet-align-left","17":"mobile-align-center","19":"first","20":"instock","21":"sale","22":"shipping-taxable","23":"product-type-external"},"uagb_featured_image_src":{"full":["https:\/\/promocaododia.com.br\/site\/wp-content\/uploads\/2022\/11\/Truss-Shampoo-Cond.-Ultra-Hidratante-Plus-Uso-Obrigatorio.jpg",600,600,false],"thumbnail":["https:\/\/promocaododia.com.br\/site\/wp-content\/uploads\/2022\/11\/Truss-Shampoo-Cond.-Ultra-Hidratante-Plus-Uso-Obrigatorio-150x150.jpg",150,150,true],"medium":["https:\/\/promocaododia.com.br\/site\/wp-content\/uploads\/2022\/11\/Truss-Shampoo-Cond.-Ultra-Hidratante-Plus-Uso-Obrigatorio-300x300.jpg",300,300,true],"medium_large":["https:\/\/promocaododia.com.br\/site\/wp-content\/uploads\/2022\/11\/Truss-Shampoo-Cond.-Ultra-Hidratante-Plus-Uso-Obrigatorio.jpg",600,600,false],"large":["https:\/\/promocaododia.com.br\/site\/wp-content\/uploads\/2022\/11\/Truss-Shampoo-Cond.-Ultra-Hidratante-Plus-Uso-Obrigatorio.jpg",600,600,false],"1536x1536":["https:\/\/promocaododia.com.br\/site\/wp-content\/uploads\/2022\/11\/Truss-Shampoo-Cond.-Ultra-Hidratante-Plus-Uso-Obrigatorio.jpg",600,600,false],"2048x2048":["https:\/\/promocaododia.com.br\/site\/wp-content\/uploads\/2022\/11\/Truss-Shampoo-Cond.-Ultra-Hidratante-Plus-Uso-Obrigatorio.jpg",600,600,false],"woocommerce_thumbnail":["https:\/\/promocaododia.com.br\/site\/wp-content\/uploads\/2022\/11\/Truss-Shampoo-Cond.-Ultra-Hidratante-Plus-Uso-Obrigatorio-250x250.jpg",250,250,true],"woocommerce_single":["https:\/\/promocaododia.com.br\/site\/wp-content\/uploads\/2022\/11\/Truss-Shampoo-Cond.-Ultra-Hidratante-Plus-Uso-Obrigatorio-250x250.jpg",250,250,true],"woocommerce_gallery_thumbnail":["https:\/\/promocaododia.com.br\/site\/wp-content\/uploads\/2022\/11\/Truss-Shampoo-Cond.-Ultra-Hidratante-Plus-Uso-Obrigatorio-100x100.jpg",100,100,true]},"uagb_author_info":{"display_name":"danilo.gbr","author_link":"https:\/\/promocaododia.com.br\/site\/author\/"},"uagb_comment_info":0,"uagb_excerpt":"Truss Ultra Hydration Plus &#8211; Shampoo 300ml Shampoo hidratante para cabelos extremamente ressecados e danificados. Com uma limpeza suave, Truss Ultra Hydration Plus Shampoo ajuda a restaurar a maciez e o brilho, al\u00e9m de recuperar a for\u00e7a e densidade dos fios. Truss Ultra Hydration Plus Shampoo \u00e9 o primeiro passo para voltar a ter um&hellip;","_links":{"self":[{"href":"https:\/\/promocaododia.com.br\/site\/wp-json\/wp\/v2\/product\/957","targetHints":{"allow":["GET"]}}],"collection":[{"href":"https:\/\/promocaododia.com.br\/site\/wp-json\/wp\/v2\/product"}],"about":[{"href":"https:\/\/promocaododia.com.br\/site\/wp-json\/wp\/v2\/types\/product"}],"wp:featuredmedia":[{"embeddable":true,"href":"https:\/\/promocaododia.com.br\/site\/wp-json\/wp\/v2\/media\/958"}],"wp:attachment":[{"href":"https:\/\/promocaododia.com.br\/site\/wp-json\/wp\/v2\/media?parent=957"}],"wp:term":[{"taxonomy":"product_brand","embeddable":true,"href":"https:\/\/promocaododia.com.br\/site\/wp-json\/wp\/v2\/product_brand?post=957"},{"taxonomy":"product_cat","embeddable":true,"href":"https:\/\/promocaododia.com.br\/site\/wp-json\/wp\/v2\/product_cat?post=957"},{"taxonomy":"product_tag","embeddable":true,"href":"https:\/\/promocaododia.com.br\/site\/wp-json\/wp\/v2\/product_tag?post=957"}],"curies":[{"name":"wp","href":"https:\/\/api.w.org\/{rel}","templated":true}]}}