{"id":961,"date":"2022-11-05T19:37:51","date_gmt":"2022-11-05T22:37:51","guid":{"rendered":"https:\/\/promocaododia.com.br\/site\/?post_type=product&#038;p=961"},"modified":"2022-11-05T19:37:52","modified_gmt":"2022-11-05T22:37:52","slug":"moletom-de-treino-masculino-under-armour-rival-terry-logo-crew","status":"publish","type":"product","link":"https:\/\/promocaododia.com.br\/site\/produto\/moletom-de-treino-masculino-under-armour-rival-terry-logo-crew\/","title":{"rendered":"Moletom de Treino Masculino Under Armour Rival Terry Logo Crew"},"content":{"rendered":"<p>O French Terry tem uma camada externa lisa e uma camada interna macia e quente. O material absorve o suor e seca muito r\u00e1pido. Composi\u00e7\u00e3o: 50% Algod\u00e3o e 50% Poli\u00e9ster<\/p>\n","protected":false},"excerpt":{"rendered":"<p>O French Terry tem uma camada externa lisa e uma camada interna macia e quente. O material absorve o suor e seca muito r\u00e1pido. Composi\u00e7\u00e3o: 50% Algod\u00e3o e 50% Poli\u00e9ster<\/p>\n","protected":false},"featured_media":962,"template":"","meta":{"_uag_custom_page_level_css":"","site-sidebar-layout":"default","site-content-layout":"default","ast-site-content-layout":"default","site-content-style":"default","site-sidebar-style":"default","ast-global-header-display":"","ast-banner-title-visibility":"","ast-main-header-display":"","ast-hfb-above-header-display":"","ast-hfb-below-header-display":"","ast-hfb-mobile-header-display":"","site-post-title":"","ast-breadcrumbs-content":"","ast-featured-img":"","footer-sml-layout":"","theme-transparent-header-meta":"default","adv-header-id-meta":"","stick-header-meta":"","header-above-stick-meta":"","header-main-stick-meta":"","header-below-stick-meta":"","astra-migrate-meta-layouts":"default","ast-page-background-enabled":"default","ast-page-background-meta":{"desktop":{"background-color":"","background-image":"","background-repeat":"repeat","background-position":"center center","background-size":"auto","background-attachment":"scroll","background-type":"","background-media":"","overlay-type":"","overlay-color":"","overlay-opacity":"","overlay-gradient":""},"tablet":{"background-color":"","background-image":"","background-repeat":"repeat","background-position":"center center","background-size":"auto","background-attachment":"scroll","background-type":"","background-media":"","overlay-type":"","overlay-color":"","overlay-opacity":"","overlay-gradient":""},"mobile":{"background-color":"","background-image":"","background-repeat":"repeat","background-position":"center center","background-size":"auto","background-attachment":"scroll","background-type":"","background-media":"","overlay-type":"","overlay-color":"","overlay-opacity":"","overlay-gradient":""}},"ast-content-background-meta":{"desktop":{"background-color":"var(--ast-global-color-5)","background-image":"","background-repeat":"repeat","background-position":"center center","background-size":"auto","background-attachment":"scroll","background-type":"","background-media":"","overlay-type":"","overlay-color":"","overlay-opacity":"","overlay-gradient":""},"tablet":{"background-color":"var(--ast-global-color-5)","background-image":"","background-repeat":"repeat","background-position":"center center","background-size":"auto","background-attachment":"scroll","background-type":"","background-media":"","overlay-type":"","overlay-color":"","overlay-opacity":"","overlay-gradient":""},"mobile":{"background-color":"var(--ast-global-color-5)","background-image":"","background-repeat":"repeat","background-position":"center center","background-size":"auto","background-attachment":"scroll","background-type":"","background-media":"","overlay-type":"","overlay-color":"","overlay-opacity":"","overlay-gradient":""}}},"product_brand":[],"product_cat":[452,31,30],"product_tag":[279,430,121,184,453],"class_list":{"0":"post-961","1":"product","2":"type-product","3":"status-publish","4":"has-post-thumbnail","6":"product_cat-blusas","7":"product_cat-masculina","8":"product_cat-moda","9":"product_tag-blusa","10":"product_tag-blusa-de-moleton","11":"product_tag-masculino","12":"product_tag-moda","13":"product_tag-moleton","14":"desktop-align-center","15":"tablet-align-left","16":"mobile-align-center","18":"first","19":"instock","20":"sale","21":"shipping-taxable","22":"product-type-external"},"uagb_featured_image_src":{"full":["https:\/\/promocaododia.com.br\/site\/wp-content\/uploads\/2022\/11\/Moletom-de-Treino-Masculino-Under-Armour-Rival-Terry-Logo-Crew.jpg",600,600,false],"thumbnail":["https:\/\/promocaododia.com.br\/site\/wp-content\/uploads\/2022\/11\/Moletom-de-Treino-Masculino-Under-Armour-Rival-Terry-Logo-Crew-150x150.jpg",150,150,true],"medium":["https:\/\/promocaododia.com.br\/site\/wp-content\/uploads\/2022\/11\/Moletom-de-Treino-Masculino-Under-Armour-Rival-Terry-Logo-Crew-300x300.jpg",300,300,true],"medium_large":["https:\/\/promocaododia.com.br\/site\/wp-content\/uploads\/2022\/11\/Moletom-de-Treino-Masculino-Under-Armour-Rival-Terry-Logo-Crew.jpg",600,600,false],"large":["https:\/\/promocaododia.com.br\/site\/wp-content\/uploads\/2022\/11\/Moletom-de-Treino-Masculino-Under-Armour-Rival-Terry-Logo-Crew.jpg",600,600,false],"1536x1536":["https:\/\/promocaododia.com.br\/site\/wp-content\/uploads\/2022\/11\/Moletom-de-Treino-Masculino-Under-Armour-Rival-Terry-Logo-Crew.jpg",600,600,false],"2048x2048":["https:\/\/promocaododia.com.br\/site\/wp-content\/uploads\/2022\/11\/Moletom-de-Treino-Masculino-Under-Armour-Rival-Terry-Logo-Crew.jpg",600,600,false],"woocommerce_thumbnail":["https:\/\/promocaododia.com.br\/site\/wp-content\/uploads\/2022\/11\/Moletom-de-Treino-Masculino-Under-Armour-Rival-Terry-Logo-Crew-250x250.jpg",250,250,true],"woocommerce_single":["https:\/\/promocaododia.com.br\/site\/wp-content\/uploads\/2022\/11\/Moletom-de-Treino-Masculino-Under-Armour-Rival-Terry-Logo-Crew-250x250.jpg",250,250,true],"woocommerce_gallery_thumbnail":["https:\/\/promocaododia.com.br\/site\/wp-content\/uploads\/2022\/11\/Moletom-de-Treino-Masculino-Under-Armour-Rival-Terry-Logo-Crew-100x100.jpg",100,100,true]},"uagb_author_info":{"display_name":"danilo.gbr","author_link":"https:\/\/promocaododia.com.br\/site\/author\/"},"uagb_comment_info":0,"uagb_excerpt":"O French Terry tem uma camada externa lisa e uma camada interna macia e quente. O material absorve o suor e seca muito r\u00e1pido. Composi\u00e7\u00e3o: 50% Algod\u00e3o e 50% Poli\u00e9ster","_links":{"self":[{"href":"https:\/\/promocaododia.com.br\/site\/wp-json\/wp\/v2\/product\/961","targetHints":{"allow":["GET"]}}],"collection":[{"href":"https:\/\/promocaododia.com.br\/site\/wp-json\/wp\/v2\/product"}],"about":[{"href":"https:\/\/promocaododia.com.br\/site\/wp-json\/wp\/v2\/types\/product"}],"wp:featuredmedia":[{"embeddable":true,"href":"https:\/\/promocaododia.com.br\/site\/wp-json\/wp\/v2\/media\/962"}],"wp:attachment":[{"href":"https:\/\/promocaododia.com.br\/site\/wp-json\/wp\/v2\/media?parent=961"}],"wp:term":[{"taxonomy":"product_brand","embeddable":true,"href":"https:\/\/promocaododia.com.br\/site\/wp-json\/wp\/v2\/product_brand?post=961"},{"taxonomy":"product_cat","embeddable":true,"href":"https:\/\/promocaododia.com.br\/site\/wp-json\/wp\/v2\/product_cat?post=961"},{"taxonomy":"product_tag","embeddable":true,"href":"https:\/\/promocaododia.com.br\/site\/wp-json\/wp\/v2\/product_tag?post=961"}],"curies":[{"name":"wp","href":"https:\/\/api.w.org\/{rel}","templated":true}]}}