{"id":963,"date":"2022-11-05T19:46:09","date_gmt":"2022-11-05T22:46:09","guid":{"rendered":"https:\/\/promocaododia.com.br\/site\/?post_type=product&#038;p=963"},"modified":"2022-11-05T19:46:09","modified_gmt":"2022-11-05T22:46:09","slug":"guarda-roupa-casal-6-portas-2-gavetas-roma-casa-812","status":"publish","type":"product","link":"https:\/\/promocaododia.com.br\/site\/produto\/guarda-roupa-casal-6-portas-2-gavetas-roma-casa-812\/","title":{"rendered":"Guarda Roupa Casal 6 Portas 2 Gavetas Roma Casa 812"},"content":{"rendered":"<p>Manter um guarda-roupa organizado, alem de facilitar na hora de procurarmos por uma pe\u00e7a especifica, faz com que a rotina torne-se mais pratica, pois ja saberemos onde cada roupa ou acessorio estara. O Guarda-Roupa Roma e o movel ideal para que a arruma\u00e7ao do ambiente fique em dia. por possuir um amplo espa\u00e7o para armazenamento e feito para suprir suas necessidades pessoais alem de possui um visual bonito.<\/p>\n<p>CARACTERISTICAS GERAIS:<br \/>\nEstilo: Moderno<br \/>\nLinha: Roma<br \/>\nAmbiente Principal: Quarto<br \/>\nMarca: Casa 812<br \/>\nOrigem: Nacional<br \/>\nGarantia do Fornecedor: 3 Meses<br \/>\nItens Inclusos: 1 Guarda Roupa e Instru\u00e7ao de Montagem<\/p>\n<p>ATEN\u00c7AO \/ IMPORTANTE:<br \/>\nNecessita Montagem: Sim<br \/>\nSistema de Montagem: Parafusos e Cavilhas<br \/>\nComplexidade de Montagem: Media pode ser montado por mais de uma pessoa ou necessitar maior conhecimento de montagem.<br \/>\nMontagem\/Instala\u00e7ao a cargo do cliente. Nao dispomos de montadores. Mas acompanha manual para montagem, bastante intuitivo.<br \/>\nRecomenda\u00e7oes de Uso, Manuten\u00e7oes e Limpeza: Para limpeza de seu movel, use uma flanela limpa e seca. Nao utilize produtos quimicos que possam danificar o produto.<br \/>\nAs imagens sao meramente ilustrativas. As cores podem sofrer altera\u00e7oes devido a luminosidade, monitor e a percep\u00e7ao do usuario.<br \/>\nDesmontagens, subir escadas\/elevadores ou transporte por guincho para apartamentos, e suas despesas sao a cargo do cliente.<br \/>\nEletros, Eletronicos e decora\u00e7oes nao acompanham o produto.<br \/>\nNossa garantia e contra defeitos de fabrica\u00e7ao, a qual tem um prazo de 3 meses contados a partir da data de entrega do produto. Nossa garantia NAO cobre defeitos por uso inadequado, abusivo ou falta de cuidados com o produto.<\/p>\n<p>FICHA TECNICA ROUPEIRO:<br \/>\nAcabamento: Pintura UV<br \/>\nCor Interna: Trama Branco<br \/>\nEscala de Brilho: Brilho<br \/>\nMaterial do Fundo: MDF<br \/>\nPossui Espa\u00e7o para Vestidos Longos: Nao<br \/>\nPossui Ganchos: Nao<br \/>\nPossui Ilumina\u00e7ao Led: Nao<br \/>\nPossui Maleiro: Sim<br \/>\nPossui porta Objetos: Nao<br \/>\nQtd. Portas: 6 Und.<br \/>\nTipo Porta: Bater<br \/>\nMaterial da Porta: MDP<br \/>\nMaterial da Dobradi\u00e7a: Metalica<br \/>\nMaterial do Puxador Porta: ABS<br \/>\nQtd. Gavetas: 3 Und.<br \/>\nMaterial da Gaveta: MDP\/MDF<br \/>\nMaterial da Corredi\u00e7a: Metalica<br \/>\nMaterial do Puxador Gaveta: Nao Possui, fechamento atraves da propria gaveta<br \/>\nPeso Maximo por Gaveta: 3 KGs<br \/>\nPossui Organizador de Gaveta: Nao<br \/>\nQtd. Prateleiras: 4 Und.<br \/>\nMaterial da Prateleira: MDP<br \/>\nPeso Maximo por Prateleira: 8 KGs<br \/>\nPossui pes: 6 Und.<br \/>\nMaterial dos Pes: ABS<br \/>\nAltura Pes\/Rodapes: 5 Cm<br \/>\nPes Regulaveis: Nao<br \/>\nPossui Espelho: Nao<br \/>\nMaterial do Cabideiro: Madeira<br \/>\nMaterial do Calceiro: Madeira<br \/>\nProduto Suporte ate (Kg): 83 Kg<br \/>\nMaterial Principal: MDP<br \/>\nMedidas Montado: 200,5 x 162,5 x 44 Cm<br \/>\nPeso Montado: 83 Kg<\/p>\n","protected":false},"excerpt":{"rendered":"<p>Manter um guarda-roupa organizado, alem de facilitar na hora de procurarmos por uma pe\u00e7a especifica, faz com que a rotina torne-se mais pratica, pois ja saberemos onde cada roupa ou acessorio estara. O Guarda-Roupa Roma e o movel ideal para que a arruma\u00e7ao do ambiente fique em dia. por possuir um amplo espa\u00e7o para armazenamento e feito para suprir suas necessidades pessoais alem de possui um visual bonito. CARACTERISTICAS GERAIS: Estilo: Moderno Linha: Roma Ambiente Principal: Quarto Marca: Casa 812 Origem: Nacional Garantia do Fornecedor: 3 Meses Itens Inclusos: 1 Guarda Roupa e Instru\u00e7ao de Montagem ATEN\u00c7AO \/ IMPORTANTE: Necessita Montagem: Sim Sistema de Montagem: Parafusos e Cavilhas Complexidade de Montagem: Media pode ser montado por mais de uma pessoa ou necessitar maior conhecimento de montagem. Montagem\/Instala\u00e7ao a cargo do cliente. Nao dispomos de montadores. Mas acompanha manual para montagem, bastante intuitivo. Recomenda\u00e7oes de Uso, Manuten\u00e7oes e Limpeza: Para limpeza de seu movel, use uma flanela limpa e seca. Nao utilize produtos quimicos que possam danificar o produto. As imagens sao meramente ilustrativas. As cores podem sofrer altera\u00e7oes devido a luminosidade, monitor e a percep\u00e7ao do usuario. Desmontagens, subir escadas\/elevadores ou transporte por guincho para apartamentos, e suas despesas sao a cargo do cliente. Eletros, Eletronicos e decora\u00e7oes nao acompanham o produto. Nossa garantia e contra defeitos de fabrica\u00e7ao, a qual tem um prazo de 3 meses contados a partir da data de entrega do produto. Nossa garantia NAO cobre defeitos por uso inadequado, abusivo ou falta de cuidados com o produto. FICHA TECNICA ROUPEIRO: Acabamento: Pintura UV Cor Interna: Trama Branco Escala de Brilho: Brilho Material do Fundo: MDF Possui Espa\u00e7o para Vestidos Longos: Nao Possui Ganchos: Nao Possui Ilumina\u00e7ao Led: Nao Possui Maleiro: Sim Possui porta Objetos: Nao Qtd. Portas: 6 Und. Tipo Porta: Bater Material da Porta: MDP Material da Dobradi\u00e7a: Metalica Material do Puxador Porta: ABS Qtd. Gavetas: 3 Und. Material da Gaveta: MDP\/MDF Material da Corredi\u00e7a: Metalica Material do Puxador Gaveta: Nao Possui, fechamento atraves da propria gaveta Peso Maximo por Gaveta: 3 KGs Possui Organizador de Gaveta: Nao Qtd. Prateleiras: 4 Und. Material da Prateleira: MDP Peso Maximo por Prateleira: 8 KGs Possui pes: 6 Und. Material dos Pes: ABS Altura Pes\/Rodapes: 5 Cm Pes Regulaveis: Nao Possui Espelho: Nao Material do Cabideiro: Madeira Material do Calceiro: Madeira Produto Suporte ate (Kg): 83 Kg Material Principal: MDP Medidas Montado: 200,5 x 162,5 x 44 Cm Peso Montado: 83 Kg<\/p>\n","protected":false},"featured_media":964,"template":"","meta":{"_uag_custom_page_level_css":"","site-sidebar-layout":"default","site-content-layout":"default","ast-site-content-layout":"default","site-content-style":"default","site-sidebar-style":"default","ast-global-header-display":"","ast-banner-title-visibility":"","ast-main-header-display":"","ast-hfb-above-header-display":"","ast-hfb-below-header-display":"","ast-hfb-mobile-header-display":"","site-post-title":"","ast-breadcrumbs-content":"","ast-featured-img":"","footer-sml-layout":"","theme-transparent-header-meta":"default","adv-header-id-meta":"","stick-header-meta":"","header-above-stick-meta":"","header-main-stick-meta":"","header-below-stick-meta":"","astra-migrate-meta-layouts":"default","ast-page-background-enabled":"default","ast-page-background-meta":{"desktop":{"background-color":"","background-image":"","background-repeat":"repeat","background-position":"center center","background-size":"auto","background-attachment":"scroll","background-type":"","background-media":"","overlay-type":"","overlay-color":"","overlay-opacity":"","overlay-gradient":""},"tablet":{"background-color":"","background-image":"","background-repeat":"repeat","background-position":"center center","background-size":"auto","background-attachment":"scroll","background-type":"","background-media":"","overlay-type":"","overlay-color":"","overlay-opacity":"","overlay-gradient":""},"mobile":{"background-color":"","background-image":"","background-repeat":"repeat","background-position":"center center","background-size":"auto","background-attachment":"scroll","background-type":"","background-media":"","overlay-type":"","overlay-color":"","overlay-opacity":"","overlay-gradient":""}},"ast-content-background-meta":{"desktop":{"background-color":"var(--ast-global-color-5)","background-image":"","background-repeat":"repeat","background-position":"center center","background-size":"auto","background-attachment":"scroll","background-type":"","background-media":"","overlay-type":"","overlay-color":"","overlay-opacity":"","overlay-gradient":""},"tablet":{"background-color":"var(--ast-global-color-5)","background-image":"","background-repeat":"repeat","background-position":"center center","background-size":"auto","background-attachment":"scroll","background-type":"","background-media":"","overlay-type":"","overlay-color":"","overlay-opacity":"","overlay-gradient":""},"mobile":{"background-color":"var(--ast-global-color-5)","background-image":"","background-repeat":"repeat","background-position":"center center","background-size":"auto","background-attachment":"scroll","background-type":"","background-media":"","overlay-type":"","overlay-color":"","overlay-opacity":"","overlay-gradient":""}}},"product_brand":[],"product_cat":[44,446],"product_tag":[335,447,449],"class_list":{"0":"post-963","1":"product","2":"type-product","3":"status-publish","4":"has-post-thumbnail","6":"product_cat-moveis","7":"product_cat-quarto","8":"product_tag-casal","9":"product_tag-guarda-roupa","10":"product_tag-moveis","11":"desktop-align-center","12":"tablet-align-left","13":"mobile-align-center","15":"first","16":"instock","17":"sale","18":"shipping-taxable","19":"product-type-external"},"uagb_featured_image_src":{"full":["https:\/\/promocaododia.com.br\/site\/wp-content\/uploads\/2022\/11\/Guarda-Roupa-Casal-6-Portas-2-Gavetas-Roma-Casa-812.jpg",600,600,false],"thumbnail":["https:\/\/promocaododia.com.br\/site\/wp-content\/uploads\/2022\/11\/Guarda-Roupa-Casal-6-Portas-2-Gavetas-Roma-Casa-812-150x150.jpg",150,150,true],"medium":["https:\/\/promocaododia.com.br\/site\/wp-content\/uploads\/2022\/11\/Guarda-Roupa-Casal-6-Portas-2-Gavetas-Roma-Casa-812-300x300.jpg",300,300,true],"medium_large":["https:\/\/promocaododia.com.br\/site\/wp-content\/uploads\/2022\/11\/Guarda-Roupa-Casal-6-Portas-2-Gavetas-Roma-Casa-812.jpg",600,600,false],"large":["https:\/\/promocaododia.com.br\/site\/wp-content\/uploads\/2022\/11\/Guarda-Roupa-Casal-6-Portas-2-Gavetas-Roma-Casa-812.jpg",600,600,false],"1536x1536":["https:\/\/promocaododia.com.br\/site\/wp-content\/uploads\/2022\/11\/Guarda-Roupa-Casal-6-Portas-2-Gavetas-Roma-Casa-812.jpg",600,600,false],"2048x2048":["https:\/\/promocaododia.com.br\/site\/wp-content\/uploads\/2022\/11\/Guarda-Roupa-Casal-6-Portas-2-Gavetas-Roma-Casa-812.jpg",600,600,false],"woocommerce_thumbnail":["https:\/\/promocaododia.com.br\/site\/wp-content\/uploads\/2022\/11\/Guarda-Roupa-Casal-6-Portas-2-Gavetas-Roma-Casa-812-250x250.jpg",250,250,true],"woocommerce_single":["https:\/\/promocaododia.com.br\/site\/wp-content\/uploads\/2022\/11\/Guarda-Roupa-Casal-6-Portas-2-Gavetas-Roma-Casa-812-250x250.jpg",250,250,true],"woocommerce_gallery_thumbnail":["https:\/\/promocaododia.com.br\/site\/wp-content\/uploads\/2022\/11\/Guarda-Roupa-Casal-6-Portas-2-Gavetas-Roma-Casa-812-100x100.jpg",100,100,true]},"uagb_author_info":{"display_name":"danilo.gbr","author_link":"https:\/\/promocaododia.com.br\/site\/author\/"},"uagb_comment_info":0,"uagb_excerpt":"Manter um guarda-roupa organizado, alem de facilitar na hora de procurarmos por uma pe\u00e7a especifica, faz com que a rotina torne-se mais pratica, pois ja saberemos onde cada roupa ou acessorio estara. O Guarda-Roupa Roma e o movel ideal para que a arruma\u00e7ao do ambiente fique em dia. por possuir um amplo espa\u00e7o para armazenamento&hellip;","_links":{"self":[{"href":"https:\/\/promocaododia.com.br\/site\/wp-json\/wp\/v2\/product\/963","targetHints":{"allow":["GET"]}}],"collection":[{"href":"https:\/\/promocaododia.com.br\/site\/wp-json\/wp\/v2\/product"}],"about":[{"href":"https:\/\/promocaododia.com.br\/site\/wp-json\/wp\/v2\/types\/product"}],"wp:featuredmedia":[{"embeddable":true,"href":"https:\/\/promocaododia.com.br\/site\/wp-json\/wp\/v2\/media\/964"}],"wp:attachment":[{"href":"https:\/\/promocaododia.com.br\/site\/wp-json\/wp\/v2\/media?parent=963"}],"wp:term":[{"taxonomy":"product_brand","embeddable":true,"href":"https:\/\/promocaododia.com.br\/site\/wp-json\/wp\/v2\/product_brand?post=963"},{"taxonomy":"product_cat","embeddable":true,"href":"https:\/\/promocaododia.com.br\/site\/wp-json\/wp\/v2\/product_cat?post=963"},{"taxonomy":"product_tag","embeddable":true,"href":"https:\/\/promocaododia.com.br\/site\/wp-json\/wp\/v2\/product_tag?post=963"}],"curies":[{"name":"wp","href":"https:\/\/api.w.org\/{rel}","templated":true}]}}