{"id":965,"date":"2022-11-05T19:53:24","date_gmt":"2022-11-05T22:53:24","guid":{"rendered":"https:\/\/promocaododia.com.br\/site\/?post_type=product&#038;p=965"},"modified":"2022-11-05T19:53:24","modified_gmt":"2022-11-05T22:53:24","slug":"smart-tv-led-50-4k-hq-conversor-digital-externo-3-hdmi-2-usb-wi-fi-android-11-design-slim","status":"publish","type":"product","link":"https:\/\/promocaododia.com.br\/site\/produto\/smart-tv-led-50-4k-hq-conversor-digital-externo-3-hdmi-2-usb-wi-fi-android-11-design-slim\/","title":{"rendered":"Smart TV LED 50&#8243; 4K HQ Conversor Digital Externo 3 HDMI 2 USB WI-FI Android 11 Design Slim"},"content":{"rendered":"<p>Smart TV 50&#8243; 4K UHD, HDR, tela sem bordas, Android, Sistema Supersound, design Slim HQ HQSTV50NK<\/p>\n<p>Smart TV 50&#8243; 4K HQ HQSTV50NK<br \/>\nImagem e som com qualidade incompar\u00e1vel!<\/p>\n<p>Resolu\u00e7\u00e3o Ultra HD 4K com HDR:<br \/>\nImagens com cores vivas e incr\u00edveis.<br \/>\nVivencie cada detalhe ao assistir v\u00eddeos em ultraresolu\u00e7\u00e3o sendo capaz de perceber todo e qualquer detalhe.<br \/>\nO sistema HDR \u201cHigh Dynamic Range\u201d, presente na Smart TV HQ HQSTV50NK, \u00e9 respons\u00e1vel pela quantidade de cores que cada pixel pode assumir. Esse formato \u00e9 capaz de deixar a imagem do televisor com excelente resultado de brilho e contraste, j\u00e1 que as imagens ficam com cores mais vivas, os tons mais claros possuem mais brilho e os tons pretos, mais contraste. O resultado s\u00e3o imagens mais realistas e uma melhor experi\u00eancia para o espectador!<\/p>\n<p>Frameless:<br \/>\nTela livre de bordas, a imers\u00e3o \u00e9 total!<br \/>\nAo assistir ao seu filme, s\u00e9rie, ou programa de TV predileto em uma tela frameless voc\u00ea ter\u00e1 a sensa\u00e7\u00e3o de estar dentro da cena.<\/p>\n<p>Android 11:<br \/>\nUma loja com milhares de aplicativos compat\u00edveis a sua disposi\u00e7\u00e3o.<br \/>\nAl\u00e9m disso, a sincroniza\u00e7\u00e3o com o seu Smartphone, seja ele Android ou IOS, \u00e9 muito simples. Espelhe a tela do seu celular na sua Smart TV HQ com apenas um toque.<\/p>\n<p>Sistema Supersound:<br \/>\nSom surround de alt\u00edssima qualidade para uma experi\u00eacia sonora \u00fanica.<br \/>\nDe nada adianta voc\u00ea assistir os seus v\u00eddeos prediletos em alta defini\u00e7\u00e3o UHD se o \u00e1udio n\u00e3o tiver a mesma qualidade, n\u00e3o \u00e9 mesmo?<br \/>\nFoi pensando nisso que a HQ garantiu que a sua experi\u00eancia seja completa. Para isso instalamos dois potentes auto falantes com 7W reais RMS cada, com sistema surround, que garantir\u00e3o a voc\u00ea uma qualidade de som inquestion\u00e1vel.<\/p>\n<p>Design Slim Premium:<br \/>\nA Smart TV HQ HQSTV50NK possui acabamento ultra fino e se acomoda perfeitamente no seu ambiente. Moderna e com layout Premium ela deixar\u00e1 qualquer local mais requintado.<\/p>\n<p>Conectividade \u00e9 a palavra chave:<br \/>\nPronta para qualquer desafio.<br \/>\nN\u00e3o basta ter conex\u00e3o Wifi, para garantir que voc\u00ea consiga reproduzir conte\u00fados em 4K UHD sem travamentos e perda de qualidade, o adaptador de internet sem fio deve ser de alto ganho.<br \/>\nSendo assim, fique tranquilo. Conecte a redes sem fio em alta velocidade e garanta extrair o m\u00e1ximo da sua HQ HQSTV50NK.<br \/>\nAl\u00e9m disso, ela conta com 3 sa\u00eddas HDMI e conversor digital.<\/p>\n<p>Gaming Ready:<br \/>\nE para voc\u00ea que quer rodar os seus jogos prediletos, saiba que ela possui taxa de atualiza\u00e7\u00e3o de 60Hz. Junto com o sistema HDR j\u00e1 explicado acima, voc\u00ea poder\u00e1 entrar na jogatina pronto para ser o melhor.<\/p>\n<p><strong>ESPECIFICA\u00c7\u00d5ES:<\/strong><\/p>\n<p><strong>PAINEL:<\/strong><br \/>\n<strong>Tecnologia painel:<\/strong>\u00a0led<br \/>\n<strong>Hdr:<\/strong>\u00a0n\u00e3o<br \/>\n<strong>Formato tela:<\/strong>\u00a016:09<br \/>\n<strong>\u00c2ngulo vis\u00e3o:<\/strong>\u00a0h: 89\u00b0 v:89\u00b0<br \/>\n<strong>Resolu\u00e7\u00e3o video:<\/strong>\u00a03840 x 2160<br \/>\n<strong>Contraste:<\/strong>\u00a03000:01<br \/>\n<strong>Brilho:<\/strong>\u00a0230\u00b120 cd\/m2<br \/>\n<strong>Tempo de resposta:<\/strong>\u00a012 ms<br \/>\n<strong>Velocidade painel:<\/strong>\u00a060hz<br \/>\n<strong>Conversor externo:<\/strong>\u00a0externo ( adaptador )<\/p>\n<p><strong>SMART TV:<\/strong><br \/>\n<strong>Smart:<\/strong>\u00a0sim<br \/>\n<strong>Aplicativos pr\u00e9 instalados:<\/strong>\u00a0Netflix, Youtube<br \/>\n<strong>Navegador:<\/strong>\u00a0sim<\/p>\n<p><strong>PROCESSADOR<\/strong><br \/>\n<strong>Processador:<\/strong>\u00a0CA55 1,5ghz<br \/>\n<strong>GPU:<\/strong>\u00a0550mhz<\/p>\n<p><strong>CONEX\u00d5ES:<\/strong><br \/>\n<strong>Entrada auxiliar:<\/strong>\u00a0sim<br \/>\n<strong>Usb:<\/strong>\u00a02<br \/>\n<strong>Hdmi:<\/strong>\u00a03<br \/>\n<strong>Sa\u00edda digital:<\/strong>\u00a0coaxial<br \/>\n<strong>Sa\u00edda p2:\u00a0<\/strong>1<br \/>\n<strong>Lan:<\/strong>\u00a0sim<br \/>\n<strong>Wi fi integrado:<\/strong>\u00a0sim<\/p>\n<p><strong>\u00c1UDIO<\/strong><br \/>\n<strong>Sa\u00edda de audio:<\/strong>\u00a02*10WRMS<br \/>\n<strong>Sa\u00edda p2:\u00a0<\/strong>1<\/p>\n<p><strong>ENERGIA<\/strong><br \/>\n<strong>Tens\u00e3o:<\/strong>\u00a0bivolt<br \/>\n<strong>Consumo medio:<\/strong>\u00a0=80W<\/p>\n<p><strong>SUPORTE:<\/strong><br \/>\n<strong>Suporte vesa:<\/strong>\u00a0Sim 200x100mm<\/p>\n<p><strong>DIMENS\u00d5ES E PESO:<\/strong><br \/>\n<strong>Dimens\u00e3o do produto:<\/strong>\u00a062,2 x 22,5 x 83,5 cm<br \/>\n<strong>Peso liq. (kg):<\/strong>\u00a09,4<\/p>\n<p><strong>GARANTIA 12 Meses<\/strong><\/p>\n","protected":false},"excerpt":{"rendered":"<p>Smart TV 50&#8243; 4K UHD, HDR, tela sem bordas, Android, Sistema Supersound, design Slim HQ HQSTV50NK Smart TV 50&#8243; 4K HQ HQSTV50NK Imagem e som com qualidade incompar\u00e1vel! Resolu\u00e7\u00e3o Ultra HD 4K com HDR: Imagens com cores vivas e incr\u00edveis. Vivencie cada detalhe ao assistir v\u00eddeos em ultraresolu\u00e7\u00e3o sendo capaz de perceber todo e qualquer detalhe. O sistema HDR \u201cHigh Dynamic Range\u201d, presente na Smart TV HQ HQSTV50NK, \u00e9 respons\u00e1vel pela quantidade de cores que cada pixel pode assumir. Esse formato \u00e9 capaz de deixar a imagem do televisor com excelente resultado de brilho e contraste, j\u00e1 que as imagens ficam com cores mais vivas, os tons mais claros possuem mais brilho e os tons pretos, mais contraste. O resultado s\u00e3o imagens mais realistas e uma melhor experi\u00eancia para o espectador! Frameless: Tela livre de bordas, a imers\u00e3o \u00e9 total! Ao assistir ao seu filme, s\u00e9rie, ou programa de TV predileto em uma tela frameless voc\u00ea ter\u00e1 a sensa\u00e7\u00e3o de estar dentro da cena. Android 11: Uma loja com milhares de aplicativos compat\u00edveis a sua disposi\u00e7\u00e3o. Al\u00e9m disso, a sincroniza\u00e7\u00e3o com o seu Smartphone, seja ele Android ou IOS, \u00e9 muito simples. Espelhe a tela do seu celular na sua Smart TV HQ com apenas um toque. Sistema Supersound: Som surround de alt\u00edssima qualidade para uma experi\u00eacia sonora \u00fanica. De nada adianta voc\u00ea assistir os seus v\u00eddeos prediletos em alta defini\u00e7\u00e3o UHD se o \u00e1udio n\u00e3o tiver a mesma qualidade, n\u00e3o \u00e9 mesmo? Foi pensando nisso que a HQ garantiu que a sua experi\u00eancia seja completa. Para isso instalamos dois potentes auto falantes com 7W reais RMS cada, com sistema surround, que garantir\u00e3o a voc\u00ea uma qualidade de som inquestion\u00e1vel. Design Slim Premium: A Smart TV HQ HQSTV50NK possui acabamento ultra fino e se acomoda perfeitamente no seu ambiente. Moderna e com layout Premium ela deixar\u00e1 qualquer local mais requintado. Conectividade \u00e9 a palavra chave: Pronta para qualquer desafio. N\u00e3o basta ter conex\u00e3o Wifi, para garantir que voc\u00ea consiga reproduzir conte\u00fados em 4K UHD sem travamentos e perda de qualidade, o adaptador de internet sem fio deve ser de alto ganho. Sendo assim, fique tranquilo. Conecte a redes sem fio em alta velocidade e garanta extrair o m\u00e1ximo da sua HQ HQSTV50NK. Al\u00e9m disso, ela conta com 3 sa\u00eddas HDMI e conversor digital. Gaming Ready: E para voc\u00ea que quer rodar os seus jogos prediletos, saiba que ela possui taxa de atualiza\u00e7\u00e3o de 60Hz. Junto com o sistema HDR j\u00e1 explicado acima, voc\u00ea poder\u00e1 entrar na jogatina pronto para ser o melhor. ESPECIFICA\u00c7\u00d5ES: PAINEL: Tecnologia painel:\u00a0led Hdr:\u00a0n\u00e3o Formato tela:\u00a016:09 \u00c2ngulo vis\u00e3o:\u00a0h: 89\u00b0 v:89\u00b0 Resolu\u00e7\u00e3o video:\u00a03840 x 2160 Contraste:\u00a03000:01 Brilho:\u00a0230\u00b120 cd\/m2 Tempo de resposta:\u00a012 ms Velocidade painel:\u00a060hz Conversor externo:\u00a0externo ( adaptador ) SMART TV: Smart:\u00a0sim Aplicativos pr\u00e9 instalados:\u00a0Netflix, Youtube Navegador:\u00a0sim PROCESSADOR Processador:\u00a0CA55 1,5ghz GPU:\u00a0550mhz CONEX\u00d5ES: Entrada auxiliar:\u00a0sim Usb:\u00a02 Hdmi:\u00a03 Sa\u00edda digital:\u00a0coaxial Sa\u00edda p2:\u00a01 Lan:\u00a0sim Wi fi integrado:\u00a0sim \u00c1UDIO Sa\u00edda de audio:\u00a02*10WRMS Sa\u00edda p2:\u00a01 ENERGIA Tens\u00e3o:\u00a0bivolt Consumo medio:\u00a0=80W SUPORTE: Suporte vesa:\u00a0Sim 200x100mm DIMENS\u00d5ES E PESO: Dimens\u00e3o do produto:\u00a062,2 x 22,5 x 83,5 cm Peso liq. (kg):\u00a09,4 GARANTIA 12 Meses<\/p>\n","protected":false},"featured_media":966,"template":"","meta":{"_uag_custom_page_level_css":"","site-sidebar-layout":"default","site-content-layout":"default","ast-site-content-layout":"default","site-content-style":"default","site-sidebar-style":"default","ast-global-header-display":"","ast-banner-title-visibility":"","ast-main-header-display":"","ast-hfb-above-header-display":"","ast-hfb-below-header-display":"","ast-hfb-mobile-header-display":"","site-post-title":"","ast-breadcrumbs-content":"","ast-featured-img":"","footer-sml-layout":"","theme-transparent-header-meta":"default","adv-header-id-meta":"","stick-header-meta":"","header-above-stick-meta":"","header-main-stick-meta":"","header-below-stick-meta":"","astra-migrate-meta-layouts":"default","ast-page-background-enabled":"default","ast-page-background-meta":{"desktop":{"background-color":"","background-image":"","background-repeat":"repeat","background-position":"center center","background-size":"auto","background-attachment":"scroll","background-type":"","background-media":"","overlay-type":"","overlay-color":"","overlay-opacity":"","overlay-gradient":""},"tablet":{"background-color":"","background-image":"","background-repeat":"repeat","background-position":"center center","background-size":"auto","background-attachment":"scroll","background-type":"","background-media":"","overlay-type":"","overlay-color":"","overlay-opacity":"","overlay-gradient":""},"mobile":{"background-color":"","background-image":"","background-repeat":"repeat","background-position":"center center","background-size":"auto","background-attachment":"scroll","background-type":"","background-media":"","overlay-type":"","overlay-color":"","overlay-opacity":"","overlay-gradient":""}},"ast-content-background-meta":{"desktop":{"background-color":"var(--ast-global-color-5)","background-image":"","background-repeat":"repeat","background-position":"center center","background-size":"auto","background-attachment":"scroll","background-type":"","background-media":"","overlay-type":"","overlay-color":"","overlay-opacity":"","overlay-gradient":""},"tablet":{"background-color":"var(--ast-global-color-5)","background-image":"","background-repeat":"repeat","background-position":"center center","background-size":"auto","background-attachment":"scroll","background-type":"","background-media":"","overlay-type":"","overlay-color":"","overlay-opacity":"","overlay-gradient":""},"mobile":{"background-color":"var(--ast-global-color-5)","background-image":"","background-repeat":"repeat","background-position":"center center","background-size":"auto","background-attachment":"scroll","background-type":"","background-media":"","overlay-type":"","overlay-color":"","overlay-opacity":"","overlay-gradient":""}}},"product_brand":[],"product_cat":[38,25,76],"product_tag":[129,241,373,128],"class_list":{"0":"post-965","1":"product","2":"type-product","3":"status-publish","4":"has-post-thumbnail","6":"product_cat-eletronicos","7":"product_cat-smart-tv","8":"product_cat-tv-e-video","9":"product_tag-4k","10":"product_tag-google-assistente","11":"product_tag-hdr","12":"product_tag-uhd","13":"desktop-align-center","14":"tablet-align-left","15":"mobile-align-center","17":"first","18":"instock","19":"sale","20":"shipping-taxable","21":"product-type-external"},"uagb_featured_image_src":{"full":["https:\/\/promocaododia.com.br\/site\/wp-content\/uploads\/2022\/11\/Smart-TV-LED-50-4K-HQ-Conversor-Digital-Externo-3-HDMI-2-USB-WI-FI-Android-11-Design-Slim.jpg",600,600,false],"thumbnail":["https:\/\/promocaododia.com.br\/site\/wp-content\/uploads\/2022\/11\/Smart-TV-LED-50-4K-HQ-Conversor-Digital-Externo-3-HDMI-2-USB-WI-FI-Android-11-Design-Slim-150x150.jpg",150,150,true],"medium":["https:\/\/promocaododia.com.br\/site\/wp-content\/uploads\/2022\/11\/Smart-TV-LED-50-4K-HQ-Conversor-Digital-Externo-3-HDMI-2-USB-WI-FI-Android-11-Design-Slim-300x300.jpg",300,300,true],"medium_large":["https:\/\/promocaododia.com.br\/site\/wp-content\/uploads\/2022\/11\/Smart-TV-LED-50-4K-HQ-Conversor-Digital-Externo-3-HDMI-2-USB-WI-FI-Android-11-Design-Slim.jpg",600,600,false],"large":["https:\/\/promocaododia.com.br\/site\/wp-content\/uploads\/2022\/11\/Smart-TV-LED-50-4K-HQ-Conversor-Digital-Externo-3-HDMI-2-USB-WI-FI-Android-11-Design-Slim.jpg",600,600,false],"1536x1536":["https:\/\/promocaododia.com.br\/site\/wp-content\/uploads\/2022\/11\/Smart-TV-LED-50-4K-HQ-Conversor-Digital-Externo-3-HDMI-2-USB-WI-FI-Android-11-Design-Slim.jpg",600,600,false],"2048x2048":["https:\/\/promocaododia.com.br\/site\/wp-content\/uploads\/2022\/11\/Smart-TV-LED-50-4K-HQ-Conversor-Digital-Externo-3-HDMI-2-USB-WI-FI-Android-11-Design-Slim.jpg",600,600,false],"woocommerce_thumbnail":["https:\/\/promocaododia.com.br\/site\/wp-content\/uploads\/2022\/11\/Smart-TV-LED-50-4K-HQ-Conversor-Digital-Externo-3-HDMI-2-USB-WI-FI-Android-11-Design-Slim-250x250.jpg",250,250,true],"woocommerce_single":["https:\/\/promocaododia.com.br\/site\/wp-content\/uploads\/2022\/11\/Smart-TV-LED-50-4K-HQ-Conversor-Digital-Externo-3-HDMI-2-USB-WI-FI-Android-11-Design-Slim-250x250.jpg",250,250,true],"woocommerce_gallery_thumbnail":["https:\/\/promocaododia.com.br\/site\/wp-content\/uploads\/2022\/11\/Smart-TV-LED-50-4K-HQ-Conversor-Digital-Externo-3-HDMI-2-USB-WI-FI-Android-11-Design-Slim-100x100.jpg",100,100,true]},"uagb_author_info":{"display_name":"danilo.gbr","author_link":"https:\/\/promocaododia.com.br\/site\/author\/"},"uagb_comment_info":0,"uagb_excerpt":"Smart TV 50&#8243; 4K UHD, HDR, tela sem bordas, Android, Sistema Supersound, design Slim HQ HQSTV50NK Smart TV 50&#8243; 4K HQ HQSTV50NK Imagem e som com qualidade incompar\u00e1vel! Resolu\u00e7\u00e3o Ultra HD 4K com HDR: Imagens com cores vivas e incr\u00edveis. Vivencie cada detalhe ao assistir v\u00eddeos em ultraresolu\u00e7\u00e3o sendo capaz de perceber todo e qualquer&hellip;","_links":{"self":[{"href":"https:\/\/promocaododia.com.br\/site\/wp-json\/wp\/v2\/product\/965","targetHints":{"allow":["GET"]}}],"collection":[{"href":"https:\/\/promocaododia.com.br\/site\/wp-json\/wp\/v2\/product"}],"about":[{"href":"https:\/\/promocaododia.com.br\/site\/wp-json\/wp\/v2\/types\/product"}],"wp:featuredmedia":[{"embeddable":true,"href":"https:\/\/promocaododia.com.br\/site\/wp-json\/wp\/v2\/media\/966"}],"wp:attachment":[{"href":"https:\/\/promocaododia.com.br\/site\/wp-json\/wp\/v2\/media?parent=965"}],"wp:term":[{"taxonomy":"product_brand","embeddable":true,"href":"https:\/\/promocaododia.com.br\/site\/wp-json\/wp\/v2\/product_brand?post=965"},{"taxonomy":"product_cat","embeddable":true,"href":"https:\/\/promocaododia.com.br\/site\/wp-json\/wp\/v2\/product_cat?post=965"},{"taxonomy":"product_tag","embeddable":true,"href":"https:\/\/promocaododia.com.br\/site\/wp-json\/wp\/v2\/product_tag?post=965"}],"curies":[{"name":"wp","href":"https:\/\/api.w.org\/{rel}","templated":true}]}}