{"id":971,"date":"2022-11-06T16:50:12","date_gmt":"2022-11-06T19:50:12","guid":{"rendered":"https:\/\/promocaododia.com.br\/site\/?post_type=product&#038;p=971"},"modified":"2022-11-06T16:50:13","modified_gmt":"2022-11-06T19:50:13","slug":"console-xbox-series-s-2","status":"publish","type":"product","link":"https:\/\/promocaododia.com.br\/site\/produto\/console-xbox-series-s-2\/","title":{"rendered":"Console Xbox Series S"},"content":{"rendered":"<ul class=\"a-unordered-list a-vertical a-spacing-mini\">\n<li><span class=\"a-list-item\">Uso exclusivo para jogos digitais; o console n\u00e3o reproduz discos f\u00edsicos<\/span><\/li>\n<li><span class=\"a-list-item\">8K: Requer conte\u00fado e tela compat\u00edveis<\/span><\/li>\n<li><span class=\"a-list-item\">120 FPS: Requer conte\u00fado e tela compat\u00edveis<\/span><\/li>\n<li><span class=\"a-list-item\">Desempenho e velocidade de \u00faltima gera\u00e7\u00e3o em um formato compacto e totalmente digital.<\/span><\/li>\n<li><span class=\"a-list-item\">Reprodu\u00e7\u00e3o de streaming em 4K e Upscaling 4K para jogos<\/span><\/li>\n<li><span class=\"a-list-item\">Alterne entre os jogos com facilidade, retome com rapidez entre v\u00e1rios t\u00edtulos e volte diretamente de onde parou<\/span><\/li>\n<li><span class=\"a-list-item\">Dolby: Dolby Vision HDR no Xbox requer uma tela compat\u00edvel<\/span><\/li>\n<\/ul>\n<div class=\"a-row a-expander-container a-expander-inline-container\">\n<div class=\"a-expander-content a-expander-extend-content a-expander-content-expanded\" aria-expanded=\"true\">\n<ul class=\"a-unordered-list a-vertical a-spacing-none\">\n<li><span class=\"a-list-item\">Smart Delivery: Somente em jogos compat\u00edveis<\/span><\/li>\n<li><span class=\"a-list-item\">Xbox Game Pass: Assinatura vendida separadamente. O cat\u00e1logo de jogos varia ao longo do tempo e de acordo com a regi\u00e3o<\/span><\/li>\n<li><span class=\"a-list-item\">Aplicativo Xbox Family Settings: A conta das crian\u00e7as deve estar logada na conta da Microsoft com o perfil Xbox usado pela fam\u00edlia para as configura\u00e7\u00f5es aplicarem. O aplicativo Xbox Family Settings exige iOS 10 ou superior ou Android 5 ou superior<\/span><\/li>\n<\/ul>\n<\/div>\n<\/div>\n","protected":false},"excerpt":{"rendered":"<p>Uso exclusivo para jogos digitais; o console n\u00e3o reproduz discos f\u00edsicos 8K: Requer conte\u00fado e tela compat\u00edveis 120 FPS: Requer conte\u00fado e tela compat\u00edveis Desempenho e velocidade de \u00faltima gera\u00e7\u00e3o em um formato compacto e totalmente digital. Reprodu\u00e7\u00e3o de streaming em 4K e Upscaling 4K para jogos Alterne entre os jogos com facilidade, retome com rapidez entre v\u00e1rios t\u00edtulos e volte diretamente de onde parou Dolby: Dolby Vision HDR no Xbox requer uma tela compat\u00edvel Smart Delivery: Somente em jogos compat\u00edveis Xbox Game Pass: Assinatura vendida separadamente. O cat\u00e1logo de jogos varia ao longo do tempo e de acordo com a regi\u00e3o Aplicativo Xbox Family Settings: A conta das crian\u00e7as deve estar logada na conta da Microsoft com o perfil Xbox usado pela fam\u00edlia para as configura\u00e7\u00f5es aplicarem. O aplicativo Xbox Family Settings exige iOS 10 ou superior ou Android 5 ou superior<\/p>\n","protected":false},"featured_media":972,"template":"","meta":{"_uag_custom_page_level_css":"","site-sidebar-layout":"default","site-content-layout":"default","ast-site-content-layout":"default","site-content-style":"default","site-sidebar-style":"default","ast-global-header-display":"","ast-banner-title-visibility":"","ast-main-header-display":"","ast-hfb-above-header-display":"","ast-hfb-below-header-display":"","ast-hfb-mobile-header-display":"","site-post-title":"","ast-breadcrumbs-content":"","ast-featured-img":"","footer-sml-layout":"","theme-transparent-header-meta":"default","adv-header-id-meta":"","stick-header-meta":"","header-above-stick-meta":"","header-main-stick-meta":"","header-below-stick-meta":"","astra-migrate-meta-layouts":"default","ast-page-background-enabled":"default","ast-page-background-meta":{"desktop":{"background-color":"","background-image":"","background-repeat":"repeat","background-position":"center center","background-size":"auto","background-attachment":"scroll","background-type":"","background-media":"","overlay-type":"","overlay-color":"","overlay-opacity":"","overlay-gradient":""},"tablet":{"background-color":"","background-image":"","background-repeat":"repeat","background-position":"center center","background-size":"auto","background-attachment":"scroll","background-type":"","background-media":"","overlay-type":"","overlay-color":"","overlay-opacity":"","overlay-gradient":""},"mobile":{"background-color":"","background-image":"","background-repeat":"repeat","background-position":"center center","background-size":"auto","background-attachment":"scroll","background-type":"","background-media":"","overlay-type":"","overlay-color":"","overlay-opacity":"","overlay-gradient":""}},"ast-content-background-meta":{"desktop":{"background-color":"var(--ast-global-color-5)","background-image":"","background-repeat":"repeat","background-position":"center center","background-size":"auto","background-attachment":"scroll","background-type":"","background-media":"","overlay-type":"","overlay-color":"","overlay-opacity":"","overlay-gradient":""},"tablet":{"background-color":"var(--ast-global-color-5)","background-image":"","background-repeat":"repeat","background-position":"center center","background-size":"auto","background-attachment":"scroll","background-type":"","background-media":"","overlay-type":"","overlay-color":"","overlay-opacity":"","overlay-gradient":""},"mobile":{"background-color":"var(--ast-global-color-5)","background-image":"","background-repeat":"repeat","background-position":"center center","background-size":"auto","background-attachment":"scroll","background-type":"","background-media":"","overlay-type":"","overlay-color":"","overlay-opacity":"","overlay-gradient":""}}},"product_brand":[],"product_cat":[38,244,245],"product_tag":[249,250,248,246,247],"class_list":{"0":"post-971","1":"product","2":"type-product","3":"status-publish","4":"has-post-thumbnail","6":"product_cat-eletronicos","7":"product_cat-games","8":"product_cat-xbox","9":"product_tag-500gb","10":"product_tag-console","11":"product_tag-microsoft","12":"product_tag-xbox","13":"product_tag-xbox-series-s","14":"desktop-align-center","15":"tablet-align-left","16":"mobile-align-center","18":"first","19":"instock","20":"sale","21":"shipping-taxable","22":"product-type-external"},"uagb_featured_image_src":{"full":["https:\/\/promocaododia.com.br\/site\/wp-content\/uploads\/2022\/11\/Console-Xbox-Series-S.jpg",600,600,false],"thumbnail":["https:\/\/promocaododia.com.br\/site\/wp-content\/uploads\/2022\/11\/Console-Xbox-Series-S-150x150.jpg",150,150,true],"medium":["https:\/\/promocaododia.com.br\/site\/wp-content\/uploads\/2022\/11\/Console-Xbox-Series-S-300x300.jpg",300,300,true],"medium_large":["https:\/\/promocaododia.com.br\/site\/wp-content\/uploads\/2022\/11\/Console-Xbox-Series-S.jpg",600,600,false],"large":["https:\/\/promocaododia.com.br\/site\/wp-content\/uploads\/2022\/11\/Console-Xbox-Series-S.jpg",600,600,false],"1536x1536":["https:\/\/promocaododia.com.br\/site\/wp-content\/uploads\/2022\/11\/Console-Xbox-Series-S.jpg",600,600,false],"2048x2048":["https:\/\/promocaododia.com.br\/site\/wp-content\/uploads\/2022\/11\/Console-Xbox-Series-S.jpg",600,600,false],"woocommerce_thumbnail":["https:\/\/promocaododia.com.br\/site\/wp-content\/uploads\/2022\/11\/Console-Xbox-Series-S-250x250.jpg",250,250,true],"woocommerce_single":["https:\/\/promocaododia.com.br\/site\/wp-content\/uploads\/2022\/11\/Console-Xbox-Series-S-250x250.jpg",250,250,true],"woocommerce_gallery_thumbnail":["https:\/\/promocaododia.com.br\/site\/wp-content\/uploads\/2022\/11\/Console-Xbox-Series-S-100x100.jpg",100,100,true]},"uagb_author_info":{"display_name":"danilo.gbr","author_link":"https:\/\/promocaododia.com.br\/site\/author\/"},"uagb_comment_info":0,"uagb_excerpt":"Uso exclusivo para jogos digitais; o console n\u00e3o reproduz discos f\u00edsicos 8K: Requer conte\u00fado e tela compat\u00edveis 120 FPS: Requer conte\u00fado e tela compat\u00edveis Desempenho e velocidade de \u00faltima gera\u00e7\u00e3o em um formato compacto e totalmente digital. Reprodu\u00e7\u00e3o de streaming em 4K e Upscaling 4K para jogos Alterne entre os jogos com facilidade, retome com&hellip;","_links":{"self":[{"href":"https:\/\/promocaododia.com.br\/site\/wp-json\/wp\/v2\/product\/971","targetHints":{"allow":["GET"]}}],"collection":[{"href":"https:\/\/promocaododia.com.br\/site\/wp-json\/wp\/v2\/product"}],"about":[{"href":"https:\/\/promocaododia.com.br\/site\/wp-json\/wp\/v2\/types\/product"}],"wp:featuredmedia":[{"embeddable":true,"href":"https:\/\/promocaododia.com.br\/site\/wp-json\/wp\/v2\/media\/972"}],"wp:attachment":[{"href":"https:\/\/promocaododia.com.br\/site\/wp-json\/wp\/v2\/media?parent=971"}],"wp:term":[{"taxonomy":"product_brand","embeddable":true,"href":"https:\/\/promocaododia.com.br\/site\/wp-json\/wp\/v2\/product_brand?post=971"},{"taxonomy":"product_cat","embeddable":true,"href":"https:\/\/promocaododia.com.br\/site\/wp-json\/wp\/v2\/product_cat?post=971"},{"taxonomy":"product_tag","embeddable":true,"href":"https:\/\/promocaododia.com.br\/site\/wp-json\/wp\/v2\/product_tag?post=971"}],"curies":[{"name":"wp","href":"https:\/\/api.w.org\/{rel}","templated":true}]}}