{"id":973,"date":"2022-11-06T17:01:38","date_gmt":"2022-11-06T20:01:38","guid":{"rendered":"https:\/\/promocaododia.com.br\/site\/?post_type=product&#038;p=973"},"modified":"2022-11-06T17:02:23","modified_gmt":"2022-11-06T20:02:23","slug":"tablet-philco-ptb7srg-7-3g-wi-fi-16gb-android-9-0-quad-core-camera-integrada","status":"publish","type":"product","link":"https:\/\/promocaododia.com.br\/site\/produto\/tablet-philco-ptb7srg-7-3g-wi-fi-16gb-android-9-0-quad-core-camera-integrada\/","title":{"rendered":"Tablet Philco PTB7SRG 7\u201d 3G Wi-Fi 16GB &#8211; Android 9.0 Quad-Core C\u00e2mera Integrada"},"content":{"rendered":"<p>O tablet Philco PTB7SRG 3G \u00e9 vers\u00e1til, moderno e perfeito para usar no dia a dia. Sua tela Multi-toque com at\u00e9 5 pontos simult\u00e2neos de 7&#8243; tem o tamanho ideal para deixar seu momento de descontra\u00e7\u00e3o ou trabalho mais agrad\u00e1vel, al\u00e9m de garantir nitidez em qualquer \u00e2ngulo de visualiza\u00e7\u00e3o. O processador Quad-Core e sua mem\u00f3ria RAM de 1GB auxiliam muito nesta utiliza\u00e7\u00e3o. Com 16GB de mem\u00f3ria interna, ele permite guardar suas fotos, m\u00fasicas ou v\u00eddeos! E se mesmo assim voc\u00ea achar pouco, pode usar um cart\u00e3o MicroSD de at\u00e9 32GP para aumentar essa capacidade. O sistema operacional Android 9.0 \u00e9 leve e muito simples de utilizar. Registre bons momentos com a c\u00e2mera frontal 0,3MP e c\u00e2mera traseira de 2MP. Fique sempre conectado nas redes sociais com a tecnologia Wi-Fi, Bluetooth: 4.0 e, claro, 3G.<\/p>\n","protected":false},"excerpt":{"rendered":"<p>O tablet Philco PTB7SRG 3G \u00e9 vers\u00e1til, moderno e perfeito para usar no dia a dia. Sua tela Multi-toque com at\u00e9 5 pontos simult\u00e2neos de 7&#8243; tem o tamanho ideal para deixar seu momento de descontra\u00e7\u00e3o ou trabalho mais agrad\u00e1vel, al\u00e9m de garantir nitidez em qualquer \u00e2ngulo de visualiza\u00e7\u00e3o. O processador Quad-Core e sua mem\u00f3ria RAM de 1GB auxiliam muito nesta utiliza\u00e7\u00e3o. Com 16GB de mem\u00f3ria interna, ele permite guardar suas fotos, m\u00fasicas ou v\u00eddeos! E se mesmo assim voc\u00ea achar pouco, pode usar um cart\u00e3o MicroSD de at\u00e9 32GP para aumentar essa capacidade. O sistema operacional Android 9.0 \u00e9 leve e muito simples de utilizar. Registre bons momentos com a c\u00e2mera frontal 0,3MP e c\u00e2mera traseira de 2MP. Fique sempre conectado nas redes sociais com a tecnologia Wi-Fi, Bluetooth: 4.0 e, claro, 3G.<\/p>\n","protected":false},"featured_media":974,"template":"","meta":{"_uag_custom_page_level_css":"","site-sidebar-layout":"default","site-content-layout":"default","ast-site-content-layout":"default","site-content-style":"default","site-sidebar-style":"default","ast-global-header-display":"","ast-banner-title-visibility":"","ast-main-header-display":"","ast-hfb-above-header-display":"","ast-hfb-below-header-display":"","ast-hfb-mobile-header-display":"","site-post-title":"","ast-breadcrumbs-content":"","ast-featured-img":"","footer-sml-layout":"","theme-transparent-header-meta":"default","adv-header-id-meta":"","stick-header-meta":"","header-above-stick-meta":"","header-main-stick-meta":"","header-below-stick-meta":"","astra-migrate-meta-layouts":"default","ast-page-background-enabled":"default","ast-page-background-meta":{"desktop":{"background-color":"","background-image":"","background-repeat":"repeat","background-position":"center center","background-size":"auto","background-attachment":"scroll","background-type":"","background-media":"","overlay-type":"","overlay-color":"","overlay-opacity":"","overlay-gradient":""},"tablet":{"background-color":"","background-image":"","background-repeat":"repeat","background-position":"center center","background-size":"auto","background-attachment":"scroll","background-type":"","background-media":"","overlay-type":"","overlay-color":"","overlay-opacity":"","overlay-gradient":""},"mobile":{"background-color":"","background-image":"","background-repeat":"repeat","background-position":"center center","background-size":"auto","background-attachment":"scroll","background-type":"","background-media":"","overlay-type":"","overlay-color":"","overlay-opacity":"","overlay-gradient":""}},"ast-content-background-meta":{"desktop":{"background-color":"var(--ast-global-color-5)","background-image":"","background-repeat":"repeat","background-position":"center center","background-size":"auto","background-attachment":"scroll","background-type":"","background-media":"","overlay-type":"","overlay-color":"","overlay-opacity":"","overlay-gradient":""},"tablet":{"background-color":"var(--ast-global-color-5)","background-image":"","background-repeat":"repeat","background-position":"center center","background-size":"auto","background-attachment":"scroll","background-type":"","background-media":"","overlay-type":"","overlay-color":"","overlay-opacity":"","overlay-gradient":""},"mobile":{"background-color":"var(--ast-global-color-5)","background-image":"","background-repeat":"repeat","background-position":"center center","background-size":"auto","background-attachment":"scroll","background-type":"","background-media":"","overlay-type":"","overlay-color":"","overlay-opacity":"","overlay-gradient":""}}},"product_brand":[],"product_cat":[23,457],"product_tag":[143,435,377],"class_list":{"0":"post-973","1":"product","2":"type-product","3":"status-publish","4":"has-post-thumbnail","6":"product_cat-celulares-e-tablets","7":"product_cat-tablets","8":"product_tag-android","9":"product_tag-philco","10":"product_tag-tablet","11":"desktop-align-center","12":"tablet-align-left","13":"mobile-align-center","15":"first","16":"instock","17":"sale","18":"shipping-taxable","19":"product-type-external"},"uagb_featured_image_src":{"full":["https:\/\/promocaododia.com.br\/site\/wp-content\/uploads\/2022\/11\/Tablet-Philco-PTB7SRG-7-3G-Wi-Fi-16GB-Android-9.0-Quad-Core-Camera-Integrada.jpg",600,600,false],"thumbnail":["https:\/\/promocaododia.com.br\/site\/wp-content\/uploads\/2022\/11\/Tablet-Philco-PTB7SRG-7-3G-Wi-Fi-16GB-Android-9.0-Quad-Core-Camera-Integrada-150x150.jpg",150,150,true],"medium":["https:\/\/promocaododia.com.br\/site\/wp-content\/uploads\/2022\/11\/Tablet-Philco-PTB7SRG-7-3G-Wi-Fi-16GB-Android-9.0-Quad-Core-Camera-Integrada-300x300.jpg",300,300,true],"medium_large":["https:\/\/promocaododia.com.br\/site\/wp-content\/uploads\/2022\/11\/Tablet-Philco-PTB7SRG-7-3G-Wi-Fi-16GB-Android-9.0-Quad-Core-Camera-Integrada.jpg",600,600,false],"large":["https:\/\/promocaododia.com.br\/site\/wp-content\/uploads\/2022\/11\/Tablet-Philco-PTB7SRG-7-3G-Wi-Fi-16GB-Android-9.0-Quad-Core-Camera-Integrada.jpg",600,600,false],"1536x1536":["https:\/\/promocaododia.com.br\/site\/wp-content\/uploads\/2022\/11\/Tablet-Philco-PTB7SRG-7-3G-Wi-Fi-16GB-Android-9.0-Quad-Core-Camera-Integrada.jpg",600,600,false],"2048x2048":["https:\/\/promocaododia.com.br\/site\/wp-content\/uploads\/2022\/11\/Tablet-Philco-PTB7SRG-7-3G-Wi-Fi-16GB-Android-9.0-Quad-Core-Camera-Integrada.jpg",600,600,false],"woocommerce_thumbnail":["https:\/\/promocaododia.com.br\/site\/wp-content\/uploads\/2022\/11\/Tablet-Philco-PTB7SRG-7-3G-Wi-Fi-16GB-Android-9.0-Quad-Core-Camera-Integrada-250x250.jpg",250,250,true],"woocommerce_single":["https:\/\/promocaododia.com.br\/site\/wp-content\/uploads\/2022\/11\/Tablet-Philco-PTB7SRG-7-3G-Wi-Fi-16GB-Android-9.0-Quad-Core-Camera-Integrada-250x250.jpg",250,250,true],"woocommerce_gallery_thumbnail":["https:\/\/promocaododia.com.br\/site\/wp-content\/uploads\/2022\/11\/Tablet-Philco-PTB7SRG-7-3G-Wi-Fi-16GB-Android-9.0-Quad-Core-Camera-Integrada-100x100.jpg",100,100,true]},"uagb_author_info":{"display_name":"danilo.gbr","author_link":"https:\/\/promocaododia.com.br\/site\/author\/"},"uagb_comment_info":0,"uagb_excerpt":"O tablet Philco PTB7SRG 3G \u00e9 vers\u00e1til, moderno e perfeito para usar no dia a dia. Sua tela Multi-toque com at\u00e9 5 pontos simult\u00e2neos de 7&#8243; tem o tamanho ideal para deixar seu momento de descontra\u00e7\u00e3o ou trabalho mais agrad\u00e1vel, al\u00e9m de garantir nitidez em qualquer \u00e2ngulo de visualiza\u00e7\u00e3o. O processador Quad-Core e sua mem\u00f3ria&hellip;","_links":{"self":[{"href":"https:\/\/promocaododia.com.br\/site\/wp-json\/wp\/v2\/product\/973","targetHints":{"allow":["GET"]}}],"collection":[{"href":"https:\/\/promocaododia.com.br\/site\/wp-json\/wp\/v2\/product"}],"about":[{"href":"https:\/\/promocaododia.com.br\/site\/wp-json\/wp\/v2\/types\/product"}],"wp:featuredmedia":[{"embeddable":true,"href":"https:\/\/promocaododia.com.br\/site\/wp-json\/wp\/v2\/media\/974"}],"wp:attachment":[{"href":"https:\/\/promocaododia.com.br\/site\/wp-json\/wp\/v2\/media?parent=973"}],"wp:term":[{"taxonomy":"product_brand","embeddable":true,"href":"https:\/\/promocaododia.com.br\/site\/wp-json\/wp\/v2\/product_brand?post=973"},{"taxonomy":"product_cat","embeddable":true,"href":"https:\/\/promocaododia.com.br\/site\/wp-json\/wp\/v2\/product_cat?post=973"},{"taxonomy":"product_tag","embeddable":true,"href":"https:\/\/promocaododia.com.br\/site\/wp-json\/wp\/v2\/product_tag?post=973"}],"curies":[{"name":"wp","href":"https:\/\/api.w.org\/{rel}","templated":true}]}}