{"id":977,"date":"2022-11-06T17:23:38","date_gmt":"2022-11-06T20:23:38","guid":{"rendered":"https:\/\/promocaododia.com.br\/site\/?post_type=product&#038;p=977"},"modified":"2022-11-06T17:23:38","modified_gmt":"2022-11-06T20:23:38","slug":"conjunto-calca-legging-top-alca-fina-fitness-academia-feminino-rosa-rlc-modas","status":"publish","type":"product","link":"https:\/\/promocaododia.com.br\/site\/produto\/conjunto-calca-legging-top-alca-fina-fitness-academia-feminino-rosa-rlc-modas\/","title":{"rendered":"Conjunto Cal\u00e7a Legging + Top Al\u00e7a Fina Fitness Academia Feminino Rosa &#8211; RLC Modas"},"content":{"rendered":"<p>A RLC est\u00e1 trazendo para voc\u00ea o Conjunto Perfeito! Top Alcinha Nadador e Legging de Cintura Alta.<br \/>\n&gt; Indicado para exerc\u00edcios e atividades aer\u00f3bicas e uso casual.<br \/>\n&gt; Extremamente confort\u00e1vel, flex\u00edvel e se ajusta no corpo.<br \/>\n&gt; N\u00e3o \u00e9 necess\u00e1rio passar e n\u00e3o cria bolinhas.<br \/>\n&gt; N\u00e3o desbota e n\u00e3o desfia.<br \/>\n&gt; Melhor qualidade de tecido para o conforto.<br \/>\n&gt; Dur\u00e1vel.<br \/>\nTamanhos: P, M, G e GG.<br \/>\nP veste 36; M veste 38;G veste 40-42;GG veste 42-44.<\/p>\n<p>COMPOSI\u00c7\u00c3O: 90% poli\u00e9ster 10% elastano.<\/p>\n","protected":false},"excerpt":{"rendered":"<p>A RLC est\u00e1 trazendo para voc\u00ea o Conjunto Perfeito! Top Alcinha Nadador e Legging de Cintura Alta. &gt; Indicado para exerc\u00edcios e atividades aer\u00f3bicas e uso casual. &gt; Extremamente confort\u00e1vel, flex\u00edvel e se ajusta no corpo. &gt; N\u00e3o \u00e9 necess\u00e1rio passar e n\u00e3o cria bolinhas. &gt; N\u00e3o desbota e n\u00e3o desfia. &gt; Melhor qualidade de tecido para o conforto. &gt; Dur\u00e1vel. Tamanhos: P, M, G e GG. P veste 36; M veste 38;G veste 40-42;GG veste 42-44. COMPOSI\u00c7\u00c3O: 90% poli\u00e9ster 10% elastano.<\/p>\n","protected":false},"featured_media":978,"template":"","meta":{"_uag_custom_page_level_css":"","site-sidebar-layout":"default","site-content-layout":"default","ast-site-content-layout":"default","site-content-style":"default","site-sidebar-style":"default","ast-global-header-display":"","ast-banner-title-visibility":"","ast-main-header-display":"","ast-hfb-above-header-display":"","ast-hfb-below-header-display":"","ast-hfb-mobile-header-display":"","site-post-title":"","ast-breadcrumbs-content":"","ast-featured-img":"","footer-sml-layout":"","theme-transparent-header-meta":"default","adv-header-id-meta":"","stick-header-meta":"","header-above-stick-meta":"","header-main-stick-meta":"","header-below-stick-meta":"","astra-migrate-meta-layouts":"default","ast-page-background-enabled":"default","ast-page-background-meta":{"desktop":{"background-color":"","background-image":"","background-repeat":"repeat","background-position":"center center","background-size":"auto","background-attachment":"scroll","background-type":"","background-media":"","overlay-type":"","overlay-color":"","overlay-opacity":"","overlay-gradient":""},"tablet":{"background-color":"","background-image":"","background-repeat":"repeat","background-position":"center center","background-size":"auto","background-attachment":"scroll","background-type":"","background-media":"","overlay-type":"","overlay-color":"","overlay-opacity":"","overlay-gradient":""},"mobile":{"background-color":"","background-image":"","background-repeat":"repeat","background-position":"center center","background-size":"auto","background-attachment":"scroll","background-type":"","background-media":"","overlay-type":"","overlay-color":"","overlay-opacity":"","overlay-gradient":""}},"ast-content-background-meta":{"desktop":{"background-color":"var(--ast-global-color-5)","background-image":"","background-repeat":"repeat","background-position":"center center","background-size":"auto","background-attachment":"scroll","background-type":"","background-media":"","overlay-type":"","overlay-color":"","overlay-opacity":"","overlay-gradient":""},"tablet":{"background-color":"var(--ast-global-color-5)","background-image":"","background-repeat":"repeat","background-position":"center center","background-size":"auto","background-attachment":"scroll","background-type":"","background-media":"","overlay-type":"","overlay-color":"","overlay-opacity":"","overlay-gradient":""},"mobile":{"background-color":"var(--ast-global-color-5)","background-image":"","background-repeat":"repeat","background-position":"center center","background-size":"auto","background-attachment":"scroll","background-type":"","background-media":"","overlay-type":"","overlay-color":"","overlay-opacity":"","overlay-gradient":""}}},"product_brand":[],"product_cat":[58,30],"product_tag":[443,462,303,463,218],"class_list":{"0":"post-977","1":"product","2":"type-product","3":"status-publish","4":"has-post-thumbnail","6":"product_cat-feminina","7":"product_cat-moda","8":"product_tag-academia","9":"product_tag-conjunto-feminino","10":"product_tag-feminino","11":"product_tag-fitness","12":"product_tag-legging","13":"desktop-align-center","14":"tablet-align-left","15":"mobile-align-center","17":"first","18":"instock","19":"sale","20":"shipping-taxable","21":"product-type-external"},"uagb_featured_image_src":{"full":["https:\/\/promocaododia.com.br\/site\/wp-content\/uploads\/2022\/11\/Conjunto-Calca-Legging-Top-Alca-Fina-Fitness-Academia-Feminino-Rosa-RLC-Modas.jpg",600,600,false],"thumbnail":["https:\/\/promocaododia.com.br\/site\/wp-content\/uploads\/2022\/11\/Conjunto-Calca-Legging-Top-Alca-Fina-Fitness-Academia-Feminino-Rosa-RLC-Modas-150x150.jpg",150,150,true],"medium":["https:\/\/promocaododia.com.br\/site\/wp-content\/uploads\/2022\/11\/Conjunto-Calca-Legging-Top-Alca-Fina-Fitness-Academia-Feminino-Rosa-RLC-Modas-300x300.jpg",300,300,true],"medium_large":["https:\/\/promocaododia.com.br\/site\/wp-content\/uploads\/2022\/11\/Conjunto-Calca-Legging-Top-Alca-Fina-Fitness-Academia-Feminino-Rosa-RLC-Modas.jpg",600,600,false],"large":["https:\/\/promocaododia.com.br\/site\/wp-content\/uploads\/2022\/11\/Conjunto-Calca-Legging-Top-Alca-Fina-Fitness-Academia-Feminino-Rosa-RLC-Modas.jpg",600,600,false],"1536x1536":["https:\/\/promocaododia.com.br\/site\/wp-content\/uploads\/2022\/11\/Conjunto-Calca-Legging-Top-Alca-Fina-Fitness-Academia-Feminino-Rosa-RLC-Modas.jpg",600,600,false],"2048x2048":["https:\/\/promocaododia.com.br\/site\/wp-content\/uploads\/2022\/11\/Conjunto-Calca-Legging-Top-Alca-Fina-Fitness-Academia-Feminino-Rosa-RLC-Modas.jpg",600,600,false],"woocommerce_thumbnail":["https:\/\/promocaododia.com.br\/site\/wp-content\/uploads\/2022\/11\/Conjunto-Calca-Legging-Top-Alca-Fina-Fitness-Academia-Feminino-Rosa-RLC-Modas-250x250.jpg",250,250,true],"woocommerce_single":["https:\/\/promocaododia.com.br\/site\/wp-content\/uploads\/2022\/11\/Conjunto-Calca-Legging-Top-Alca-Fina-Fitness-Academia-Feminino-Rosa-RLC-Modas-250x250.jpg",250,250,true],"woocommerce_gallery_thumbnail":["https:\/\/promocaododia.com.br\/site\/wp-content\/uploads\/2022\/11\/Conjunto-Calca-Legging-Top-Alca-Fina-Fitness-Academia-Feminino-Rosa-RLC-Modas-100x100.jpg",100,100,true]},"uagb_author_info":{"display_name":"danilo.gbr","author_link":"https:\/\/promocaododia.com.br\/site\/author\/"},"uagb_comment_info":0,"uagb_excerpt":"A RLC est\u00e1 trazendo para voc\u00ea o Conjunto Perfeito! Top Alcinha Nadador e Legging de Cintura Alta. &gt; Indicado para exerc\u00edcios e atividades aer\u00f3bicas e uso casual. &gt; Extremamente confort\u00e1vel, flex\u00edvel e se ajusta no corpo. &gt; N\u00e3o \u00e9 necess\u00e1rio passar e n\u00e3o cria bolinhas. &gt; N\u00e3o desbota e n\u00e3o desfia. &gt; Melhor qualidade de&hellip;","_links":{"self":[{"href":"https:\/\/promocaododia.com.br\/site\/wp-json\/wp\/v2\/product\/977","targetHints":{"allow":["GET"]}}],"collection":[{"href":"https:\/\/promocaododia.com.br\/site\/wp-json\/wp\/v2\/product"}],"about":[{"href":"https:\/\/promocaododia.com.br\/site\/wp-json\/wp\/v2\/types\/product"}],"wp:featuredmedia":[{"embeddable":true,"href":"https:\/\/promocaododia.com.br\/site\/wp-json\/wp\/v2\/media\/978"}],"wp:attachment":[{"href":"https:\/\/promocaododia.com.br\/site\/wp-json\/wp\/v2\/media?parent=977"}],"wp:term":[{"taxonomy":"product_brand","embeddable":true,"href":"https:\/\/promocaododia.com.br\/site\/wp-json\/wp\/v2\/product_brand?post=977"},{"taxonomy":"product_cat","embeddable":true,"href":"https:\/\/promocaododia.com.br\/site\/wp-json\/wp\/v2\/product_cat?post=977"},{"taxonomy":"product_tag","embeddable":true,"href":"https:\/\/promocaododia.com.br\/site\/wp-json\/wp\/v2\/product_tag?post=977"}],"curies":[{"name":"wp","href":"https:\/\/api.w.org\/{rel}","templated":true}]}}