{"id":98,"date":"2021-06-08T08:16:03","date_gmt":"2021-06-08T11:16:03","guid":{"rendered":"https:\/\/promocaododia.com.br\/site\/?post_type=product&#038;p=98"},"modified":"2021-06-08T08:18:50","modified_gmt":"2021-06-08T11:18:50","slug":"fones-de-ouvido-tws-sem-fio-bluetooth-5-0-com-microfone-integrado-estojo-de-carregamento-digital-inteligente-de-led-a-prova-dagua-preto","status":"publish","type":"product","link":"https:\/\/promocaododia.com.br\/site\/produto\/fones-de-ouvido-tws-sem-fio-bluetooth-5-0-com-microfone-integrado-estojo-de-carregamento-digital-inteligente-de-led-a-prova-dagua-preto\/","title":{"rendered":"Fones De Ouvido TWS sem Fio Bluetooth 5.0 com Microfone Integrado, Estojo de Carregamento Digital Inteligente de Led, \u00e0 Prova D&#8217;\u00e1Gua, Preto"},"content":{"rendered":"<p>Postado 08\/06\/2021<\/p>\n<div id=\"featurebullets_feature_div\" class=\"celwidget\" data-feature-name=\"featurebullets\" data-csa-c-id=\"xnu2ya-i2i0nx-9ngl3e-p64rjo\" data-cel-widget=\"featurebullets_feature_div\">\n<div id=\"feature-bullets\" class=\"a-section a-spacing-medium a-spacing-top-small\">\n<ul class=\"a-unordered-list a-vertical a-spacing-mini\">\n<li><span class=\"a-list-item\">Display Digital LED &amp; Bateria de Longa Dura\u00e7\u00e3o\u3011 Os fones de ouvido sem fio podem ser usados por pelo menos 4 horas reprodu\u00e7\u00e3o com uma \u00fanica carga, o display digital LED do estojo de carregamento permite que voc\u00ea visualize a capacidade restante do estojo de carregamento de forma mais intuitiva, ent\u00e3o voc\u00ea pode saber quando \u00e9 a melhor hora para carregar.<\/span><\/li>\n<li><span class=\"a-list-item\">\u3010Emparelhamento a um passo\u3011Os 2 fones de ouvido se conectam automaticamente entre si assim que voc\u00ea os retira do estojo, ent\u00e3o apenas uma etapa \u00e9 necess\u00e1ria para configurar facilmente o Bluetooth do celular para emparelhar com os fones de ouvido. Ap\u00f3s a primeira conex\u00e3o, eles se conectar\u00e3o automaticamente ao seu telefone quando voc\u00ea retir\u00e1-los do estojo.<\/span><\/li>\n<li><span class=\"a-list-item\">\u3010Controle de Toque\u3011O controle de toque \u00e9 mais sens\u00edvel e pode realizar mais fun\u00e7\u00f5es. F\u00e1cil de controlar por toque os comandos de reprodu\u00e7\u00e3o \/ pausa de m\u00fasica, acionar a Siri, atendimento \/ encerramento de chamadas. Voc\u00ea receber\u00e1 um par de fones de ouvido sem fio Bluetooth , um estojo de carregamento port\u00e1til, manual do usu\u00e1rio.<\/span><\/li>\n<li><span class=\"a-list-item\">\u3010Qualidade de Som Est\u00e9reo Superior &amp; Chamada HD Binaural\u3011Adotando a tecnologia de renderiza\u00e7\u00e3o HD Bluetooth 5.0 que produz qualidade de som incr\u00edvel com graves profundos e agudos cristalinos. Constru\u00eddo em chip de tecnologia de redu\u00e7\u00e3o de ru\u00eddo de alta qualidade, pode bloquear muitos ru\u00eddos do ambiente durante a corrida, esportes, caminhada, etc. Chamada binaural HD pode ouvir sua fam\u00edlia ou amigo com muito mais clareza.<\/span><\/li>\n<li><span class=\"a-list-item\">\u3010Modo Est\u00e9reo &amp; Mono\u3011Os fones de ouvido podem ser usados juntos, permitindo que voc\u00ea aprecie a verdadeira m\u00fasica est\u00e9reo sem fio. Cada um dos fones pode ser usado separadamente para o modo de canal \u00fanico. Pode aproveitar mais tempo de m\u00fasica e compartilhar um fone com sua fam\u00edlia. Diminua a dist\u00e2ncia entre os membros da fam\u00edlia.<\/span><\/li>\n<li><span class=\"a-list-item\">Observa\u00e7\u00e3o: alguns produtos t\u00eam um adesivo de pl\u00e1stico, remova o adesivo antes de carregar.<\/span><\/li>\n<\/ul>\n<\/div>\n<\/div>\n<p>A equipe Promo\u00e7\u00f5es do dia divulga produtos de nossos parceiros, sendo a venda e p\u00f3s venda de responsabilidade dos mesmos.<\/p>\n<p>Os valores anunciados obtidos\u00a0 no momento da publica\u00e7\u00e3o.<\/p>\n","protected":false},"excerpt":{"rendered":"<p>Postado 08\/06\/2021 Display Digital LED &amp; Bateria de Longa Dura\u00e7\u00e3o\u3011 Os fones de ouvido sem fio podem ser usados por pelo menos 4 horas reprodu\u00e7\u00e3o com uma \u00fanica carga, o display digital LED do estojo de carregamento permite que voc\u00ea visualize a capacidade restante do estojo de carregamento de forma mais intuitiva, ent\u00e3o voc\u00ea pode saber quando \u00e9 a melhor hora para carregar. \u3010Emparelhamento a um passo\u3011Os 2 fones de ouvido se conectam automaticamente entre si assim que voc\u00ea os retira do estojo, ent\u00e3o apenas uma etapa \u00e9 necess\u00e1ria para configurar facilmente o Bluetooth do celular para emparelhar com os fones de ouvido. Ap\u00f3s a primeira conex\u00e3o, eles se conectar\u00e3o automaticamente ao seu telefone quando voc\u00ea retir\u00e1-los do estojo. \u3010Controle de Toque\u3011O controle de toque \u00e9 mais sens\u00edvel e pode realizar mais fun\u00e7\u00f5es. F\u00e1cil de controlar por toque os comandos de reprodu\u00e7\u00e3o \/ pausa de m\u00fasica, acionar a Siri, atendimento \/ encerramento de chamadas. Voc\u00ea receber\u00e1 um par de fones de ouvido sem fio Bluetooth , um estojo de carregamento port\u00e1til, manual do usu\u00e1rio. \u3010Qualidade de Som Est\u00e9reo Superior &amp; Chamada HD Binaural\u3011Adotando a tecnologia de renderiza\u00e7\u00e3o HD Bluetooth 5.0 que produz qualidade de som incr\u00edvel com graves profundos e agudos cristalinos. Constru\u00eddo em chip de tecnologia de redu\u00e7\u00e3o de ru\u00eddo de alta qualidade, pode bloquear muitos ru\u00eddos do ambiente durante a corrida, esportes, caminhada, etc. Chamada binaural HD pode ouvir sua fam\u00edlia ou amigo com muito mais clareza. \u3010Modo Est\u00e9reo &amp; Mono\u3011Os fones de ouvido podem ser usados juntos, permitindo que voc\u00ea aprecie a verdadeira m\u00fasica est\u00e9reo sem fio. Cada um dos fones pode ser usado separadamente para o modo de canal \u00fanico. Pode aproveitar mais tempo de m\u00fasica e compartilhar um fone com sua fam\u00edlia. Diminua a dist\u00e2ncia entre os membros da fam\u00edlia. Observa\u00e7\u00e3o: alguns produtos t\u00eam um adesivo de pl\u00e1stico, remova o adesivo antes de carregar. A equipe Promo\u00e7\u00f5es do dia divulga produtos de nossos parceiros, sendo a venda e p\u00f3s venda de responsabilidade dos mesmos. Os valores anunciados obtidos\u00a0 no momento da publica\u00e7\u00e3o.<\/p>\n","protected":false},"featured_media":99,"template":"","meta":{"_uag_custom_page_level_css":"","site-sidebar-layout":"default","site-content-layout":"","ast-site-content-layout":"default","site-content-style":"default","site-sidebar-style":"default","ast-global-header-display":"","ast-banner-title-visibility":"","ast-main-header-display":"","ast-hfb-above-header-display":"","ast-hfb-below-header-display":"","ast-hfb-mobile-header-display":"","site-post-title":"","ast-breadcrumbs-content":"","ast-featured-img":"","footer-sml-layout":"","theme-transparent-header-meta":"","adv-header-id-meta":"","stick-header-meta":"","header-above-stick-meta":"","header-main-stick-meta":"","header-below-stick-meta":"","astra-migrate-meta-layouts":"default","ast-page-background-enabled":"default","ast-page-background-meta":{"desktop":{"background-color":"","background-image":"","background-repeat":"repeat","background-position":"center center","background-size":"auto","background-attachment":"scroll","background-type":"","background-media":"","overlay-type":"","overlay-color":"","overlay-opacity":"","overlay-gradient":""},"tablet":{"background-color":"","background-image":"","background-repeat":"repeat","background-position":"center center","background-size":"auto","background-attachment":"scroll","background-type":"","background-media":"","overlay-type":"","overlay-color":"","overlay-opacity":"","overlay-gradient":""},"mobile":{"background-color":"","background-image":"","background-repeat":"repeat","background-position":"center center","background-size":"auto","background-attachment":"scroll","background-type":"","background-media":"","overlay-type":"","overlay-color":"","overlay-opacity":"","overlay-gradient":""}},"ast-content-background-meta":{"desktop":{"background-color":"var(--ast-global-color-5)","background-image":"","background-repeat":"repeat","background-position":"center center","background-size":"auto","background-attachment":"scroll","background-type":"","background-media":"","overlay-type":"","overlay-color":"","overlay-opacity":"","overlay-gradient":""},"tablet":{"background-color":"var(--ast-global-color-5)","background-image":"","background-repeat":"repeat","background-position":"center center","background-size":"auto","background-attachment":"scroll","background-type":"","background-media":"","overlay-type":"","overlay-color":"","overlay-opacity":"","overlay-gradient":""},"mobile":{"background-color":"var(--ast-global-color-5)","background-image":"","background-repeat":"repeat","background-position":"center center","background-size":"auto","background-attachment":"scroll","background-type":"","background-media":"","overlay-type":"","overlay-color":"","overlay-opacity":"","overlay-gradient":""}}},"product_brand":[],"product_cat":[32,23],"product_tag":[],"class_list":{"0":"post-98","1":"product","2":"type-product","3":"status-publish","4":"has-post-thumbnail","6":"product_cat-acessorios","7":"product_cat-celulares-e-tablets","8":"desktop-align-center","9":"tablet-align-left","10":"mobile-align-center","12":"first","13":"instock","14":"sale","15":"shipping-taxable","16":"product-type-external"},"uagb_featured_image_src":{"full":["https:\/\/promocaododia.com.br\/site\/wp-content\/uploads\/2021\/06\/phone.jpg",250,250,false],"thumbnail":["https:\/\/promocaododia.com.br\/site\/wp-content\/uploads\/2021\/06\/phone-150x150.jpg",150,150,true],"medium":["https:\/\/promocaododia.com.br\/site\/wp-content\/uploads\/2021\/06\/phone.jpg",250,250,false],"medium_large":["https:\/\/promocaododia.com.br\/site\/wp-content\/uploads\/2021\/06\/phone.jpg",250,250,false],"large":["https:\/\/promocaododia.com.br\/site\/wp-content\/uploads\/2021\/06\/phone.jpg",250,250,false],"1536x1536":["https:\/\/promocaododia.com.br\/site\/wp-content\/uploads\/2021\/06\/phone.jpg",250,250,false],"2048x2048":["https:\/\/promocaododia.com.br\/site\/wp-content\/uploads\/2021\/06\/phone.jpg",250,250,false],"woocommerce_thumbnail":["https:\/\/promocaododia.com.br\/site\/wp-content\/uploads\/2021\/06\/phone-250x250.jpg",250,250,true],"woocommerce_single":["https:\/\/promocaododia.com.br\/site\/wp-content\/uploads\/2021\/06\/phone.jpg",250,250,false],"woocommerce_gallery_thumbnail":["https:\/\/promocaododia.com.br\/site\/wp-content\/uploads\/2021\/06\/phone-100x100.jpg",100,100,true]},"uagb_author_info":{"display_name":"danilo.gbr","author_link":"https:\/\/promocaododia.com.br\/site\/author\/"},"uagb_comment_info":0,"uagb_excerpt":"Postado 08\/06\/2021 Display Digital LED &amp; Bateria de Longa Dura\u00e7\u00e3o\u3011 Os fones de ouvido sem fio podem ser usados por pelo menos 4 horas reprodu\u00e7\u00e3o com uma \u00fanica carga, o display digital LED do estojo de carregamento permite que voc\u00ea visualize a capacidade restante do estojo de carregamento de forma mais intuitiva, ent\u00e3o voc\u00ea pode&hellip;","_links":{"self":[{"href":"https:\/\/promocaododia.com.br\/site\/wp-json\/wp\/v2\/product\/98","targetHints":{"allow":["GET"]}}],"collection":[{"href":"https:\/\/promocaododia.com.br\/site\/wp-json\/wp\/v2\/product"}],"about":[{"href":"https:\/\/promocaododia.com.br\/site\/wp-json\/wp\/v2\/types\/product"}],"wp:featuredmedia":[{"embeddable":true,"href":"https:\/\/promocaododia.com.br\/site\/wp-json\/wp\/v2\/media\/99"}],"wp:attachment":[{"href":"https:\/\/promocaododia.com.br\/site\/wp-json\/wp\/v2\/media?parent=98"}],"wp:term":[{"taxonomy":"product_brand","embeddable":true,"href":"https:\/\/promocaododia.com.br\/site\/wp-json\/wp\/v2\/product_brand?post=98"},{"taxonomy":"product_cat","embeddable":true,"href":"https:\/\/promocaododia.com.br\/site\/wp-json\/wp\/v2\/product_cat?post=98"},{"taxonomy":"product_tag","embeddable":true,"href":"https:\/\/promocaododia.com.br\/site\/wp-json\/wp\/v2\/product_tag?post=98"}],"curies":[{"name":"wp","href":"https:\/\/api.w.org\/{rel}","templated":true}]}}