{"id":981,"date":"2022-11-06T17:52:09","date_gmt":"2022-11-06T20:52:09","guid":{"rendered":"https:\/\/promocaododia.com.br\/site\/?post_type=product&#038;p=981"},"modified":"2022-11-06T17:52:09","modified_gmt":"2022-11-06T20:52:09","slug":"smartphone-motorola-moto-g41-128gb-champagne-4g-tela-64-oled-camera-tripla-48mp-selfie-13mp-android-11-2","status":"publish","type":"product","link":"https:\/\/promocaododia.com.br\/site\/produto\/smartphone-motorola-moto-g41-128gb-champagne-4g-tela-64-oled-camera-tripla-48mp-selfie-13mp-android-11-2\/","title":{"rendered":"Smartphone Motorola Moto G41 128GB Champagne 4G Tela 6,4&#8243; OLED C\u00e2mera Tripla 48MP Selfie 13MP Android 11"},"content":{"rendered":"<p>Tire fotos ultra-wide com grande-angular, registre momentos mais n\u00edtidos com pouca luz, fa\u00e7a retratos com apar\u00eancia profissional e capture detalhes bem de perto. A Estabiliza\u00e7\u00e3o \u00f3ptica de imagem (OIS) corrige automaticamente os v\u00eddeos e fotos desfocados por movimento acidental da c\u00e2mera. Assista a seus seriados e filmes favoritos na tela brilhante que eles merecem. A tela Max Vision de 6,4 tem a tecnologia OLED para produzir imagens cristalinas e pretos mais escuros com brilho e contraste impressionantes. J\u00e1 a gama de cores 25% mais ampla garante tons vibrantes e realistas com a resolu\u00e7\u00e3o Full HD+. Voc\u00ea tem energia para fazer tudo que quiser sem se preocupar em recarregar. Com 5000 mAh, a bateria dura um dia e meio. Ningu\u00e9m merece se estressar com pouca bateria, principalmente antes de sair \u00e0 noite ou durante um dia agitado no trabalho. O carregador TurboPower 30 proporciona horas de bateria em apenas alguns minutos. Moderno por dentro e por fora, o moto G41 tem um design sofisticado com estrutura curvas e bordas arredondadas.<\/p>\n","protected":false},"excerpt":{"rendered":"<p>Tire fotos ultra-wide com grande-angular, registre momentos mais n\u00edtidos com pouca luz, fa\u00e7a retratos com apar\u00eancia profissional e capture detalhes bem de perto. A Estabiliza\u00e7\u00e3o \u00f3ptica de imagem (OIS) corrige automaticamente os v\u00eddeos e fotos desfocados por movimento acidental da c\u00e2mera. Assista a seus seriados e filmes favoritos na tela brilhante que eles merecem. A tela Max Vision de 6,4 tem a tecnologia OLED para produzir imagens cristalinas e pretos mais escuros com brilho e contraste impressionantes. J\u00e1 a gama de cores 25% mais ampla garante tons vibrantes e realistas com a resolu\u00e7\u00e3o Full HD+. Voc\u00ea tem energia para fazer tudo que quiser sem se preocupar em recarregar. Com 5000 mAh, a bateria dura um dia e meio. Ningu\u00e9m merece se estressar com pouca bateria, principalmente antes de sair \u00e0 noite ou durante um dia agitado no trabalho. O carregador TurboPower 30 proporciona horas de bateria em apenas alguns minutos. Moderno por dentro e por fora, o moto G41 tem um design sofisticado com estrutura curvas e bordas arredondadas.<\/p>\n","protected":false},"featured_media":982,"template":"","meta":{"_uag_custom_page_level_css":"","site-sidebar-layout":"default","site-content-layout":"default","ast-site-content-layout":"default","site-content-style":"default","site-sidebar-style":"default","ast-global-header-display":"","ast-banner-title-visibility":"","ast-main-header-display":"","ast-hfb-above-header-display":"","ast-hfb-below-header-display":"","ast-hfb-mobile-header-display":"","site-post-title":"","ast-breadcrumbs-content":"","ast-featured-img":"","footer-sml-layout":"","theme-transparent-header-meta":"default","adv-header-id-meta":"","stick-header-meta":"","header-above-stick-meta":"","header-main-stick-meta":"","header-below-stick-meta":"","astra-migrate-meta-layouts":"default","ast-page-background-enabled":"default","ast-page-background-meta":{"desktop":{"background-color":"","background-image":"","background-repeat":"repeat","background-position":"center center","background-size":"auto","background-attachment":"scroll","background-type":"","background-media":"","overlay-type":"","overlay-color":"","overlay-opacity":"","overlay-gradient":""},"tablet":{"background-color":"","background-image":"","background-repeat":"repeat","background-position":"center center","background-size":"auto","background-attachment":"scroll","background-type":"","background-media":"","overlay-type":"","overlay-color":"","overlay-opacity":"","overlay-gradient":""},"mobile":{"background-color":"","background-image":"","background-repeat":"repeat","background-position":"center center","background-size":"auto","background-attachment":"scroll","background-type":"","background-media":"","overlay-type":"","overlay-color":"","overlay-opacity":"","overlay-gradient":""}},"ast-content-background-meta":{"desktop":{"background-color":"var(--ast-global-color-5)","background-image":"","background-repeat":"repeat","background-position":"center center","background-size":"auto","background-attachment":"scroll","background-type":"","background-media":"","overlay-type":"","overlay-color":"","overlay-opacity":"","overlay-gradient":""},"tablet":{"background-color":"var(--ast-global-color-5)","background-image":"","background-repeat":"repeat","background-position":"center center","background-size":"auto","background-attachment":"scroll","background-type":"","background-media":"","overlay-type":"","overlay-color":"","overlay-opacity":"","overlay-gradient":""},"mobile":{"background-color":"var(--ast-global-color-5)","background-image":"","background-repeat":"repeat","background-position":"center center","background-size":"auto","background-attachment":"scroll","background-type":"","background-media":"","overlay-type":"","overlay-color":"","overlay-opacity":"","overlay-gradient":""}}},"product_brand":[],"product_cat":[23,35],"product_tag":[260,238,91,378,140,90],"class_list":{"0":"post-981","1":"product","2":"type-product","3":"status-publish","4":"has-post-thumbnail","6":"product_cat-celulares-e-tablets","7":"product_cat-smartphone","8":"product_tag-128gb","9":"product_tag-4gb-ram","10":"product_tag-celular","11":"product_tag-moto-g41","12":"product_tag-motorola","13":"product_tag-smartphone","14":"desktop-align-center","15":"tablet-align-left","16":"mobile-align-center","18":"first","19":"instock","20":"sale","21":"shipping-taxable","22":"product-type-external"},"uagb_featured_image_src":{"full":["https:\/\/promocaododia.com.br\/site\/wp-content\/uploads\/2022\/11\/Smartphone-Motorola-Moto-G41-128GB-Champagne-4G-Tela-64-OLED-Camera-Tripla-48MP-Selfie-13MP-Android-11.jpg",600,600,false],"thumbnail":["https:\/\/promocaododia.com.br\/site\/wp-content\/uploads\/2022\/11\/Smartphone-Motorola-Moto-G41-128GB-Champagne-4G-Tela-64-OLED-Camera-Tripla-48MP-Selfie-13MP-Android-11-150x150.jpg",150,150,true],"medium":["https:\/\/promocaododia.com.br\/site\/wp-content\/uploads\/2022\/11\/Smartphone-Motorola-Moto-G41-128GB-Champagne-4G-Tela-64-OLED-Camera-Tripla-48MP-Selfie-13MP-Android-11-300x300.jpg",300,300,true],"medium_large":["https:\/\/promocaododia.com.br\/site\/wp-content\/uploads\/2022\/11\/Smartphone-Motorola-Moto-G41-128GB-Champagne-4G-Tela-64-OLED-Camera-Tripla-48MP-Selfie-13MP-Android-11.jpg",600,600,false],"large":["https:\/\/promocaododia.com.br\/site\/wp-content\/uploads\/2022\/11\/Smartphone-Motorola-Moto-G41-128GB-Champagne-4G-Tela-64-OLED-Camera-Tripla-48MP-Selfie-13MP-Android-11.jpg",600,600,false],"1536x1536":["https:\/\/promocaododia.com.br\/site\/wp-content\/uploads\/2022\/11\/Smartphone-Motorola-Moto-G41-128GB-Champagne-4G-Tela-64-OLED-Camera-Tripla-48MP-Selfie-13MP-Android-11.jpg",600,600,false],"2048x2048":["https:\/\/promocaododia.com.br\/site\/wp-content\/uploads\/2022\/11\/Smartphone-Motorola-Moto-G41-128GB-Champagne-4G-Tela-64-OLED-Camera-Tripla-48MP-Selfie-13MP-Android-11.jpg",600,600,false],"woocommerce_thumbnail":["https:\/\/promocaododia.com.br\/site\/wp-content\/uploads\/2022\/11\/Smartphone-Motorola-Moto-G41-128GB-Champagne-4G-Tela-64-OLED-Camera-Tripla-48MP-Selfie-13MP-Android-11-250x250.jpg",250,250,true],"woocommerce_single":["https:\/\/promocaododia.com.br\/site\/wp-content\/uploads\/2022\/11\/Smartphone-Motorola-Moto-G41-128GB-Champagne-4G-Tela-64-OLED-Camera-Tripla-48MP-Selfie-13MP-Android-11-250x250.jpg",250,250,true],"woocommerce_gallery_thumbnail":["https:\/\/promocaododia.com.br\/site\/wp-content\/uploads\/2022\/11\/Smartphone-Motorola-Moto-G41-128GB-Champagne-4G-Tela-64-OLED-Camera-Tripla-48MP-Selfie-13MP-Android-11-100x100.jpg",100,100,true]},"uagb_author_info":{"display_name":"danilo.gbr","author_link":"https:\/\/promocaododia.com.br\/site\/author\/"},"uagb_comment_info":0,"uagb_excerpt":"Tire fotos ultra-wide com grande-angular, registre momentos mais n\u00edtidos com pouca luz, fa\u00e7a retratos com apar\u00eancia profissional e capture detalhes bem de perto. A Estabiliza\u00e7\u00e3o \u00f3ptica de imagem (OIS) corrige automaticamente os v\u00eddeos e fotos desfocados por movimento acidental da c\u00e2mera. Assista a seus seriados e filmes favoritos na tela brilhante que eles merecem. A&hellip;","_links":{"self":[{"href":"https:\/\/promocaododia.com.br\/site\/wp-json\/wp\/v2\/product\/981","targetHints":{"allow":["GET"]}}],"collection":[{"href":"https:\/\/promocaododia.com.br\/site\/wp-json\/wp\/v2\/product"}],"about":[{"href":"https:\/\/promocaododia.com.br\/site\/wp-json\/wp\/v2\/types\/product"}],"wp:featuredmedia":[{"embeddable":true,"href":"https:\/\/promocaododia.com.br\/site\/wp-json\/wp\/v2\/media\/982"}],"wp:attachment":[{"href":"https:\/\/promocaododia.com.br\/site\/wp-json\/wp\/v2\/media?parent=981"}],"wp:term":[{"taxonomy":"product_brand","embeddable":true,"href":"https:\/\/promocaododia.com.br\/site\/wp-json\/wp\/v2\/product_brand?post=981"},{"taxonomy":"product_cat","embeddable":true,"href":"https:\/\/promocaododia.com.br\/site\/wp-json\/wp\/v2\/product_cat?post=981"},{"taxonomy":"product_tag","embeddable":true,"href":"https:\/\/promocaododia.com.br\/site\/wp-json\/wp\/v2\/product_tag?post=981"}],"curies":[{"name":"wp","href":"https:\/\/api.w.org\/{rel}","templated":true}]}}