{"id":985,"date":"2022-11-06T18:34:52","date_gmt":"2022-11-06T21:34:52","guid":{"rendered":"https:\/\/promocaododia.com.br\/site\/?post_type=product&#038;p=985"},"modified":"2022-11-06T18:34:53","modified_gmt":"2022-11-06T21:34:53","slug":"console-microsoft-xbox-series-s-512gb-ssd-standard-branco","status":"publish","type":"product","link":"https:\/\/promocaododia.com.br\/site\/produto\/console-microsoft-xbox-series-s-512gb-ssd-standard-branco\/","title":{"rendered":"Console Microsoft Xbox Series S 512GB SSD Standard Branco"},"content":{"rendered":"<p>IMPORTANTE: &#8211; Produto Original, abrimos a caixa somente para confer\u00eancia e teste do produto antes do envio (open box) &#8211; Envio Imediato &#8211; Nota Fiscal Eletr\u00f4nica &#8211; A embalagem pode conter pequenas avarias. OBS. NO AN\u00daNCIO TEMOS OP\u00c7\u00c3O COM 1 E 2 CONTROLES. O 2 CONTROLE SER\u00c1 ENVIADO NA COR BRANCA CUJO MODELO \u00c9 O ROBOT WHITE, IGUAL AO QUE ACOMPANHA O CONSOLE, CONTROLE ORIGINAL. Descri\u00e7\u00e3o completa: Microsoft Xbox Series S 512gb Standard Branco 1 Controle Xbox Series S, o menor e mais elegante de todos os tempos. Com taxas de quadros mais altas, tempos de carregamento mais r\u00e1pidos e mundos mais ricos e din\u00e2micos, o Xbox Series S oferece desempenho e velocidade de \u00faltima gera\u00e7\u00e3o em um formato compacto e totalmente digital. Retrocompatibilidade com milhares de jogos. Prepare-se para tempos de carregamento mais r\u00e1pidos, resolu\u00e7\u00e3o mais alta, taxas de quadros mais est\u00e1veis e melhor lat\u00eancia de entrada em milhares de jogos Xbox One, Xbox 360 e Xbox Original. Mais detalhes do produto; &#8211; Marca: Microsoft &#8211; Cor: Branco Processador: &#8211; CPU: CPU Zen 2 personalizada de 8X Cores @ 3,6 GHz (3,4 GHz com SMT) &#8211; GPU: 4 TFLOPS, 20 CUs @1.565 GHz &#8211; SOC Die Size: 197,05 mm\u00b2 Mem\u00f3ria e Armazenamento: &#8211; Mem\u00f3ria: GDDR6 de 10 GB e barramento de 128 bits &#8211; Largura de banda de mem\u00f3ria: 8GB a 224 GB\/s, 2GB a 56 GB\/s &#8211; Armazenamento interno: SSD NVME personalizado de 512 GB &#8211; Taxa de transfer\u00eancia de E\/S: 2,4 GB\/s (Raw), 4,8 GB\/s (compactado, com bloco de descompress\u00e3o de hardware personalizado) Armazenamento expans\u00edvel: O suporte para o cart\u00e3o de expans\u00e3o Seagate de 1 TB para Xbox Series X|S corresponde exatamente ao armazenamento interno (vendido separadamente) Suporte para HDD externo USB 3.1 (vendido separadamente) Recursos de V\u00eddeo: &#8211; Resolu\u00e7\u00e3o de jogos: 1440p &#8211; Meta de desempenho: At\u00e9 120 FPS &#8211; Recursos HDMI: Modo autom\u00e1tico de baixa lat\u00eancia \/ Taxa de atualiza\u00e7\u00e3o vari\u00e1vel HDMI \/ AMD FreeSync Capacidades de som: &#8211; L-PCM, at\u00e9 7.1 &#8211; Dolby Digital 5.1 &#8211; DTS 5.1 &#8211; Dolby TrueHD com Atmos Portas e Conectividade: &#8211; HDMI: 1 porta HDMI 2.1 &#8211; USB: 3 portas USB 3.1 Gen 1 &#8211; Sem fio: Banda dupla 802.11ac &#8211; Ethernet: 802.3 10\/100\/1000 Design: &#8211; Design moderno &#8211; Superf\u00edcies esculpidas e uma geometria definida &#8211; Gatilho texturizado &#8211; Bot\u00f5es direcionais h\u00edbridos Dimens\u00f5es do produto: &#8211; 6,5 x 15,1 x 27,5 cm Conte\u00fado da Embalagem: &#8211; Console Xbox Series S &#8211; Controle sem fio Xbox &#8211; Cabo HDMI de alta velocidade &#8211; Cabo de alimenta\u00e7\u00e3o<\/p>\n","protected":false},"excerpt":{"rendered":"<p>IMPORTANTE: &#8211; Produto Original, abrimos a caixa somente para confer\u00eancia e teste do produto antes do envio (open box) &#8211; Envio Imediato &#8211; Nota Fiscal Eletr\u00f4nica &#8211; A embalagem pode conter pequenas avarias. OBS. NO AN\u00daNCIO TEMOS OP\u00c7\u00c3O COM 1 E 2 CONTROLES. O 2 CONTROLE SER\u00c1 ENVIADO NA COR BRANCA CUJO MODELO \u00c9 O ROBOT WHITE, IGUAL AO QUE ACOMPANHA O CONSOLE, CONTROLE ORIGINAL. Descri\u00e7\u00e3o completa: Microsoft Xbox Series S 512gb Standard Branco 1 Controle Xbox Series S, o menor e mais elegante de todos os tempos. Com taxas de quadros mais altas, tempos de carregamento mais r\u00e1pidos e mundos mais ricos e din\u00e2micos, o Xbox Series S oferece desempenho e velocidade de \u00faltima gera\u00e7\u00e3o em um formato compacto e totalmente digital. Retrocompatibilidade com milhares de jogos. Prepare-se para tempos de carregamento mais r\u00e1pidos, resolu\u00e7\u00e3o mais alta, taxas de quadros mais est\u00e1veis e melhor lat\u00eancia de entrada em milhares de jogos Xbox One, Xbox 360 e Xbox Original. Mais detalhes do produto; &#8211; Marca: Microsoft &#8211; Cor: Branco Processador: &#8211; CPU: CPU Zen 2 personalizada de 8X Cores @ 3,6 GHz (3,4 GHz com SMT) &#8211; GPU: 4 TFLOPS, 20 CUs @1.565 GHz &#8211; SOC Die Size: 197,05 mm\u00b2 Mem\u00f3ria e Armazenamento: &#8211; Mem\u00f3ria: GDDR6 de 10 GB e barramento de 128 bits &#8211; Largura de banda de mem\u00f3ria: 8GB a 224 GB\/s, 2GB a 56 GB\/s &#8211; Armazenamento interno: SSD NVME personalizado de 512 GB &#8211; Taxa de transfer\u00eancia de E\/S: 2,4 GB\/s (Raw), 4,8 GB\/s (compactado, com bloco de descompress\u00e3o de hardware personalizado) Armazenamento expans\u00edvel: O suporte para o cart\u00e3o de expans\u00e3o Seagate de 1 TB para Xbox Series X|S corresponde exatamente ao armazenamento interno (vendido separadamente) Suporte para HDD externo USB 3.1 (vendido separadamente) Recursos de V\u00eddeo: &#8211; Resolu\u00e7\u00e3o de jogos: 1440p &#8211; Meta de desempenho: At\u00e9 120 FPS &#8211; Recursos HDMI: Modo autom\u00e1tico de baixa lat\u00eancia \/ Taxa de atualiza\u00e7\u00e3o vari\u00e1vel HDMI \/ AMD FreeSync Capacidades de som: &#8211; L-PCM, at\u00e9 7.1 &#8211; Dolby Digital 5.1 &#8211; DTS 5.1 &#8211; Dolby TrueHD com Atmos Portas e Conectividade: &#8211; HDMI: 1 porta HDMI 2.1 &#8211; USB: 3 portas USB 3.1 Gen 1 &#8211; Sem fio: Banda dupla 802.11ac &#8211; Ethernet: 802.3 10\/100\/1000 Design: &#8211; Design moderno &#8211; Superf\u00edcies esculpidas e uma geometria definida &#8211; Gatilho texturizado &#8211; Bot\u00f5es direcionais h\u00edbridos Dimens\u00f5es do produto: &#8211; 6,5 x 15,1 x 27,5 cm Conte\u00fado da Embalagem: &#8211; Console Xbox Series S &#8211; Controle sem fio Xbox &#8211; Cabo HDMI de alta velocidade &#8211; Cabo de alimenta\u00e7\u00e3o<\/p>\n","protected":false},"featured_media":986,"template":"","meta":{"_uag_custom_page_level_css":"","site-sidebar-layout":"default","site-content-layout":"default","ast-site-content-layout":"default","site-content-style":"default","site-sidebar-style":"default","ast-global-header-display":"","ast-banner-title-visibility":"","ast-main-header-display":"","ast-hfb-above-header-display":"","ast-hfb-below-header-display":"","ast-hfb-mobile-header-display":"","site-post-title":"","ast-breadcrumbs-content":"","ast-featured-img":"","footer-sml-layout":"","theme-transparent-header-meta":"default","adv-header-id-meta":"","stick-header-meta":"","header-above-stick-meta":"","header-main-stick-meta":"","header-below-stick-meta":"","astra-migrate-meta-layouts":"default","ast-page-background-enabled":"default","ast-page-background-meta":{"desktop":{"background-color":"","background-image":"","background-repeat":"repeat","background-position":"center center","background-size":"auto","background-attachment":"scroll","background-type":"","background-media":"","overlay-type":"","overlay-color":"","overlay-opacity":"","overlay-gradient":""},"tablet":{"background-color":"","background-image":"","background-repeat":"repeat","background-position":"center center","background-size":"auto","background-attachment":"scroll","background-type":"","background-media":"","overlay-type":"","overlay-color":"","overlay-opacity":"","overlay-gradient":""},"mobile":{"background-color":"","background-image":"","background-repeat":"repeat","background-position":"center center","background-size":"auto","background-attachment":"scroll","background-type":"","background-media":"","overlay-type":"","overlay-color":"","overlay-opacity":"","overlay-gradient":""}},"ast-content-background-meta":{"desktop":{"background-color":"var(--ast-global-color-5)","background-image":"","background-repeat":"repeat","background-position":"center center","background-size":"auto","background-attachment":"scroll","background-type":"","background-media":"","overlay-type":"","overlay-color":"","overlay-opacity":"","overlay-gradient":""},"tablet":{"background-color":"var(--ast-global-color-5)","background-image":"","background-repeat":"repeat","background-position":"center center","background-size":"auto","background-attachment":"scroll","background-type":"","background-media":"","overlay-type":"","overlay-color":"","overlay-opacity":"","overlay-gradient":""},"mobile":{"background-color":"var(--ast-global-color-5)","background-image":"","background-repeat":"repeat","background-position":"center center","background-size":"auto","background-attachment":"scroll","background-type":"","background-media":"","overlay-type":"","overlay-color":"","overlay-opacity":"","overlay-gradient":""}}},"product_brand":[],"product_cat":[38,244,245],"product_tag":[249,250,248,246,247],"class_list":{"0":"post-985","1":"product","2":"type-product","3":"status-publish","4":"has-post-thumbnail","6":"product_cat-eletronicos","7":"product_cat-games","8":"product_cat-xbox","9":"product_tag-500gb","10":"product_tag-console","11":"product_tag-microsoft","12":"product_tag-xbox","13":"product_tag-xbox-series-s","14":"desktop-align-center","15":"tablet-align-left","16":"mobile-align-center","18":"first","19":"instock","20":"shipping-taxable","21":"product-type-external"},"uagb_featured_image_src":{"full":["https:\/\/promocaododia.com.br\/site\/wp-content\/uploads\/2022\/11\/Console-Microsoft-Xbox-Series-S-512GB-SSD-Standard-Branco.jpg",600,600,false],"thumbnail":["https:\/\/promocaododia.com.br\/site\/wp-content\/uploads\/2022\/11\/Console-Microsoft-Xbox-Series-S-512GB-SSD-Standard-Branco-150x150.jpg",150,150,true],"medium":["https:\/\/promocaododia.com.br\/site\/wp-content\/uploads\/2022\/11\/Console-Microsoft-Xbox-Series-S-512GB-SSD-Standard-Branco-300x300.jpg",300,300,true],"medium_large":["https:\/\/promocaododia.com.br\/site\/wp-content\/uploads\/2022\/11\/Console-Microsoft-Xbox-Series-S-512GB-SSD-Standard-Branco.jpg",600,600,false],"large":["https:\/\/promocaododia.com.br\/site\/wp-content\/uploads\/2022\/11\/Console-Microsoft-Xbox-Series-S-512GB-SSD-Standard-Branco.jpg",600,600,false],"1536x1536":["https:\/\/promocaododia.com.br\/site\/wp-content\/uploads\/2022\/11\/Console-Microsoft-Xbox-Series-S-512GB-SSD-Standard-Branco.jpg",600,600,false],"2048x2048":["https:\/\/promocaododia.com.br\/site\/wp-content\/uploads\/2022\/11\/Console-Microsoft-Xbox-Series-S-512GB-SSD-Standard-Branco.jpg",600,600,false],"woocommerce_thumbnail":["https:\/\/promocaododia.com.br\/site\/wp-content\/uploads\/2022\/11\/Console-Microsoft-Xbox-Series-S-512GB-SSD-Standard-Branco-250x250.jpg",250,250,true],"woocommerce_single":["https:\/\/promocaododia.com.br\/site\/wp-content\/uploads\/2022\/11\/Console-Microsoft-Xbox-Series-S-512GB-SSD-Standard-Branco-250x250.jpg",250,250,true],"woocommerce_gallery_thumbnail":["https:\/\/promocaododia.com.br\/site\/wp-content\/uploads\/2022\/11\/Console-Microsoft-Xbox-Series-S-512GB-SSD-Standard-Branco-100x100.jpg",100,100,true]},"uagb_author_info":{"display_name":"danilo.gbr","author_link":"https:\/\/promocaododia.com.br\/site\/author\/"},"uagb_comment_info":0,"uagb_excerpt":"IMPORTANTE: &#8211; Produto Original, abrimos a caixa somente para confer\u00eancia e teste do produto antes do envio (open box) &#8211; Envio Imediato &#8211; Nota Fiscal Eletr\u00f4nica &#8211; A embalagem pode conter pequenas avarias. OBS. NO AN\u00daNCIO TEMOS OP\u00c7\u00c3O COM 1 E 2 CONTROLES. O 2 CONTROLE SER\u00c1 ENVIADO NA COR BRANCA CUJO MODELO \u00c9 O&hellip;","_links":{"self":[{"href":"https:\/\/promocaododia.com.br\/site\/wp-json\/wp\/v2\/product\/985","targetHints":{"allow":["GET"]}}],"collection":[{"href":"https:\/\/promocaododia.com.br\/site\/wp-json\/wp\/v2\/product"}],"about":[{"href":"https:\/\/promocaododia.com.br\/site\/wp-json\/wp\/v2\/types\/product"}],"wp:featuredmedia":[{"embeddable":true,"href":"https:\/\/promocaododia.com.br\/site\/wp-json\/wp\/v2\/media\/986"}],"wp:attachment":[{"href":"https:\/\/promocaododia.com.br\/site\/wp-json\/wp\/v2\/media?parent=985"}],"wp:term":[{"taxonomy":"product_brand","embeddable":true,"href":"https:\/\/promocaododia.com.br\/site\/wp-json\/wp\/v2\/product_brand?post=985"},{"taxonomy":"product_cat","embeddable":true,"href":"https:\/\/promocaododia.com.br\/site\/wp-json\/wp\/v2\/product_cat?post=985"},{"taxonomy":"product_tag","embeddable":true,"href":"https:\/\/promocaododia.com.br\/site\/wp-json\/wp\/v2\/product_tag?post=985"}],"curies":[{"name":"wp","href":"https:\/\/api.w.org\/{rel}","templated":true}]}}