{"id":991,"date":"2022-11-07T21:00:55","date_gmt":"2022-11-08T00:00:55","guid":{"rendered":"https:\/\/promocaododia.com.br\/site\/?post_type=product&#038;p=991"},"modified":"2022-11-07T21:00:55","modified_gmt":"2022-11-08T00:00:55","slug":"kit-lixeira-inox-com-pedal-e-tampa-3l-e-12l-2-pecas-brinox-standard","status":"publish","type":"product","link":"https:\/\/promocaododia.com.br\/site\/produto\/kit-lixeira-inox-com-pedal-e-tampa-3l-e-12l-2-pecas-brinox-standard\/","title":{"rendered":"Kit Lixeira Inox com Pedal e Tampa 3L e 12L &#8211; 2 Pe\u00e7as Brinox Standard"},"content":{"rendered":"<p>Dentre um universo que engloba cesto, balde e latas de lixo cada vez mais modernos, uma pequena lixeira ainda \u00e9 uma boa op\u00e7\u00e3o para acondicionar o lixo que produzimos diariamente em casa, assegurando a limpeza dos ambientes. O kit lixeira Standard da Brinox \u00e9 fabricada em a\u00e7o inox dur\u00e1vel, higi\u00eanico e de f\u00e1cil limpeza. O conjunto \u00e9 composto por duas pe\u00e7as, sendo uma de 12L e outra de 3L que podem ser usadas em diferentes espa\u00e7os. Al\u00e9m disso, possui balde remov\u00edvel, pedal, tampa e uma pr\u00e1tica al\u00e7a para facilitar o transporte. O acabamento alto brilho d\u00e1 charme e destaque \u00e0 pe\u00e7a. Uma combina\u00e7\u00e3o perfeita de praticidade e requinte para sua casa ou escrit\u00f3rio!<\/p>\n","protected":false},"excerpt":{"rendered":"<p>Dentre um universo que engloba cesto, balde e latas de lixo cada vez mais modernos, uma pequena lixeira ainda \u00e9 uma boa op\u00e7\u00e3o para acondicionar o lixo que produzimos diariamente em casa, assegurando a limpeza dos ambientes. O kit lixeira Standard da Brinox \u00e9 fabricada em a\u00e7o inox dur\u00e1vel, higi\u00eanico e de f\u00e1cil limpeza. O conjunto \u00e9 composto por duas pe\u00e7as, sendo uma de 12L e outra de 3L que podem ser usadas em diferentes espa\u00e7os. Al\u00e9m disso, possui balde remov\u00edvel, pedal, tampa e uma pr\u00e1tica al\u00e7a para facilitar o transporte. O acabamento alto brilho d\u00e1 charme e destaque \u00e0 pe\u00e7a. Uma combina\u00e7\u00e3o perfeita de praticidade e requinte para sua casa ou escrit\u00f3rio!<\/p>\n","protected":false},"featured_media":992,"template":"","meta":{"_uag_custom_page_level_css":"","site-sidebar-layout":"default","site-content-layout":"default","ast-site-content-layout":"default","site-content-style":"default","site-sidebar-style":"default","ast-global-header-display":"","ast-banner-title-visibility":"","ast-main-header-display":"","ast-hfb-above-header-display":"","ast-hfb-below-header-display":"","ast-hfb-mobile-header-display":"","site-post-title":"","ast-breadcrumbs-content":"","ast-featured-img":"","footer-sml-layout":"","theme-transparent-header-meta":"default","adv-header-id-meta":"","stick-header-meta":"","header-above-stick-meta":"","header-main-stick-meta":"","header-below-stick-meta":"","astra-migrate-meta-layouts":"default","ast-page-background-enabled":"default","ast-page-background-meta":{"desktop":{"background-color":"","background-image":"","background-repeat":"repeat","background-position":"center center","background-size":"auto","background-attachment":"scroll","background-type":"","background-media":"","overlay-type":"","overlay-color":"","overlay-opacity":"","overlay-gradient":""},"tablet":{"background-color":"","background-image":"","background-repeat":"repeat","background-position":"center center","background-size":"auto","background-attachment":"scroll","background-type":"","background-media":"","overlay-type":"","overlay-color":"","overlay-opacity":"","overlay-gradient":""},"mobile":{"background-color":"","background-image":"","background-repeat":"repeat","background-position":"center center","background-size":"auto","background-attachment":"scroll","background-type":"","background-media":"","overlay-type":"","overlay-color":"","overlay-opacity":"","overlay-gradient":""}},"ast-content-background-meta":{"desktop":{"background-color":"var(--ast-global-color-5)","background-image":"","background-repeat":"repeat","background-position":"center center","background-size":"auto","background-attachment":"scroll","background-type":"","background-media":"","overlay-type":"","overlay-color":"","overlay-opacity":"","overlay-gradient":""},"tablet":{"background-color":"var(--ast-global-color-5)","background-image":"","background-repeat":"repeat","background-position":"center center","background-size":"auto","background-attachment":"scroll","background-type":"","background-media":"","overlay-type":"","overlay-color":"","overlay-opacity":"","overlay-gradient":""},"mobile":{"background-color":"var(--ast-global-color-5)","background-image":"","background-repeat":"repeat","background-position":"center center","background-size":"auto","background-attachment":"scroll","background-type":"","background-media":"","overlay-type":"","overlay-color":"","overlay-opacity":"","overlay-gradient":""}}},"product_brand":[],"product_cat":[153],"product_tag":[326,119,469,470],"class_list":{"0":"post-991","1":"product","2":"type-product","3":"status-publish","4":"has-post-thumbnail","6":"product_cat-casa-e-construcao","7":"product_tag-inox","8":"product_tag-kit","9":"product_tag-lixeira","10":"product_tag-lixeira-inox","11":"desktop-align-center","12":"tablet-align-left","13":"mobile-align-center","15":"first","16":"instock","17":"sale","18":"shipping-taxable","19":"product-type-external"},"uagb_featured_image_src":{"full":["https:\/\/promocaododia.com.br\/site\/wp-content\/uploads\/2022\/11\/Kit-Lixeira-Inox-com-Pedal-e-Tampa-3L-e-12L-2-Pecas-Brinox-Standard.jpg",600,600,false],"thumbnail":["https:\/\/promocaododia.com.br\/site\/wp-content\/uploads\/2022\/11\/Kit-Lixeira-Inox-com-Pedal-e-Tampa-3L-e-12L-2-Pecas-Brinox-Standard-150x150.jpg",150,150,true],"medium":["https:\/\/promocaododia.com.br\/site\/wp-content\/uploads\/2022\/11\/Kit-Lixeira-Inox-com-Pedal-e-Tampa-3L-e-12L-2-Pecas-Brinox-Standard-300x300.jpg",300,300,true],"medium_large":["https:\/\/promocaododia.com.br\/site\/wp-content\/uploads\/2022\/11\/Kit-Lixeira-Inox-com-Pedal-e-Tampa-3L-e-12L-2-Pecas-Brinox-Standard.jpg",600,600,false],"large":["https:\/\/promocaododia.com.br\/site\/wp-content\/uploads\/2022\/11\/Kit-Lixeira-Inox-com-Pedal-e-Tampa-3L-e-12L-2-Pecas-Brinox-Standard.jpg",600,600,false],"1536x1536":["https:\/\/promocaododia.com.br\/site\/wp-content\/uploads\/2022\/11\/Kit-Lixeira-Inox-com-Pedal-e-Tampa-3L-e-12L-2-Pecas-Brinox-Standard.jpg",600,600,false],"2048x2048":["https:\/\/promocaododia.com.br\/site\/wp-content\/uploads\/2022\/11\/Kit-Lixeira-Inox-com-Pedal-e-Tampa-3L-e-12L-2-Pecas-Brinox-Standard.jpg",600,600,false],"woocommerce_thumbnail":["https:\/\/promocaododia.com.br\/site\/wp-content\/uploads\/2022\/11\/Kit-Lixeira-Inox-com-Pedal-e-Tampa-3L-e-12L-2-Pecas-Brinox-Standard-250x250.jpg",250,250,true],"woocommerce_single":["https:\/\/promocaododia.com.br\/site\/wp-content\/uploads\/2022\/11\/Kit-Lixeira-Inox-com-Pedal-e-Tampa-3L-e-12L-2-Pecas-Brinox-Standard-250x250.jpg",250,250,true],"woocommerce_gallery_thumbnail":["https:\/\/promocaododia.com.br\/site\/wp-content\/uploads\/2022\/11\/Kit-Lixeira-Inox-com-Pedal-e-Tampa-3L-e-12L-2-Pecas-Brinox-Standard-100x100.jpg",100,100,true]},"uagb_author_info":{"display_name":"danilo.gbr","author_link":"https:\/\/promocaododia.com.br\/site\/author\/"},"uagb_comment_info":0,"uagb_excerpt":"Dentre um universo que engloba cesto, balde e latas de lixo cada vez mais modernos, uma pequena lixeira ainda \u00e9 uma boa op\u00e7\u00e3o para acondicionar o lixo que produzimos diariamente em casa, assegurando a limpeza dos ambientes. O kit lixeira Standard da Brinox \u00e9 fabricada em a\u00e7o inox dur\u00e1vel, higi\u00eanico e de f\u00e1cil limpeza. O&hellip;","_links":{"self":[{"href":"https:\/\/promocaododia.com.br\/site\/wp-json\/wp\/v2\/product\/991","targetHints":{"allow":["GET"]}}],"collection":[{"href":"https:\/\/promocaododia.com.br\/site\/wp-json\/wp\/v2\/product"}],"about":[{"href":"https:\/\/promocaododia.com.br\/site\/wp-json\/wp\/v2\/types\/product"}],"wp:featuredmedia":[{"embeddable":true,"href":"https:\/\/promocaododia.com.br\/site\/wp-json\/wp\/v2\/media\/992"}],"wp:attachment":[{"href":"https:\/\/promocaododia.com.br\/site\/wp-json\/wp\/v2\/media?parent=991"}],"wp:term":[{"taxonomy":"product_brand","embeddable":true,"href":"https:\/\/promocaododia.com.br\/site\/wp-json\/wp\/v2\/product_brand?post=991"},{"taxonomy":"product_cat","embeddable":true,"href":"https:\/\/promocaododia.com.br\/site\/wp-json\/wp\/v2\/product_cat?post=991"},{"taxonomy":"product_tag","embeddable":true,"href":"https:\/\/promocaododia.com.br\/site\/wp-json\/wp\/v2\/product_tag?post=991"}],"curies":[{"name":"wp","href":"https:\/\/api.w.org\/{rel}","templated":true}]}}