{"id":993,"date":"2022-11-07T21:06:00","date_gmt":"2022-11-08T00:06:00","guid":{"rendered":"https:\/\/promocaododia.com.br\/site\/?post_type=product&#038;p=993"},"modified":"2022-11-07T21:06:00","modified_gmt":"2022-11-08T00:06:00","slug":"aparelho-de-jantar-cha-20-pecas-haus-ceramica-redondo-soho-tribal","status":"publish","type":"product","link":"https:\/\/promocaododia.com.br\/site\/produto\/aparelho-de-jantar-cha-20-pecas-haus-ceramica-redondo-soho-tribal\/","title":{"rendered":"Aparelho de Jantar Ch\u00e1 20 Pe\u00e7as Haus Cer\u00e2mica &#8211; Redondo Soho Tribal"},"content":{"rendered":"<p>Na hora de receber e servir nossos convidados com requinte e maestria, contar com os utens\u00edlios adequados para cada ocasi\u00e3o pode fazer toda a diferen\u00e7a. Por isso vale a pena conferir o Aparelho de Jantar Soho Tribal da Haus. Trata-se de um aparelho de jantar, com jogo de ch\u00e1 que certamente deixar\u00e1 todos encantados pela beleza, pois possui uma charmosa cor branca com estampas tribais que valorizam e harmonizam com qualquer ambiente. Em um total de 20 pe\u00e7as, \u00e9 feito de cer\u00e2mica com formato redondo e certamente far\u00e1 parte de grandes momentos e comemora\u00e7\u00f5es.<\/p>\n","protected":false},"excerpt":{"rendered":"<p>Na hora de receber e servir nossos convidados com requinte e maestria, contar com os utens\u00edlios adequados para cada ocasi\u00e3o pode fazer toda a diferen\u00e7a. Por isso vale a pena conferir o Aparelho de Jantar Soho Tribal da Haus. Trata-se de um aparelho de jantar, com jogo de ch\u00e1 que certamente deixar\u00e1 todos encantados pela beleza, pois possui uma charmosa cor branca com estampas tribais que valorizam e harmonizam com qualquer ambiente. Em um total de 20 pe\u00e7as, \u00e9 feito de cer\u00e2mica com formato redondo e certamente far\u00e1 parte de grandes momentos e comemora\u00e7\u00f5es.<\/p>\n","protected":false},"featured_media":994,"template":"","meta":{"_uag_custom_page_level_css":"","site-sidebar-layout":"default","site-content-layout":"default","ast-site-content-layout":"default","site-content-style":"default","site-sidebar-style":"default","ast-global-header-display":"","ast-banner-title-visibility":"","ast-main-header-display":"","ast-hfb-above-header-display":"","ast-hfb-below-header-display":"","ast-hfb-mobile-header-display":"","site-post-title":"","ast-breadcrumbs-content":"","ast-featured-img":"","footer-sml-layout":"","theme-transparent-header-meta":"default","adv-header-id-meta":"","stick-header-meta":"","header-above-stick-meta":"","header-main-stick-meta":"","header-below-stick-meta":"","astra-migrate-meta-layouts":"default","ast-page-background-enabled":"default","ast-page-background-meta":{"desktop":{"background-color":"","background-image":"","background-repeat":"repeat","background-position":"center center","background-size":"auto","background-attachment":"scroll","background-type":"","background-media":"","overlay-type":"","overlay-color":"","overlay-opacity":"","overlay-gradient":""},"tablet":{"background-color":"","background-image":"","background-repeat":"repeat","background-position":"center center","background-size":"auto","background-attachment":"scroll","background-type":"","background-media":"","overlay-type":"","overlay-color":"","overlay-opacity":"","overlay-gradient":""},"mobile":{"background-color":"","background-image":"","background-repeat":"repeat","background-position":"center center","background-size":"auto","background-attachment":"scroll","background-type":"","background-media":"","overlay-type":"","overlay-color":"","overlay-opacity":"","overlay-gradient":""}},"ast-content-background-meta":{"desktop":{"background-color":"var(--ast-global-color-5)","background-image":"","background-repeat":"repeat","background-position":"center center","background-size":"auto","background-attachment":"scroll","background-type":"","background-media":"","overlay-type":"","overlay-color":"","overlay-opacity":"","overlay-gradient":""},"tablet":{"background-color":"var(--ast-global-color-5)","background-image":"","background-repeat":"repeat","background-position":"center center","background-size":"auto","background-attachment":"scroll","background-type":"","background-media":"","overlay-type":"","overlay-color":"","overlay-opacity":"","overlay-gradient":""},"mobile":{"background-color":"var(--ast-global-color-5)","background-image":"","background-repeat":"repeat","background-position":"center center","background-size":"auto","background-attachment":"scroll","background-type":"","background-media":"","overlay-type":"","overlay-color":"","overlay-opacity":"","overlay-gradient":""}}},"product_brand":[],"product_cat":[399,18],"product_tag":[471,402,119],"class_list":{"0":"post-993","1":"product","2":"type-product","3":"status-publish","4":"has-post-thumbnail","6":"product_cat-loucas","7":"product_cat-utensilios-para-cozinhar","8":"product_tag-aparelho-de-jantar","9":"product_tag-ceramica","10":"product_tag-kit","11":"desktop-align-center","12":"tablet-align-left","13":"mobile-align-center","15":"first","16":"instock","17":"sale","18":"shipping-taxable","19":"product-type-external"},"uagb_featured_image_src":{"full":["https:\/\/promocaododia.com.br\/site\/wp-content\/uploads\/2022\/11\/Aparelho-de-Jantar-Cha-20-Pecas-Haus-Ceramica-Redondo-Soho-Tribal.jpg",600,600,false],"thumbnail":["https:\/\/promocaododia.com.br\/site\/wp-content\/uploads\/2022\/11\/Aparelho-de-Jantar-Cha-20-Pecas-Haus-Ceramica-Redondo-Soho-Tribal-150x150.jpg",150,150,true],"medium":["https:\/\/promocaododia.com.br\/site\/wp-content\/uploads\/2022\/11\/Aparelho-de-Jantar-Cha-20-Pecas-Haus-Ceramica-Redondo-Soho-Tribal-300x300.jpg",300,300,true],"medium_large":["https:\/\/promocaododia.com.br\/site\/wp-content\/uploads\/2022\/11\/Aparelho-de-Jantar-Cha-20-Pecas-Haus-Ceramica-Redondo-Soho-Tribal.jpg",600,600,false],"large":["https:\/\/promocaododia.com.br\/site\/wp-content\/uploads\/2022\/11\/Aparelho-de-Jantar-Cha-20-Pecas-Haus-Ceramica-Redondo-Soho-Tribal.jpg",600,600,false],"1536x1536":["https:\/\/promocaododia.com.br\/site\/wp-content\/uploads\/2022\/11\/Aparelho-de-Jantar-Cha-20-Pecas-Haus-Ceramica-Redondo-Soho-Tribal.jpg",600,600,false],"2048x2048":["https:\/\/promocaododia.com.br\/site\/wp-content\/uploads\/2022\/11\/Aparelho-de-Jantar-Cha-20-Pecas-Haus-Ceramica-Redondo-Soho-Tribal.jpg",600,600,false],"woocommerce_thumbnail":["https:\/\/promocaododia.com.br\/site\/wp-content\/uploads\/2022\/11\/Aparelho-de-Jantar-Cha-20-Pecas-Haus-Ceramica-Redondo-Soho-Tribal-250x250.jpg",250,250,true],"woocommerce_single":["https:\/\/promocaododia.com.br\/site\/wp-content\/uploads\/2022\/11\/Aparelho-de-Jantar-Cha-20-Pecas-Haus-Ceramica-Redondo-Soho-Tribal-250x250.jpg",250,250,true],"woocommerce_gallery_thumbnail":["https:\/\/promocaododia.com.br\/site\/wp-content\/uploads\/2022\/11\/Aparelho-de-Jantar-Cha-20-Pecas-Haus-Ceramica-Redondo-Soho-Tribal-100x100.jpg",100,100,true]},"uagb_author_info":{"display_name":"danilo.gbr","author_link":"https:\/\/promocaododia.com.br\/site\/author\/"},"uagb_comment_info":0,"uagb_excerpt":"Na hora de receber e servir nossos convidados com requinte e maestria, contar com os utens\u00edlios adequados para cada ocasi\u00e3o pode fazer toda a diferen\u00e7a. Por isso vale a pena conferir o Aparelho de Jantar Soho Tribal da Haus. Trata-se de um aparelho de jantar, com jogo de ch\u00e1 que certamente deixar\u00e1 todos encantados pela&hellip;","_links":{"self":[{"href":"https:\/\/promocaododia.com.br\/site\/wp-json\/wp\/v2\/product\/993","targetHints":{"allow":["GET"]}}],"collection":[{"href":"https:\/\/promocaododia.com.br\/site\/wp-json\/wp\/v2\/product"}],"about":[{"href":"https:\/\/promocaododia.com.br\/site\/wp-json\/wp\/v2\/types\/product"}],"wp:featuredmedia":[{"embeddable":true,"href":"https:\/\/promocaododia.com.br\/site\/wp-json\/wp\/v2\/media\/994"}],"wp:attachment":[{"href":"https:\/\/promocaododia.com.br\/site\/wp-json\/wp\/v2\/media?parent=993"}],"wp:term":[{"taxonomy":"product_brand","embeddable":true,"href":"https:\/\/promocaododia.com.br\/site\/wp-json\/wp\/v2\/product_brand?post=993"},{"taxonomy":"product_cat","embeddable":true,"href":"https:\/\/promocaododia.com.br\/site\/wp-json\/wp\/v2\/product_cat?post=993"},{"taxonomy":"product_tag","embeddable":true,"href":"https:\/\/promocaododia.com.br\/site\/wp-json\/wp\/v2\/product_tag?post=993"}],"curies":[{"name":"wp","href":"https:\/\/api.w.org\/{rel}","templated":true}]}}