{"id":995,"date":"2022-11-07T21:12:50","date_gmt":"2022-11-08T00:12:50","guid":{"rendered":"https:\/\/promocaododia.com.br\/site\/?post_type=product&#038;p=995"},"modified":"2022-11-07T21:13:49","modified_gmt":"2022-11-08T00:13:49","slug":"smart-tv-50-4k-dled-vizzion-le50uhd20-ips-wi-fi-3-hdmi-2-usb-2","status":"publish","type":"product","link":"https:\/\/promocaododia.com.br\/site\/produto\/smart-tv-50-4k-dled-vizzion-le50uhd20-ips-wi-fi-3-hdmi-2-usb-2\/","title":{"rendered":"Smart TV 50\u201d 4K DLED Vizzion LE50UHD20 &#8211; IPS Wi-Fi 3 HDMI 2 USB"},"content":{"rendered":"<p>Para voc\u00ea que quer compor a decora\u00e7\u00e3o da sua sala, precisa ter uma TV que seja o centro das aten\u00e7\u00f5es e que al\u00e9m do design, ofere\u00e7a fun\u00e7\u00f5es onde os momentos reunidos com a fam\u00edlia e amigos, sejam marcantes assistindo a filmes, s\u00e9ries e desenhos etc. Voc\u00ea precisa conhecer a Smart TV Vizzion LE50UHD20 de 50&#8243;. Ela tem resolu\u00e7\u00e3o 4K, tecnologia DLED com uma imagem mais n\u00edtida e aplicativos j\u00e1 pr\u00e9-instalados como Netflix 5.3. Ainda, conta com painel IPS, sistema operacional Linux e processador Cortex-A53 Quad core de 1.1GHz. E quer mais? Ainda possui conectividade via Wi-Fi e conex\u00f5es como 3 entradas HDMI, 2 entradas USB, AV IN, Cabo \u00d3ptico e RJ-45 que \u00e9 a conex\u00e3o para cabos de internet.<\/p>\n","protected":false},"excerpt":{"rendered":"<p>Para voc\u00ea que quer compor a decora\u00e7\u00e3o da sua sala, precisa ter uma TV que seja o centro das aten\u00e7\u00f5es e que al\u00e9m do design, ofere\u00e7a fun\u00e7\u00f5es onde os momentos reunidos com a fam\u00edlia e amigos, sejam marcantes assistindo a filmes, s\u00e9ries e desenhos etc. Voc\u00ea precisa conhecer a Smart TV Vizzion LE50UHD20 de 50&#8243;. Ela tem resolu\u00e7\u00e3o 4K, tecnologia DLED com uma imagem mais n\u00edtida e aplicativos j\u00e1 pr\u00e9-instalados como Netflix 5.3. Ainda, conta com painel IPS, sistema operacional Linux e processador Cortex-A53 Quad core de 1.1GHz. E quer mais? Ainda possui conectividade via Wi-Fi e conex\u00f5es como 3 entradas HDMI, 2 entradas USB, AV IN, Cabo \u00d3ptico e RJ-45 que \u00e9 a conex\u00e3o para cabos de internet.<\/p>\n","protected":false},"featured_media":997,"template":"","meta":{"_uag_custom_page_level_css":"","site-sidebar-layout":"default","site-content-layout":"default","ast-site-content-layout":"default","site-content-style":"default","site-sidebar-style":"default","ast-global-header-display":"","ast-banner-title-visibility":"","ast-main-header-display":"","ast-hfb-above-header-display":"","ast-hfb-below-header-display":"","ast-hfb-mobile-header-display":"","site-post-title":"","ast-breadcrumbs-content":"","ast-featured-img":"","footer-sml-layout":"","theme-transparent-header-meta":"default","adv-header-id-meta":"","stick-header-meta":"","header-above-stick-meta":"","header-main-stick-meta":"","header-below-stick-meta":"","astra-migrate-meta-layouts":"default","ast-page-background-enabled":"default","ast-page-background-meta":{"desktop":{"background-color":"","background-image":"","background-repeat":"repeat","background-position":"center center","background-size":"auto","background-attachment":"scroll","background-type":"","background-media":"","overlay-type":"","overlay-color":"","overlay-opacity":"","overlay-gradient":""},"tablet":{"background-color":"","background-image":"","background-repeat":"repeat","background-position":"center center","background-size":"auto","background-attachment":"scroll","background-type":"","background-media":"","overlay-type":"","overlay-color":"","overlay-opacity":"","overlay-gradient":""},"mobile":{"background-color":"","background-image":"","background-repeat":"repeat","background-position":"center center","background-size":"auto","background-attachment":"scroll","background-type":"","background-media":"","overlay-type":"","overlay-color":"","overlay-opacity":"","overlay-gradient":""}},"ast-content-background-meta":{"desktop":{"background-color":"var(--ast-global-color-5)","background-image":"","background-repeat":"repeat","background-position":"center center","background-size":"auto","background-attachment":"scroll","background-type":"","background-media":"","overlay-type":"","overlay-color":"","overlay-opacity":"","overlay-gradient":""},"tablet":{"background-color":"var(--ast-global-color-5)","background-image":"","background-repeat":"repeat","background-position":"center center","background-size":"auto","background-attachment":"scroll","background-type":"","background-media":"","overlay-type":"","overlay-color":"","overlay-opacity":"","overlay-gradient":""},"mobile":{"background-color":"var(--ast-global-color-5)","background-image":"","background-repeat":"repeat","background-position":"center center","background-size":"auto","background-attachment":"scroll","background-type":"","background-media":"","overlay-type":"","overlay-color":"","overlay-opacity":"","overlay-gradient":""}}},"product_brand":[],"product_cat":[38,25,76],"product_tag":[129,125,204,130,128],"class_list":{"0":"post-995","1":"product","2":"type-product","3":"status-publish","4":"has-post-thumbnail","6":"product_cat-eletronicos","7":"product_cat-smart-tv","8":"product_cat-tv-e-video","9":"product_tag-4k","10":"product_tag-smart-tv","11":"product_tag-smart-tv-50-polegadas","12":"product_tag-tv-50","13":"product_tag-uhd","14":"desktop-align-center","15":"tablet-align-left","16":"mobile-align-center","18":"first","19":"instock","20":"sale","21":"shipping-taxable","22":"product-type-external"},"uagb_featured_image_src":{"full":["https:\/\/promocaododia.com.br\/site\/wp-content\/uploads\/2022\/11\/Smart-TV-50-4K-DLED-Vizzion-LE50UHD20-IPS-Wi-Fi-3-HDMI-2-USB-1.jpg",600,600,false],"thumbnail":["https:\/\/promocaododia.com.br\/site\/wp-content\/uploads\/2022\/11\/Smart-TV-50-4K-DLED-Vizzion-LE50UHD20-IPS-Wi-Fi-3-HDMI-2-USB-1-150x150.jpg",150,150,true],"medium":["https:\/\/promocaododia.com.br\/site\/wp-content\/uploads\/2022\/11\/Smart-TV-50-4K-DLED-Vizzion-LE50UHD20-IPS-Wi-Fi-3-HDMI-2-USB-1-300x300.jpg",300,300,true],"medium_large":["https:\/\/promocaododia.com.br\/site\/wp-content\/uploads\/2022\/11\/Smart-TV-50-4K-DLED-Vizzion-LE50UHD20-IPS-Wi-Fi-3-HDMI-2-USB-1.jpg",600,600,false],"large":["https:\/\/promocaododia.com.br\/site\/wp-content\/uploads\/2022\/11\/Smart-TV-50-4K-DLED-Vizzion-LE50UHD20-IPS-Wi-Fi-3-HDMI-2-USB-1.jpg",600,600,false],"1536x1536":["https:\/\/promocaododia.com.br\/site\/wp-content\/uploads\/2022\/11\/Smart-TV-50-4K-DLED-Vizzion-LE50UHD20-IPS-Wi-Fi-3-HDMI-2-USB-1.jpg",600,600,false],"2048x2048":["https:\/\/promocaododia.com.br\/site\/wp-content\/uploads\/2022\/11\/Smart-TV-50-4K-DLED-Vizzion-LE50UHD20-IPS-Wi-Fi-3-HDMI-2-USB-1.jpg",600,600,false],"woocommerce_thumbnail":["https:\/\/promocaododia.com.br\/site\/wp-content\/uploads\/2022\/11\/Smart-TV-50-4K-DLED-Vizzion-LE50UHD20-IPS-Wi-Fi-3-HDMI-2-USB-1-250x250.jpg",250,250,true],"woocommerce_single":["https:\/\/promocaododia.com.br\/site\/wp-content\/uploads\/2022\/11\/Smart-TV-50-4K-DLED-Vizzion-LE50UHD20-IPS-Wi-Fi-3-HDMI-2-USB-1-250x250.jpg",250,250,true],"woocommerce_gallery_thumbnail":["https:\/\/promocaododia.com.br\/site\/wp-content\/uploads\/2022\/11\/Smart-TV-50-4K-DLED-Vizzion-LE50UHD20-IPS-Wi-Fi-3-HDMI-2-USB-1-100x100.jpg",100,100,true]},"uagb_author_info":{"display_name":"danilo.gbr","author_link":"https:\/\/promocaododia.com.br\/site\/author\/"},"uagb_comment_info":0,"uagb_excerpt":"Para voc\u00ea que quer compor a decora\u00e7\u00e3o da sua sala, precisa ter uma TV que seja o centro das aten\u00e7\u00f5es e que al\u00e9m do design, ofere\u00e7a fun\u00e7\u00f5es onde os momentos reunidos com a fam\u00edlia e amigos, sejam marcantes assistindo a filmes, s\u00e9ries e desenhos etc. Voc\u00ea precisa conhecer a Smart TV Vizzion LE50UHD20 de 50&#8243;.&hellip;","_links":{"self":[{"href":"https:\/\/promocaododia.com.br\/site\/wp-json\/wp\/v2\/product\/995","targetHints":{"allow":["GET"]}}],"collection":[{"href":"https:\/\/promocaododia.com.br\/site\/wp-json\/wp\/v2\/product"}],"about":[{"href":"https:\/\/promocaododia.com.br\/site\/wp-json\/wp\/v2\/types\/product"}],"wp:featuredmedia":[{"embeddable":true,"href":"https:\/\/promocaododia.com.br\/site\/wp-json\/wp\/v2\/media\/997"}],"wp:attachment":[{"href":"https:\/\/promocaododia.com.br\/site\/wp-json\/wp\/v2\/media?parent=995"}],"wp:term":[{"taxonomy":"product_brand","embeddable":true,"href":"https:\/\/promocaododia.com.br\/site\/wp-json\/wp\/v2\/product_brand?post=995"},{"taxonomy":"product_cat","embeddable":true,"href":"https:\/\/promocaododia.com.br\/site\/wp-json\/wp\/v2\/product_cat?post=995"},{"taxonomy":"product_tag","embeddable":true,"href":"https:\/\/promocaododia.com.br\/site\/wp-json\/wp\/v2\/product_tag?post=995"}],"curies":[{"name":"wp","href":"https:\/\/api.w.org\/{rel}","templated":true}]}}